{"id":5297,"date":"2025-04-29T12:46:24","date_gmt":"2025-04-29T10:46:24","guid":{"rendered":"https:\/\/plastika-mares.hr\/proizvod\/nosiljka\/"},"modified":"2025-12-15T17:57:51","modified_gmt":"2025-12-15T16:57:51","slug":"nosiljka","status":"publish","type":"product","link":"https:\/\/plastika-mares.hr\/sl\/izdelek\/nosiljka\/","title":{"rendered":"Nosiljka"},"content":{"rendered":"","protected":false},"excerpt":{"rendered":"<p>Nosiljka izra\u0111ena od kvalitetne, dugotrajne i otporne PE-HD plastike idealan je izbor za transport, skladi\u0161tenje i manipulaciju u pogonima za proizvodnju i preradu hrane te u raznim poljoprivrednim djelatnostima. Ergonomski dizajn osigurava jednostavno rukovanje. Podnose niske temperature do -40\u00b0C i mogu se koristiti u mesno-prera\u0111iva\u010dkoj industriji. <\/p>\n<div class=\"divTable whiteTable\">\n<div class=\"divTableBody\">\n<div class=\"divTableRow\">\n<div class=\"divTableCell\"><\/div>\n<div class=\"divTableCell\"><strong>Du\u017eina<\/strong><\/div>\n<div class=\"divTableCell\"><strong>\u0160irina<\/strong><\/div>\n<div class=\"divTableCell\"><strong>Visina<\/strong><\/div>\n<\/div>\n<div class=\"divTableRow\">\n<div class=\"divTableCell\"><strong>Nosiljka<\/strong><\/div>\n<div class=\"divTableCell\">60 cm<\/div>\n<div class=\"divTableCell\">40 cm<\/div>\n<div class=\"divTableCell\">20 cm<\/div>\n<\/div>\n<\/div>\n<\/div>\n","protected":false},"featured_media":5085,"template":"","meta":{"_acf_changed":false},"product_brand":[],"product_cat":[215],"product_tag":[],"class_list":{"0":"post-5297","1":"product","2":"type-product","3":"status-publish","4":"has-post-thumbnail","6":"product_cat-program-za-gospodinjstvo","8":"first","9":"instock","10":"shipping-taxable","11":"purchasable","12":"product-type-variable","13":"wvs-archive-product-wrapper"},"acf":[],"yoast_head":"<!-- This site is optimized with the Yoast SEO Premium plugin v22.5 (Yoast SEO v22.5) - https:\/\/yoast.com\/wordpress\/plugins\/seo\/ -->\n<title>Nosiljka - Alatnica i Plastika Mare\u0161<\/title>\n<meta name=\"robots\" content=\"index, follow, max-snippet:-1, max-image-preview:large, max-video-preview:-1\" \/>\n<link rel=\"canonical\" href=\"https:\/\/plastika-mares.hr\/sl\/izdelek\/nosiljka\/\" \/>\n<meta property=\"og:locale\" content=\"sl_SI\" \/>\n<meta property=\"og:type\" content=\"article\" \/>\n<meta property=\"og:title\" content=\"Nosiljka\" \/>\n<meta property=\"og:description\" content=\"Nosiljka izra\u0111ena od kvalitetne, dugotrajne i otporne PE-HD plastike idealan je izbor za transport, skladi\u0161tenje i manipulaciju u pogonima za proizvodnju i preradu hrane te u raznim poljoprivrednim djelatnostima. Ergonomski dizajn osigurava jednostavno rukovanje. Podnose niske temperature do -40\u00b0C i mogu se koristiti u mesno-prera\u0111iva\u010dkoj industriji.      Du\u017eina \u0160irina Visina   Nosiljka 60 cm 40 cm 20 cm\" \/>\n<meta property=\"og:url\" content=\"https:\/\/plastika-mares.hr\/sl\/izdelek\/nosiljka\/\" \/>\n<meta property=\"og:site_name\" content=\"Alatnica i Plastika Mare\u0161\" \/>\n<meta property=\"article:modified_time\" content=\"2025-12-15T16:57:51+00:00\" \/>\n<meta property=\"og:image\" content=\"https:\/\/plastika-mares.hr\/wp-content\/uploads\/2025\/06\/Plastika_Mares_Nosiljka.png\" \/>\n\t<meta property=\"og:image:width\" content=\"1200\" \/>\n\t<meta property=\"og:image:height\" content=\"1200\" \/>\n\t<meta property=\"og:image:type\" content=\"image\/png\" \/>\n<meta name=\"twitter:card\" content=\"summary_large_image\" \/>\n<meta name=\"twitter:label1\" content=\"Est. reading time\" \/>\n\t<meta name=\"twitter:data1\" content=\"1 minuta\" \/>\n<script type=\"application\/ld+json\" class=\"yoast-schema-graph\">{\"@context\":\"https:\/\/schema.org\",\"@graph\":[{\"@type\":\"WebPage\",\"@id\":\"https:\/\/plastika-mares.hr\/sl\/izdelek\/nosiljka\/\",\"url\":\"https:\/\/plastika-mares.hr\/sl\/izdelek\/nosiljka\/\",\"name\":\"Nosiljka - Alatnica i Plastika Mare\u0161\",\"isPartOf\":{\"@id\":\"https:\/\/plastika-mares.hr\/#website\"},\"primaryImageOfPage\":{\"@id\":\"https:\/\/plastika-mares.hr\/sl\/izdelek\/nosiljka\/#primaryimage\"},\"image\":{\"@id\":\"https:\/\/plastika-mares.hr\/sl\/izdelek\/nosiljka\/#primaryimage\"},\"thumbnailUrl\":\"https:\/\/plastika-mares.hr\/wp-content\/uploads\/2025\/06\/Plastika_Mares_Nosiljka.png\",\"datePublished\":\"2025-04-29T10:46:24+00:00\",\"dateModified\":\"2025-12-15T16:57:51+00:00\",\"breadcrumb\":{\"@id\":\"https:\/\/plastika-mares.hr\/sl\/izdelek\/nosiljka\/#breadcrumb\"},\"inLanguage\":\"sl-SI\",\"potentialAction\":[{\"@type\":\"ReadAction\",\"target\":[\"https:\/\/plastika-mares.hr\/sl\/izdelek\/nosiljka\/\"]}]},{\"@type\":\"ImageObject\",\"inLanguage\":\"sl-SI\",\"@id\":\"https:\/\/plastika-mares.hr\/sl\/izdelek\/nosiljka\/#primaryimage\",\"url\":\"https:\/\/plastika-mares.hr\/wp-content\/uploads\/2025\/06\/Plastika_Mares_Nosiljka.png\",\"contentUrl\":\"https:\/\/plastika-mares.hr\/wp-content\/uploads\/2025\/06\/Plastika_Mares_Nosiljka.png\",\"width\":1200,\"height\":1200},{\"@type\":\"BreadcrumbList\",\"@id\":\"https:\/\/plastika-mares.hr\/sl\/izdelek\/nosiljka\/#breadcrumb\",\"itemListElement\":[{\"@type\":\"ListItem\",\"position\":1,\"name\":\"Po\u010detna stranica\",\"item\":\"https:\/\/plastika-mares.hr\/sl\/\"},{\"@type\":\"ListItem\",\"position\":2,\"name\":\"Veleprodaja\",\"item\":\"https:\/\/plastika-mares.hr\/sl\/veleprodaja\/\"},{\"@type\":\"ListItem\",\"position\":3,\"name\":\"Program za ku\u0107anstvo\",\"item\":\"https:\/\/plastika-mares.hr\/kategorija-proizvoda\/program-za-kucanstvo\/\"},{\"@type\":\"ListItem\",\"position\":4,\"name\":\"Nosiljka\"}]},{\"@type\":\"WebSite\",\"@id\":\"https:\/\/plastika-mares.hr\/#website\",\"url\":\"https:\/\/plastika-mares.hr\/\",\"name\":\"Alatnica i Plastika Mare\u0161\",\"description\":\"Proizvodnja i Veleprodaja plastike\",\"publisher\":{\"@id\":\"https:\/\/plastika-mares.hr\/#organization\"},\"potentialAction\":[{\"@type\":\"SearchAction\",\"target\":{\"@type\":\"EntryPoint\",\"urlTemplate\":\"https:\/\/plastika-mares.hr\/?s={search_term_string}\"},\"query-input\":\"required name=search_term_string\"}],\"inLanguage\":\"sl-SI\"},{\"@type\":\"Organization\",\"@id\":\"https:\/\/plastika-mares.hr\/#organization\",\"name\":\"Alatnica i Plastika Mare\u0161\",\"url\":\"https:\/\/plastika-mares.hr\/\",\"logo\":{\"@type\":\"ImageObject\",\"inLanguage\":\"sl-SI\",\"@id\":\"https:\/\/plastika-mares.hr\/#\/schema\/logo\/image\/\",\"url\":\"https:\/\/plastika-mares.hr\/wp-content\/uploads\/2023\/02\/logo.svg\",\"contentUrl\":\"https:\/\/plastika-mares.hr\/wp-content\/uploads\/2023\/02\/logo.svg\",\"caption\":\"Alatnica i Plastika Mare\u0161\"},\"image\":{\"@id\":\"https:\/\/plastika-mares.hr\/#\/schema\/logo\/image\/\"}}]}<\/script>\n<!-- \/ Yoast SEO Premium plugin. -->","yoast_head_json":{"title":"Nosiljka - Alatnica i Plastika Mare\u0161","robots":{"index":"index","follow":"follow","max-snippet":"max-snippet:-1","max-image-preview":"max-image-preview:large","max-video-preview":"max-video-preview:-1"},"canonical":"https:\/\/plastika-mares.hr\/sl\/izdelek\/nosiljka\/","og_locale":"sl_SI","og_type":"article","og_title":"Nosiljka","og_description":"Nosiljka izra\u0111ena od kvalitetne, dugotrajne i otporne PE-HD plastike idealan je izbor za transport, skladi\u0161tenje i manipulaciju u pogonima za proizvodnju i preradu hrane te u raznim poljoprivrednim djelatnostima. Ergonomski dizajn osigurava jednostavno rukovanje. Podnose niske temperature do -40\u00b0C i mogu se koristiti u mesno-prera\u0111iva\u010dkoj industriji.      Du\u017eina \u0160irina Visina   Nosiljka 60 cm 40 cm 20 cm","og_url":"https:\/\/plastika-mares.hr\/sl\/izdelek\/nosiljka\/","og_site_name":"Alatnica i Plastika Mare\u0161","article_modified_time":"2025-12-15T16:57:51+00:00","og_image":[{"width":1200,"height":1200,"url":"https:\/\/plastika-mares.hr\/wp-content\/uploads\/2025\/06\/Plastika_Mares_Nosiljka.png","type":"image\/png"}],"twitter_card":"summary_large_image","twitter_misc":{"Est. reading time":"1 minuta"},"schema":{"@context":"https:\/\/schema.org","@graph":[{"@type":"WebPage","@id":"https:\/\/plastika-mares.hr\/sl\/izdelek\/nosiljka\/","url":"https:\/\/plastika-mares.hr\/sl\/izdelek\/nosiljka\/","name":"Nosiljka - Alatnica i Plastika Mare\u0161","isPartOf":{"@id":"https:\/\/plastika-mares.hr\/#website"},"primaryImageOfPage":{"@id":"https:\/\/plastika-mares.hr\/sl\/izdelek\/nosiljka\/#primaryimage"},"image":{"@id":"https:\/\/plastika-mares.hr\/sl\/izdelek\/nosiljka\/#primaryimage"},"thumbnailUrl":"https:\/\/plastika-mares.hr\/wp-content\/uploads\/2025\/06\/Plastika_Mares_Nosiljka.png","datePublished":"2025-04-29T10:46:24+00:00","dateModified":"2025-12-15T16:57:51+00:00","breadcrumb":{"@id":"https:\/\/plastika-mares.hr\/sl\/izdelek\/nosiljka\/#breadcrumb"},"inLanguage":"sl-SI","potentialAction":[{"@type":"ReadAction","target":["https:\/\/plastika-mares.hr\/sl\/izdelek\/nosiljka\/"]}]},{"@type":"ImageObject","inLanguage":"sl-SI","@id":"https:\/\/plastika-mares.hr\/sl\/izdelek\/nosiljka\/#primaryimage","url":"https:\/\/plastika-mares.hr\/wp-content\/uploads\/2025\/06\/Plastika_Mares_Nosiljka.png","contentUrl":"https:\/\/plastika-mares.hr\/wp-content\/uploads\/2025\/06\/Plastika_Mares_Nosiljka.png","width":1200,"height":1200},{"@type":"BreadcrumbList","@id":"https:\/\/plastika-mares.hr\/sl\/izdelek\/nosiljka\/#breadcrumb","itemListElement":[{"@type":"ListItem","position":1,"name":"Po\u010detna stranica","item":"https:\/\/plastika-mares.hr\/sl\/"},{"@type":"ListItem","position":2,"name":"Veleprodaja","item":"https:\/\/plastika-mares.hr\/sl\/veleprodaja\/"},{"@type":"ListItem","position":3,"name":"Program za ku\u0107anstvo","item":"https:\/\/plastika-mares.hr\/kategorija-proizvoda\/program-za-kucanstvo\/"},{"@type":"ListItem","position":4,"name":"Nosiljka"}]},{"@type":"WebSite","@id":"https:\/\/plastika-mares.hr\/#website","url":"https:\/\/plastika-mares.hr\/","name":"Alatnica i Plastika Mare\u0161","description":"Proizvodnja i Veleprodaja plastike","publisher":{"@id":"https:\/\/plastika-mares.hr\/#organization"},"potentialAction":[{"@type":"SearchAction","target":{"@type":"EntryPoint","urlTemplate":"https:\/\/plastika-mares.hr\/?s={search_term_string}"},"query-input":"required name=search_term_string"}],"inLanguage":"sl-SI"},{"@type":"Organization","@id":"https:\/\/plastika-mares.hr\/#organization","name":"Alatnica i Plastika Mare\u0161","url":"https:\/\/plastika-mares.hr\/","logo":{"@type":"ImageObject","inLanguage":"sl-SI","@id":"https:\/\/plastika-mares.hr\/#\/schema\/logo\/image\/","url":"https:\/\/plastika-mares.hr\/wp-content\/uploads\/2023\/02\/logo.svg","contentUrl":"https:\/\/plastika-mares.hr\/wp-content\/uploads\/2023\/02\/logo.svg","caption":"Alatnica i Plastika Mare\u0161"},"image":{"@id":"https:\/\/plastika-mares.hr\/#\/schema\/logo\/image\/"}}]}},"_links":{"self":[{"href":"https:\/\/plastika-mares.hr\/sl\/wp-json\/wp\/v2\/product\/5297","targetHints":{"allow":["GET"]}}],"collection":[{"href":"https:\/\/plastika-mares.hr\/sl\/wp-json\/wp\/v2\/product"}],"about":[{"href":"https:\/\/plastika-mares.hr\/sl\/wp-json\/wp\/v2\/types\/product"}],"wp:featuredmedia":[{"embeddable":true,"href":"https:\/\/plastika-mares.hr\/sl\/wp-json\/wp\/v2\/media\/5085"}],"wp:attachment":[{"href":"https:\/\/plastika-mares.hr\/sl\/wp-json\/wp\/v2\/media?parent=5297"}],"wp:term":[{"taxonomy":"product_brand","embeddable":true,"href":"https:\/\/plastika-mares.hr\/sl\/wp-json\/wp\/v2\/product_brand?post=5297"},{"taxonomy":"product_cat","embeddable":true,"href":"https:\/\/plastika-mares.hr\/sl\/wp-json\/wp\/v2\/product_cat?post=5297"},{"taxonomy":"product_tag","embeddable":true,"href":"https:\/\/plastika-mares.hr\/sl\/wp-json\/wp\/v2\/product_tag?post=5297"}],"curies":[{"name":"wp","href":"https:\/\/api.w.org\/{rel}","templated":true}]}}