{"id":4897,"date":"2025-01-07T14:48:25","date_gmt":"2025-01-07T13:48:25","guid":{"rendered":"https:\/\/plastika-mares.hr\/?post_type=product&#038;p=4897"},"modified":"2025-12-15T18:37:32","modified_gmt":"2025-12-15T17:37:32","slug":"viseca-tegla-twister-s-vjesalicom","status":"publish","type":"product","link":"https:\/\/plastika-mares.hr\/sl\/izdelek\/viseca-tegla-twister-s-vjesalicom\/","title":{"rendered":"Vise\u0107e tegle TWISTER s vje\u0161alicom"},"content":{"rendered":"","protected":false},"excerpt":{"rendered":"<p>Vise\u0107e tegle Twister s podlo\u0161kom izra\u0111ene su u modernim bojama i odli\u010dno se dizajnom upotpunjuju s \u017eardinjerama za balkon Lucija i teglama Antea. Dostupne su u dvije veli\u010dine promjera od 24 i 26 cm.<\/p>\n<div class=\"divTable whiteTable\">\n<div class=\"divTableBody\">\n<div class=\"divTableRow\">\n<div class=\"divTableCell\"><strong>Naziv<\/strong><\/div>\n<div class=\"divTableCell\"><strong>Promjer<\/strong><\/div>\n<div class=\"divTableCell\"><strong>Visina<\/strong><\/div>\n<\/div>\n<div class=\"divTableRow\">\n<div class=\"divTableCell\"><strong>Vise\u0107a tegla TWISTER<\/strong><\/div>\n<div class=\"divTableCell\">24 cm<\/div>\n<div class=\"divTableCell\">15.7 cm<\/div>\n<\/div>\n<div class=\"divTableRow\">\n<div class=\"divTableCell\"><strong>Vise\u0107a tegla TWISTER<\/strong><\/div>\n<div class=\"divTableCell\">26 cm<\/div>\n<div class=\"divTableCell\">17.7 cm<\/div>\n<\/div>\n<\/div>\n<\/div>\n","protected":false},"featured_media":4977,"template":"","meta":{"_acf_changed":false},"product_brand":[],"product_cat":[16,280],"product_tag":[],"class_list":{"0":"post-4897","1":"product","2":"type-product","3":"status-publish","4":"has-post-thumbnail","6":"product_cat-cvjetni-program","7":"product_cat-visece-tegle-twister","9":"first","10":"instock","11":"shipping-taxable","12":"purchasable","13":"product-type-variable","14":"wvs-archive-product-wrapper"},"acf":[],"yoast_head":"<!-- This site is optimized with the Yoast SEO Premium plugin v22.5 (Yoast SEO v22.5) - https:\/\/yoast.com\/wordpress\/plugins\/seo\/ -->\n<title>Vise\u0107e tegle TWISTER s vje\u0161alicom - Alatnica i Plastika Mare\u0161<\/title>\n<meta name=\"robots\" content=\"index, follow, max-snippet:-1, max-image-preview:large, max-video-preview:-1\" \/>\n<link rel=\"canonical\" href=\"https:\/\/plastika-mares.hr\/proizvod\/viseca-tegla-twister-s-vjesalicom\/\" \/>\n<meta property=\"og:locale\" content=\"sl_SI\" \/>\n<meta property=\"og:type\" content=\"article\" \/>\n<meta property=\"og:title\" content=\"Vise\u0107e tegle TWISTER s vje\u0161alicom\" \/>\n<meta property=\"og:description\" content=\"Vise\u0107e tegle Twister s podlo\u0161kom izra\u0111ene su u modernim bojama i odli\u010dno se dizajnom upotpunjuju s \u017eardinjerama za balkon Lucija i teglama Antea. Dostupne su u dvije veli\u010dine promjera od 24 i 26 cm.     Naziv Promjer Visina   Vise\u0107a tegla TWISTER 24 cm 15.7 cm   Vise\u0107a tegla TWISTER 26 cm 17.7 cm\" \/>\n<meta property=\"og:url\" content=\"https:\/\/plastika-mares.hr\/proizvod\/viseca-tegla-twister-s-vjesalicom\/\" \/>\n<meta property=\"og:site_name\" content=\"Alatnica i Plastika Mare\u0161\" \/>\n<meta property=\"article:modified_time\" content=\"2025-12-15T17:37:32+00:00\" \/>\n<meta property=\"og:image\" content=\"https:\/\/plastika-mares.hr\/wp-content\/uploads\/2025\/03\/viseca_tegla_twister_s_vjesalicom-terakota.png\" \/>\n\t<meta property=\"og:image:width\" content=\"1200\" \/>\n\t<meta property=\"og:image:height\" content=\"1200\" \/>\n\t<meta property=\"og:image:type\" content=\"image\/png\" \/>\n<meta name=\"twitter:card\" content=\"summary_large_image\" \/>\n<meta name=\"twitter:label1\" content=\"Est. reading time\" \/>\n\t<meta name=\"twitter:data1\" content=\"1 minuta\" \/>\n<script type=\"application\/ld+json\" class=\"yoast-schema-graph\">{\"@context\":\"https:\/\/schema.org\",\"@graph\":[{\"@type\":\"WebPage\",\"@id\":\"https:\/\/plastika-mares.hr\/proizvod\/viseca-tegla-twister-s-vjesalicom\/\",\"url\":\"https:\/\/plastika-mares.hr\/proizvod\/viseca-tegla-twister-s-vjesalicom\/\",\"name\":\"Vise\u0107e tegle TWISTER s vje\u0161alicom - Alatnica i Plastika Mare\u0161\",\"isPartOf\":{\"@id\":\"https:\/\/plastika-mares.hr\/#website\"},\"primaryImageOfPage\":{\"@id\":\"https:\/\/plastika-mares.hr\/proizvod\/viseca-tegla-twister-s-vjesalicom\/#primaryimage\"},\"image\":{\"@id\":\"https:\/\/plastika-mares.hr\/proizvod\/viseca-tegla-twister-s-vjesalicom\/#primaryimage\"},\"thumbnailUrl\":\"https:\/\/plastika-mares.hr\/wp-content\/uploads\/2025\/03\/viseca_tegla_twister_s_vjesalicom-terakota.png\",\"datePublished\":\"2025-01-07T13:48:25+00:00\",\"dateModified\":\"2025-12-15T17:37:32+00:00\",\"breadcrumb\":{\"@id\":\"https:\/\/plastika-mares.hr\/proizvod\/viseca-tegla-twister-s-vjesalicom\/#breadcrumb\"},\"inLanguage\":\"sl-SI\",\"potentialAction\":[{\"@type\":\"ReadAction\",\"target\":[\"https:\/\/plastika-mares.hr\/proizvod\/viseca-tegla-twister-s-vjesalicom\/\"]}]},{\"@type\":\"ImageObject\",\"inLanguage\":\"sl-SI\",\"@id\":\"https:\/\/plastika-mares.hr\/proizvod\/viseca-tegla-twister-s-vjesalicom\/#primaryimage\",\"url\":\"https:\/\/plastika-mares.hr\/wp-content\/uploads\/2025\/03\/viseca_tegla_twister_s_vjesalicom-terakota.png\",\"contentUrl\":\"https:\/\/plastika-mares.hr\/wp-content\/uploads\/2025\/03\/viseca_tegla_twister_s_vjesalicom-terakota.png\",\"width\":1200,\"height\":1200},{\"@type\":\"BreadcrumbList\",\"@id\":\"https:\/\/plastika-mares.hr\/proizvod\/viseca-tegla-twister-s-vjesalicom\/#breadcrumb\",\"itemListElement\":[{\"@type\":\"ListItem\",\"position\":1,\"name\":\"Po\u010detna stranica\",\"item\":\"https:\/\/plastika-mares.hr\/sl\/\"},{\"@type\":\"ListItem\",\"position\":2,\"name\":\"Veleprodaja\",\"item\":\"https:\/\/plastika-mares.hr\/sl\/veleprodaja\/\"},{\"@type\":\"ListItem\",\"position\":3,\"name\":\"Cvjetni program\",\"item\":\"https:\/\/plastika-mares.hr\/kategorija-proizvoda\/cvjetni-program\/\"},{\"@type\":\"ListItem\",\"position\":4,\"name\":\"Vise\u0107e tegle TWISTER\",\"item\":\"https:\/\/plastika-mares.hr\/kategorija-proizvoda\/cvjetni-program\/visece-tegle-twister\/\"},{\"@type\":\"ListItem\",\"position\":5,\"name\":\"Vise\u0107e tegle TWISTER s vje\u0161alicom\"}]},{\"@type\":\"WebSite\",\"@id\":\"https:\/\/plastika-mares.hr\/#website\",\"url\":\"https:\/\/plastika-mares.hr\/\",\"name\":\"Alatnica i Plastika Mare\u0161\",\"description\":\"Proizvodnja i Veleprodaja plastike\",\"publisher\":{\"@id\":\"https:\/\/plastika-mares.hr\/#organization\"},\"potentialAction\":[{\"@type\":\"SearchAction\",\"target\":{\"@type\":\"EntryPoint\",\"urlTemplate\":\"https:\/\/plastika-mares.hr\/?s={search_term_string}\"},\"query-input\":\"required name=search_term_string\"}],\"inLanguage\":\"sl-SI\"},{\"@type\":\"Organization\",\"@id\":\"https:\/\/plastika-mares.hr\/#organization\",\"name\":\"Alatnica i Plastika Mare\u0161\",\"url\":\"https:\/\/plastika-mares.hr\/\",\"logo\":{\"@type\":\"ImageObject\",\"inLanguage\":\"sl-SI\",\"@id\":\"https:\/\/plastika-mares.hr\/#\/schema\/logo\/image\/\",\"url\":\"https:\/\/plastika-mares.hr\/wp-content\/uploads\/2023\/02\/logo.svg\",\"contentUrl\":\"https:\/\/plastika-mares.hr\/wp-content\/uploads\/2023\/02\/logo.svg\",\"caption\":\"Alatnica i Plastika Mare\u0161\"},\"image\":{\"@id\":\"https:\/\/plastika-mares.hr\/#\/schema\/logo\/image\/\"}}]}<\/script>\n<!-- \/ Yoast SEO Premium plugin. -->","yoast_head_json":{"title":"Vise\u0107e tegle TWISTER s vje\u0161alicom - Alatnica i Plastika Mare\u0161","robots":{"index":"index","follow":"follow","max-snippet":"max-snippet:-1","max-image-preview":"max-image-preview:large","max-video-preview":"max-video-preview:-1"},"canonical":"https:\/\/plastika-mares.hr\/proizvod\/viseca-tegla-twister-s-vjesalicom\/","og_locale":"sl_SI","og_type":"article","og_title":"Vise\u0107e tegle TWISTER s vje\u0161alicom","og_description":"Vise\u0107e tegle Twister s podlo\u0161kom izra\u0111ene su u modernim bojama i odli\u010dno se dizajnom upotpunjuju s \u017eardinjerama za balkon Lucija i teglama Antea. Dostupne su u dvije veli\u010dine promjera od 24 i 26 cm.     Naziv Promjer Visina   Vise\u0107a tegla TWISTER 24 cm 15.7 cm   Vise\u0107a tegla TWISTER 26 cm 17.7 cm","og_url":"https:\/\/plastika-mares.hr\/proizvod\/viseca-tegla-twister-s-vjesalicom\/","og_site_name":"Alatnica i Plastika Mare\u0161","article_modified_time":"2025-12-15T17:37:32+00:00","og_image":[{"width":1200,"height":1200,"url":"https:\/\/plastika-mares.hr\/wp-content\/uploads\/2025\/03\/viseca_tegla_twister_s_vjesalicom-terakota.png","type":"image\/png"}],"twitter_card":"summary_large_image","twitter_misc":{"Est. reading time":"1 minuta"},"schema":{"@context":"https:\/\/schema.org","@graph":[{"@type":"WebPage","@id":"https:\/\/plastika-mares.hr\/proizvod\/viseca-tegla-twister-s-vjesalicom\/","url":"https:\/\/plastika-mares.hr\/proizvod\/viseca-tegla-twister-s-vjesalicom\/","name":"Vise\u0107e tegle TWISTER s vje\u0161alicom - Alatnica i Plastika Mare\u0161","isPartOf":{"@id":"https:\/\/plastika-mares.hr\/#website"},"primaryImageOfPage":{"@id":"https:\/\/plastika-mares.hr\/proizvod\/viseca-tegla-twister-s-vjesalicom\/#primaryimage"},"image":{"@id":"https:\/\/plastika-mares.hr\/proizvod\/viseca-tegla-twister-s-vjesalicom\/#primaryimage"},"thumbnailUrl":"https:\/\/plastika-mares.hr\/wp-content\/uploads\/2025\/03\/viseca_tegla_twister_s_vjesalicom-terakota.png","datePublished":"2025-01-07T13:48:25+00:00","dateModified":"2025-12-15T17:37:32+00:00","breadcrumb":{"@id":"https:\/\/plastika-mares.hr\/proizvod\/viseca-tegla-twister-s-vjesalicom\/#breadcrumb"},"inLanguage":"sl-SI","potentialAction":[{"@type":"ReadAction","target":["https:\/\/plastika-mares.hr\/proizvod\/viseca-tegla-twister-s-vjesalicom\/"]}]},{"@type":"ImageObject","inLanguage":"sl-SI","@id":"https:\/\/plastika-mares.hr\/proizvod\/viseca-tegla-twister-s-vjesalicom\/#primaryimage","url":"https:\/\/plastika-mares.hr\/wp-content\/uploads\/2025\/03\/viseca_tegla_twister_s_vjesalicom-terakota.png","contentUrl":"https:\/\/plastika-mares.hr\/wp-content\/uploads\/2025\/03\/viseca_tegla_twister_s_vjesalicom-terakota.png","width":1200,"height":1200},{"@type":"BreadcrumbList","@id":"https:\/\/plastika-mares.hr\/proizvod\/viseca-tegla-twister-s-vjesalicom\/#breadcrumb","itemListElement":[{"@type":"ListItem","position":1,"name":"Po\u010detna stranica","item":"https:\/\/plastika-mares.hr\/sl\/"},{"@type":"ListItem","position":2,"name":"Veleprodaja","item":"https:\/\/plastika-mares.hr\/sl\/veleprodaja\/"},{"@type":"ListItem","position":3,"name":"Cvjetni program","item":"https:\/\/plastika-mares.hr\/kategorija-proizvoda\/cvjetni-program\/"},{"@type":"ListItem","position":4,"name":"Vise\u0107e tegle TWISTER","item":"https:\/\/plastika-mares.hr\/kategorija-proizvoda\/cvjetni-program\/visece-tegle-twister\/"},{"@type":"ListItem","position":5,"name":"Vise\u0107e tegle TWISTER s vje\u0161alicom"}]},{"@type":"WebSite","@id":"https:\/\/plastika-mares.hr\/#website","url":"https:\/\/plastika-mares.hr\/","name":"Alatnica i Plastika Mare\u0161","description":"Proizvodnja i Veleprodaja plastike","publisher":{"@id":"https:\/\/plastika-mares.hr\/#organization"},"potentialAction":[{"@type":"SearchAction","target":{"@type":"EntryPoint","urlTemplate":"https:\/\/plastika-mares.hr\/?s={search_term_string}"},"query-input":"required name=search_term_string"}],"inLanguage":"sl-SI"},{"@type":"Organization","@id":"https:\/\/plastika-mares.hr\/#organization","name":"Alatnica i Plastika Mare\u0161","url":"https:\/\/plastika-mares.hr\/","logo":{"@type":"ImageObject","inLanguage":"sl-SI","@id":"https:\/\/plastika-mares.hr\/#\/schema\/logo\/image\/","url":"https:\/\/plastika-mares.hr\/wp-content\/uploads\/2023\/02\/logo.svg","contentUrl":"https:\/\/plastika-mares.hr\/wp-content\/uploads\/2023\/02\/logo.svg","caption":"Alatnica i Plastika Mare\u0161"},"image":{"@id":"https:\/\/plastika-mares.hr\/#\/schema\/logo\/image\/"}}]}},"_links":{"self":[{"href":"https:\/\/plastika-mares.hr\/sl\/wp-json\/wp\/v2\/product\/4897","targetHints":{"allow":["GET"]}}],"collection":[{"href":"https:\/\/plastika-mares.hr\/sl\/wp-json\/wp\/v2\/product"}],"about":[{"href":"https:\/\/plastika-mares.hr\/sl\/wp-json\/wp\/v2\/types\/product"}],"wp:featuredmedia":[{"embeddable":true,"href":"https:\/\/plastika-mares.hr\/sl\/wp-json\/wp\/v2\/media\/4977"}],"wp:attachment":[{"href":"https:\/\/plastika-mares.hr\/sl\/wp-json\/wp\/v2\/media?parent=4897"}],"wp:term":[{"taxonomy":"product_brand","embeddable":true,"href":"https:\/\/plastika-mares.hr\/sl\/wp-json\/wp\/v2\/product_brand?post=4897"},{"taxonomy":"product_cat","embeddable":true,"href":"https:\/\/plastika-mares.hr\/sl\/wp-json\/wp\/v2\/product_cat?post=4897"},{"taxonomy":"product_tag","embeddable":true,"href":"https:\/\/plastika-mares.hr\/sl\/wp-json\/wp\/v2\/product_tag?post=4897"}],"curies":[{"name":"wp","href":"https:\/\/api.w.org\/{rel}","templated":true}]}}