{"id":1613,"date":"2023-01-22T15:27:18","date_gmt":"2023-01-22T14:27:18","guid":{"rendered":"https:\/\/2023.plastika-mares.hr\/proizvod\/cvetlicno-korito-klasika-l40-l50-l60-l80-l100\/"},"modified":"2025-12-15T17:21:18","modified_gmt":"2025-12-15T16:21:18","slug":"cvetlicno-korito-klasika-l40-l50-l60-l80-l100","status":"publish","type":"product","link":"https:\/\/plastika-mares.hr\/sl\/izdelek\/cvetlicno-korito-klasika-l40-l50-l60-l80-l100\/","title":{"rendered":"Cvetli\u010dno korito Klasika L40 L50 L60"},"content":{"rendered":"","protected":false},"excerpt":{"rendered":"<p>Cvetli\u010dna korita Klasika omogo\u010dajo optimalen prostor za sajenje, rast in razvoj va\u0161ih balkonskih rastlin. Visoka kakovost izdelka, ki po videzu spominja na les, bo polep\u0161ala vsak balkon in teraso. Izdelana so iz visokokakovostne plastike, na voljo so v razli\u010dnih dimenzijah in barvah.<\/p>\n<div class=\"divTable whiteTable\">\n<div class=\"divTableBody\">\n<div class=\"divTableRow\">\n<div class=\"divTableCell\"><strong>Ime<\/strong><\/div>\n<div class=\"divTableCell\"><strong>Dol\u017eina<\/strong><\/div>\n<div class=\"divTableCell\"><strong>\u0160irina<\/strong><\/div>\n<div class=\"divTableCell\"><strong>Vi\u0161ina<\/strong><\/div>\n<\/div>\n<div class=\"divTableRow\">\n<div class=\"divTableCell\"><strong>Cvetli\u010dno korito L40<\/strong><\/div>\n<div class=\"divTableCell\">40 cm<\/div>\n<div class=\"divTableCell\">17 cm<\/div>\n<div class=\"divTableCell\">14 cm<\/div>\n<\/div>\n<div class=\"divTableRow\">\n<div class=\"divTableCell\"><strong>Cvetli\u010dno korito L50<\/strong><\/div>\n<div class=\"divTableCell\">50 cm<\/div>\n<div class=\"divTableCell\">17 cm<\/div>\n<div class=\"divTableCell\">14 cm<\/div>\n<\/div>\n<div class=\"divTableRow\">\n<div class=\"divTableCell\"><strong>Cvetli\u010dno korito L60<\/strong><\/div>\n<div class=\"divTableCell\">60 cm<\/div>\n<div class=\"divTableCell\">17 cm<\/div>\n<div class=\"divTableCell\">14 cm<\/div>\n<\/div>\n<\/div>\n<\/div>\n","protected":false},"featured_media":610,"template":"","meta":{"_acf_changed":false},"product_brand":[],"product_cat":[231,216],"product_tag":[],"class_list":{"0":"post-1613","1":"product","2":"type-product","3":"status-publish","4":"has-post-thumbnail","6":"product_cat-cvetlicni-lonci-in-podstavki","7":"product_cat-cvetlicni-program","9":"first","10":"instock","11":"shipping-taxable","12":"purchasable","13":"product-type-variable","14":"has-default-attributes","15":"wvs-archive-product-wrapper"},"acf":[],"yoast_head":"<!-- This site is optimized with the Yoast SEO Premium plugin v22.5 (Yoast SEO v22.5) - https:\/\/yoast.com\/wordpress\/plugins\/seo\/ -->\n<title>Cvetli\u010dno korito Klasika L40 L50 L60 - Alatnica i Plastika Mare\u0161<\/title>\n<meta name=\"robots\" content=\"index, follow, max-snippet:-1, max-image-preview:large, max-video-preview:-1\" \/>\n<link rel=\"canonical\" href=\"https:\/\/plastika-mares.hr\/sl\/izdelek\/cvetlicno-korito-klasika-l40-l50-l60-l80-l100\/\" \/>\n<meta property=\"og:locale\" content=\"sl_SI\" \/>\n<meta property=\"og:type\" content=\"article\" \/>\n<meta property=\"og:title\" content=\"Cvetli\u010dno korito Klasika L40 L50 L60\" \/>\n<meta property=\"og:description\" content=\"Cvetli\u010dna korita Klasika omogo\u010dajo optimalen prostor za sajenje, rast in razvoj va\u0161ih balkonskih rastlin. Visoka kakovost izdelka, ki po videzu spominja na les, bo polep\u0161ala vsak balkon in teraso. Izdelana so iz visokokakovostne plastike, na voljo so v razli\u010dnih dimenzijah in barvah.     Ime Dol\u017eina \u0160irina Vi\u0161ina   Cvetli\u010dno korito L40 40 cm 17 cm 14 cm   Cvetli\u010dno korito L50 50 cm 17 cm 14 cm   Cvetli\u010dno korito L60 60 cm 17 cm 14 cm\" \/>\n<meta property=\"og:url\" content=\"https:\/\/plastika-mares.hr\/sl\/izdelek\/cvetlicno-korito-klasika-l40-l50-l60-l80-l100\/\" \/>\n<meta property=\"og:site_name\" content=\"Alatnica i Plastika Mare\u0161\" \/>\n<meta property=\"article:modified_time\" content=\"2025-12-15T16:21:18+00:00\" \/>\n<meta property=\"og:image\" content=\"https:\/\/plastika-mares.hr\/wp-content\/uploads\/2023\/01\/Zardinjera-bez-podloska-4.png\" \/>\n\t<meta property=\"og:image:width\" content=\"1200\" \/>\n\t<meta property=\"og:image:height\" content=\"1200\" \/>\n\t<meta property=\"og:image:type\" content=\"image\/png\" \/>\n<meta name=\"twitter:card\" content=\"summary_large_image\" \/>\n<script type=\"application\/ld+json\" class=\"yoast-schema-graph\">{\"@context\":\"https:\/\/schema.org\",\"@graph\":[{\"@type\":\"WebPage\",\"@id\":\"https:\/\/plastika-mares.hr\/sl\/izdelek\/cvetlicno-korito-klasika-l40-l50-l60-l80-l100\/\",\"url\":\"https:\/\/plastika-mares.hr\/sl\/izdelek\/cvetlicno-korito-klasika-l40-l50-l60-l80-l100\/\",\"name\":\"Cvetli\u010dno korito Klasika L40 L50 L60 - Alatnica i Plastika Mare\u0161\",\"isPartOf\":{\"@id\":\"https:\/\/plastika-mares.hr\/#website\"},\"primaryImageOfPage\":{\"@id\":\"https:\/\/plastika-mares.hr\/sl\/izdelek\/cvetlicno-korito-klasika-l40-l50-l60-l80-l100\/#primaryimage\"},\"image\":{\"@id\":\"https:\/\/plastika-mares.hr\/sl\/izdelek\/cvetlicno-korito-klasika-l40-l50-l60-l80-l100\/#primaryimage\"},\"thumbnailUrl\":\"https:\/\/plastika-mares.hr\/wp-content\/uploads\/2023\/01\/Zardinjera-bez-podloska-4.png\",\"datePublished\":\"2023-01-22T14:27:18+00:00\",\"dateModified\":\"2025-12-15T16:21:18+00:00\",\"breadcrumb\":{\"@id\":\"https:\/\/plastika-mares.hr\/sl\/izdelek\/cvetlicno-korito-klasika-l40-l50-l60-l80-l100\/#breadcrumb\"},\"inLanguage\":\"sl-SI\",\"potentialAction\":[{\"@type\":\"ReadAction\",\"target\":[\"https:\/\/plastika-mares.hr\/sl\/izdelek\/cvetlicno-korito-klasika-l40-l50-l60-l80-l100\/\"]}]},{\"@type\":\"ImageObject\",\"inLanguage\":\"sl-SI\",\"@id\":\"https:\/\/plastika-mares.hr\/sl\/izdelek\/cvetlicno-korito-klasika-l40-l50-l60-l80-l100\/#primaryimage\",\"url\":\"https:\/\/plastika-mares.hr\/wp-content\/uploads\/2023\/01\/Zardinjera-bez-podloska-4.png\",\"contentUrl\":\"https:\/\/plastika-mares.hr\/wp-content\/uploads\/2023\/01\/Zardinjera-bez-podloska-4.png\",\"width\":1200,\"height\":1200},{\"@type\":\"BreadcrumbList\",\"@id\":\"https:\/\/plastika-mares.hr\/sl\/izdelek\/cvetlicno-korito-klasika-l40-l50-l60-l80-l100\/#breadcrumb\",\"itemListElement\":[{\"@type\":\"ListItem\",\"position\":1,\"name\":\"Po\u010detna stranica\",\"item\":\"https:\/\/plastika-mares.hr\/sl\/\"},{\"@type\":\"ListItem\",\"position\":2,\"name\":\"Veleprodaja\",\"item\":\"https:\/\/plastika-mares.hr\/sl\/veleprodaja\/\"},{\"@type\":\"ListItem\",\"position\":3,\"name\":\"Cvetli\u010dni program\",\"item\":\"https:\/\/plastika-mares.hr\/sl\/kategorijo-izdelkov\/cvetlicni-program\/\"},{\"@type\":\"ListItem\",\"position\":4,\"name\":\"Cvetli\u010dni lonci in podstavki\",\"item\":\"https:\/\/plastika-mares.hr\/sl\/kategorijo-izdelkov\/cvetlicni-program\/cvetlicni-lonci-in-podstavki\/\"},{\"@type\":\"ListItem\",\"position\":5,\"name\":\"Cvetli\u010dno korito Klasika L40 L50 L60\"}]},{\"@type\":\"WebSite\",\"@id\":\"https:\/\/plastika-mares.hr\/#website\",\"url\":\"https:\/\/plastika-mares.hr\/\",\"name\":\"Alatnica i Plastika Mare\u0161\",\"description\":\"Proizvodnja i Veleprodaja plastike\",\"publisher\":{\"@id\":\"https:\/\/plastika-mares.hr\/#organization\"},\"potentialAction\":[{\"@type\":\"SearchAction\",\"target\":{\"@type\":\"EntryPoint\",\"urlTemplate\":\"https:\/\/plastika-mares.hr\/?s={search_term_string}\"},\"query-input\":\"required name=search_term_string\"}],\"inLanguage\":\"sl-SI\"},{\"@type\":\"Organization\",\"@id\":\"https:\/\/plastika-mares.hr\/#organization\",\"name\":\"Alatnica i Plastika Mare\u0161\",\"url\":\"https:\/\/plastika-mares.hr\/\",\"logo\":{\"@type\":\"ImageObject\",\"inLanguage\":\"sl-SI\",\"@id\":\"https:\/\/plastika-mares.hr\/#\/schema\/logo\/image\/\",\"url\":\"https:\/\/plastika-mares.hr\/wp-content\/uploads\/2023\/02\/logo.svg\",\"contentUrl\":\"https:\/\/plastika-mares.hr\/wp-content\/uploads\/2023\/02\/logo.svg\",\"caption\":\"Alatnica i Plastika Mare\u0161\"},\"image\":{\"@id\":\"https:\/\/plastika-mares.hr\/#\/schema\/logo\/image\/\"}}]}<\/script>\n<!-- \/ Yoast SEO Premium plugin. -->","yoast_head_json":{"title":"Cvetli\u010dno korito Klasika L40 L50 L60 - Alatnica i Plastika Mare\u0161","robots":{"index":"index","follow":"follow","max-snippet":"max-snippet:-1","max-image-preview":"max-image-preview:large","max-video-preview":"max-video-preview:-1"},"canonical":"https:\/\/plastika-mares.hr\/sl\/izdelek\/cvetlicno-korito-klasika-l40-l50-l60-l80-l100\/","og_locale":"sl_SI","og_type":"article","og_title":"Cvetli\u010dno korito Klasika L40 L50 L60","og_description":"Cvetli\u010dna korita Klasika omogo\u010dajo optimalen prostor za sajenje, rast in razvoj va\u0161ih balkonskih rastlin. Visoka kakovost izdelka, ki po videzu spominja na les, bo polep\u0161ala vsak balkon in teraso. Izdelana so iz visokokakovostne plastike, na voljo so v razli\u010dnih dimenzijah in barvah.     Ime Dol\u017eina \u0160irina Vi\u0161ina   Cvetli\u010dno korito L40 40 cm 17 cm 14 cm   Cvetli\u010dno korito L50 50 cm 17 cm 14 cm   Cvetli\u010dno korito L60 60 cm 17 cm 14 cm","og_url":"https:\/\/plastika-mares.hr\/sl\/izdelek\/cvetlicno-korito-klasika-l40-l50-l60-l80-l100\/","og_site_name":"Alatnica i Plastika Mare\u0161","article_modified_time":"2025-12-15T16:21:18+00:00","og_image":[{"width":1200,"height":1200,"url":"https:\/\/plastika-mares.hr\/wp-content\/uploads\/2023\/01\/Zardinjera-bez-podloska-4.png","type":"image\/png"}],"twitter_card":"summary_large_image","schema":{"@context":"https:\/\/schema.org","@graph":[{"@type":"WebPage","@id":"https:\/\/plastika-mares.hr\/sl\/izdelek\/cvetlicno-korito-klasika-l40-l50-l60-l80-l100\/","url":"https:\/\/plastika-mares.hr\/sl\/izdelek\/cvetlicno-korito-klasika-l40-l50-l60-l80-l100\/","name":"Cvetli\u010dno korito Klasika L40 L50 L60 - Alatnica i Plastika Mare\u0161","isPartOf":{"@id":"https:\/\/plastika-mares.hr\/#website"},"primaryImageOfPage":{"@id":"https:\/\/plastika-mares.hr\/sl\/izdelek\/cvetlicno-korito-klasika-l40-l50-l60-l80-l100\/#primaryimage"},"image":{"@id":"https:\/\/plastika-mares.hr\/sl\/izdelek\/cvetlicno-korito-klasika-l40-l50-l60-l80-l100\/#primaryimage"},"thumbnailUrl":"https:\/\/plastika-mares.hr\/wp-content\/uploads\/2023\/01\/Zardinjera-bez-podloska-4.png","datePublished":"2023-01-22T14:27:18+00:00","dateModified":"2025-12-15T16:21:18+00:00","breadcrumb":{"@id":"https:\/\/plastika-mares.hr\/sl\/izdelek\/cvetlicno-korito-klasika-l40-l50-l60-l80-l100\/#breadcrumb"},"inLanguage":"sl-SI","potentialAction":[{"@type":"ReadAction","target":["https:\/\/plastika-mares.hr\/sl\/izdelek\/cvetlicno-korito-klasika-l40-l50-l60-l80-l100\/"]}]},{"@type":"ImageObject","inLanguage":"sl-SI","@id":"https:\/\/plastika-mares.hr\/sl\/izdelek\/cvetlicno-korito-klasika-l40-l50-l60-l80-l100\/#primaryimage","url":"https:\/\/plastika-mares.hr\/wp-content\/uploads\/2023\/01\/Zardinjera-bez-podloska-4.png","contentUrl":"https:\/\/plastika-mares.hr\/wp-content\/uploads\/2023\/01\/Zardinjera-bez-podloska-4.png","width":1200,"height":1200},{"@type":"BreadcrumbList","@id":"https:\/\/plastika-mares.hr\/sl\/izdelek\/cvetlicno-korito-klasika-l40-l50-l60-l80-l100\/#breadcrumb","itemListElement":[{"@type":"ListItem","position":1,"name":"Po\u010detna stranica","item":"https:\/\/plastika-mares.hr\/sl\/"},{"@type":"ListItem","position":2,"name":"Veleprodaja","item":"https:\/\/plastika-mares.hr\/sl\/veleprodaja\/"},{"@type":"ListItem","position":3,"name":"Cvetli\u010dni program","item":"https:\/\/plastika-mares.hr\/sl\/kategorijo-izdelkov\/cvetlicni-program\/"},{"@type":"ListItem","position":4,"name":"Cvetli\u010dni lonci in podstavki","item":"https:\/\/plastika-mares.hr\/sl\/kategorijo-izdelkov\/cvetlicni-program\/cvetlicni-lonci-in-podstavki\/"},{"@type":"ListItem","position":5,"name":"Cvetli\u010dno korito Klasika L40 L50 L60"}]},{"@type":"WebSite","@id":"https:\/\/plastika-mares.hr\/#website","url":"https:\/\/plastika-mares.hr\/","name":"Alatnica i Plastika Mare\u0161","description":"Proizvodnja i Veleprodaja plastike","publisher":{"@id":"https:\/\/plastika-mares.hr\/#organization"},"potentialAction":[{"@type":"SearchAction","target":{"@type":"EntryPoint","urlTemplate":"https:\/\/plastika-mares.hr\/?s={search_term_string}"},"query-input":"required name=search_term_string"}],"inLanguage":"sl-SI"},{"@type":"Organization","@id":"https:\/\/plastika-mares.hr\/#organization","name":"Alatnica i Plastika Mare\u0161","url":"https:\/\/plastika-mares.hr\/","logo":{"@type":"ImageObject","inLanguage":"sl-SI","@id":"https:\/\/plastika-mares.hr\/#\/schema\/logo\/image\/","url":"https:\/\/plastika-mares.hr\/wp-content\/uploads\/2023\/02\/logo.svg","contentUrl":"https:\/\/plastika-mares.hr\/wp-content\/uploads\/2023\/02\/logo.svg","caption":"Alatnica i Plastika Mare\u0161"},"image":{"@id":"https:\/\/plastika-mares.hr\/#\/schema\/logo\/image\/"}}]}},"_links":{"self":[{"href":"https:\/\/plastika-mares.hr\/sl\/wp-json\/wp\/v2\/product\/1613","targetHints":{"allow":["GET"]}}],"collection":[{"href":"https:\/\/plastika-mares.hr\/sl\/wp-json\/wp\/v2\/product"}],"about":[{"href":"https:\/\/plastika-mares.hr\/sl\/wp-json\/wp\/v2\/types\/product"}],"wp:featuredmedia":[{"embeddable":true,"href":"https:\/\/plastika-mares.hr\/sl\/wp-json\/wp\/v2\/media\/610"}],"wp:attachment":[{"href":"https:\/\/plastika-mares.hr\/sl\/wp-json\/wp\/v2\/media?parent=1613"}],"wp:term":[{"taxonomy":"product_brand","embeddable":true,"href":"https:\/\/plastika-mares.hr\/sl\/wp-json\/wp\/v2\/product_brand?post=1613"},{"taxonomy":"product_cat","embeddable":true,"href":"https:\/\/plastika-mares.hr\/sl\/wp-json\/wp\/v2\/product_cat?post=1613"},{"taxonomy":"product_tag","embeddable":true,"href":"https:\/\/plastika-mares.hr\/sl\/wp-json\/wp\/v2\/product_tag?post=1613"}],"curies":[{"name":"wp","href":"https:\/\/api.w.org\/{rel}","templated":true}]}}