{"id":1594,"date":"2023-01-22T15:27:18","date_gmt":"2023-01-22T14:27:18","guid":{"rendered":"https:\/\/2023.plastika-mares.hr\/proizvod\/vaza-orhideja\/"},"modified":"2023-01-22T15:27:18","modified_gmt":"2023-01-22T14:27:18","slug":"vaza-orhideja","status":"publish","type":"product","link":"https:\/\/plastika-mares.hr\/sl\/izdelek\/vaza-orhideja\/","title":{"rendered":"Vaza Orhideja"},"content":{"rendered":"","protected":false},"excerpt":{"rendered":"<p>Na voljo v 9 privla\u010dnih barvah. Zasnovane so posebej za orhideje, saj njihova posebna oblika prepre\u010duje, da bi bila orhideja nenehno potopljena v preostalo vodo v loncu in jo tako \u0161\u010diti pred propadanjem. Posebno lepoto tem ne\u017enim rastlinam dajejo tudi \u010dudovite prozorne mo\u010dne barve.  <\/p>\n","protected":false},"featured_media":626,"template":"","meta":{"_acf_changed":false},"product_brand":[],"product_cat":[216,217],"product_tag":[],"class_list":{"0":"post-1594","1":"product","2":"type-product","3":"status-publish","4":"has-post-thumbnail","6":"product_cat-cvetlicni-program","7":"product_cat-vaza-orhideja-sl","9":"first","10":"instock","11":"shipping-taxable","12":"purchasable","13":"product-type-variable","14":"has-default-attributes","15":"wvs-archive-product-wrapper"},"acf":[],"yoast_head":"<!-- This site is optimized with the Yoast SEO Premium plugin v22.5 (Yoast SEO v22.5) - https:\/\/yoast.com\/wordpress\/plugins\/seo\/ -->\n<title>Vaza Orhideja - Alatnica i Plastika Mare\u0161<\/title>\n<meta name=\"robots\" content=\"index, follow, max-snippet:-1, max-image-preview:large, max-video-preview:-1\" \/>\n<link rel=\"canonical\" href=\"https:\/\/plastika-mares.hr\/sl\/izdelek\/vaza-orhideja\/\" \/>\n<meta property=\"og:locale\" content=\"sl_SI\" \/>\n<meta property=\"og:type\" content=\"article\" \/>\n<meta property=\"og:title\" content=\"Vaza Orhideja\" \/>\n<meta property=\"og:description\" content=\"Na voljo v 9 privla\u010dnih barvah. Zasnovane so posebej za orhideje, saj njihova posebna oblika prepre\u010duje, da bi bila orhideja nenehno potopljena v preostalo vodo v loncu in jo tako \u0161\u010diti pred propadanjem. Posebno lepoto tem ne\u017enim rastlinam dajejo tudi \u010dudovite prozorne mo\u010dne barve.\" \/>\n<meta property=\"og:url\" content=\"https:\/\/plastika-mares.hr\/sl\/izdelek\/vaza-orhideja\/\" \/>\n<meta property=\"og:site_name\" content=\"Alatnica i Plastika Mare\u0161\" \/>\n<meta property=\"og:image\" content=\"https:\/\/plastika-mares.hr\/wp-content\/uploads\/2023\/01\/AP-MARES-VAZE-ORHIDEJA-zelena_01-4.png\" \/>\n\t<meta property=\"og:image:width\" content=\"1200\" \/>\n\t<meta property=\"og:image:height\" content=\"1200\" \/>\n\t<meta property=\"og:image:type\" content=\"image\/png\" \/>\n<meta name=\"twitter:card\" content=\"summary_large_image\" \/>\n<script type=\"application\/ld+json\" class=\"yoast-schema-graph\">{\"@context\":\"https:\/\/schema.org\",\"@graph\":[{\"@type\":\"WebPage\",\"@id\":\"https:\/\/plastika-mares.hr\/sl\/izdelek\/vaza-orhideja\/\",\"url\":\"https:\/\/plastika-mares.hr\/sl\/izdelek\/vaza-orhideja\/\",\"name\":\"Vaza Orhideja - Alatnica i Plastika Mare\u0161\",\"isPartOf\":{\"@id\":\"https:\/\/plastika-mares.hr\/#website\"},\"primaryImageOfPage\":{\"@id\":\"https:\/\/plastika-mares.hr\/sl\/izdelek\/vaza-orhideja\/#primaryimage\"},\"image\":{\"@id\":\"https:\/\/plastika-mares.hr\/sl\/izdelek\/vaza-orhideja\/#primaryimage\"},\"thumbnailUrl\":\"https:\/\/plastika-mares.hr\/wp-content\/uploads\/2023\/01\/AP-MARES-VAZE-ORHIDEJA-zelena_01-4.png\",\"datePublished\":\"2023-01-22T14:27:18+00:00\",\"dateModified\":\"2023-01-22T14:27:18+00:00\",\"breadcrumb\":{\"@id\":\"https:\/\/plastika-mares.hr\/sl\/izdelek\/vaza-orhideja\/#breadcrumb\"},\"inLanguage\":\"sl-SI\",\"potentialAction\":[{\"@type\":\"ReadAction\",\"target\":[\"https:\/\/plastika-mares.hr\/sl\/izdelek\/vaza-orhideja\/\"]}]},{\"@type\":\"ImageObject\",\"inLanguage\":\"sl-SI\",\"@id\":\"https:\/\/plastika-mares.hr\/sl\/izdelek\/vaza-orhideja\/#primaryimage\",\"url\":\"https:\/\/plastika-mares.hr\/wp-content\/uploads\/2023\/01\/AP-MARES-VAZE-ORHIDEJA-zelena_01-4.png\",\"contentUrl\":\"https:\/\/plastika-mares.hr\/wp-content\/uploads\/2023\/01\/AP-MARES-VAZE-ORHIDEJA-zelena_01-4.png\",\"width\":1200,\"height\":1200},{\"@type\":\"BreadcrumbList\",\"@id\":\"https:\/\/plastika-mares.hr\/sl\/izdelek\/vaza-orhideja\/#breadcrumb\",\"itemListElement\":[{\"@type\":\"ListItem\",\"position\":1,\"name\":\"Po\u010detna stranica\",\"item\":\"https:\/\/plastika-mares.hr\/sl\/\"},{\"@type\":\"ListItem\",\"position\":2,\"name\":\"Veleprodaja\",\"item\":\"https:\/\/plastika-mares.hr\/sl\/veleprodaja\/\"},{\"@type\":\"ListItem\",\"position\":3,\"name\":\"Cvetli\u010dni program\",\"item\":\"https:\/\/plastika-mares.hr\/sl\/kategorijo-izdelkov\/cvetlicni-program\/\"},{\"@type\":\"ListItem\",\"position\":4,\"name\":\"Vaza Orhideja\",\"item\":\"https:\/\/plastika-mares.hr\/sl\/kategorijo-izdelkov\/cvetlicni-program\/vaza-orhideja-sl\/\"},{\"@type\":\"ListItem\",\"position\":5,\"name\":\"Vaza Orhideja\"}]},{\"@type\":\"WebSite\",\"@id\":\"https:\/\/plastika-mares.hr\/#website\",\"url\":\"https:\/\/plastika-mares.hr\/\",\"name\":\"Alatnica i Plastika Mare\u0161\",\"description\":\"Proizvodnja i Veleprodaja plastike\",\"publisher\":{\"@id\":\"https:\/\/plastika-mares.hr\/#organization\"},\"potentialAction\":[{\"@type\":\"SearchAction\",\"target\":{\"@type\":\"EntryPoint\",\"urlTemplate\":\"https:\/\/plastika-mares.hr\/?s={search_term_string}\"},\"query-input\":\"required name=search_term_string\"}],\"inLanguage\":\"sl-SI\"},{\"@type\":\"Organization\",\"@id\":\"https:\/\/plastika-mares.hr\/#organization\",\"name\":\"Alatnica i Plastika Mare\u0161\",\"url\":\"https:\/\/plastika-mares.hr\/\",\"logo\":{\"@type\":\"ImageObject\",\"inLanguage\":\"sl-SI\",\"@id\":\"https:\/\/plastika-mares.hr\/#\/schema\/logo\/image\/\",\"url\":\"https:\/\/plastika-mares.hr\/wp-content\/uploads\/2023\/02\/logo.svg\",\"contentUrl\":\"https:\/\/plastika-mares.hr\/wp-content\/uploads\/2023\/02\/logo.svg\",\"caption\":\"Alatnica i Plastika Mare\u0161\"},\"image\":{\"@id\":\"https:\/\/plastika-mares.hr\/#\/schema\/logo\/image\/\"}}]}<\/script>\n<!-- \/ Yoast SEO Premium plugin. -->","yoast_head_json":{"title":"Vaza Orhideja - Alatnica i Plastika Mare\u0161","robots":{"index":"index","follow":"follow","max-snippet":"max-snippet:-1","max-image-preview":"max-image-preview:large","max-video-preview":"max-video-preview:-1"},"canonical":"https:\/\/plastika-mares.hr\/sl\/izdelek\/vaza-orhideja\/","og_locale":"sl_SI","og_type":"article","og_title":"Vaza Orhideja","og_description":"Na voljo v 9 privla\u010dnih barvah. Zasnovane so posebej za orhideje, saj njihova posebna oblika prepre\u010duje, da bi bila orhideja nenehno potopljena v preostalo vodo v loncu in jo tako \u0161\u010diti pred propadanjem. Posebno lepoto tem ne\u017enim rastlinam dajejo tudi \u010dudovite prozorne mo\u010dne barve.","og_url":"https:\/\/plastika-mares.hr\/sl\/izdelek\/vaza-orhideja\/","og_site_name":"Alatnica i Plastika Mare\u0161","og_image":[{"width":1200,"height":1200,"url":"https:\/\/plastika-mares.hr\/wp-content\/uploads\/2023\/01\/AP-MARES-VAZE-ORHIDEJA-zelena_01-4.png","type":"image\/png"}],"twitter_card":"summary_large_image","schema":{"@context":"https:\/\/schema.org","@graph":[{"@type":"WebPage","@id":"https:\/\/plastika-mares.hr\/sl\/izdelek\/vaza-orhideja\/","url":"https:\/\/plastika-mares.hr\/sl\/izdelek\/vaza-orhideja\/","name":"Vaza Orhideja - Alatnica i Plastika Mare\u0161","isPartOf":{"@id":"https:\/\/plastika-mares.hr\/#website"},"primaryImageOfPage":{"@id":"https:\/\/plastika-mares.hr\/sl\/izdelek\/vaza-orhideja\/#primaryimage"},"image":{"@id":"https:\/\/plastika-mares.hr\/sl\/izdelek\/vaza-orhideja\/#primaryimage"},"thumbnailUrl":"https:\/\/plastika-mares.hr\/wp-content\/uploads\/2023\/01\/AP-MARES-VAZE-ORHIDEJA-zelena_01-4.png","datePublished":"2023-01-22T14:27:18+00:00","dateModified":"2023-01-22T14:27:18+00:00","breadcrumb":{"@id":"https:\/\/plastika-mares.hr\/sl\/izdelek\/vaza-orhideja\/#breadcrumb"},"inLanguage":"sl-SI","potentialAction":[{"@type":"ReadAction","target":["https:\/\/plastika-mares.hr\/sl\/izdelek\/vaza-orhideja\/"]}]},{"@type":"ImageObject","inLanguage":"sl-SI","@id":"https:\/\/plastika-mares.hr\/sl\/izdelek\/vaza-orhideja\/#primaryimage","url":"https:\/\/plastika-mares.hr\/wp-content\/uploads\/2023\/01\/AP-MARES-VAZE-ORHIDEJA-zelena_01-4.png","contentUrl":"https:\/\/plastika-mares.hr\/wp-content\/uploads\/2023\/01\/AP-MARES-VAZE-ORHIDEJA-zelena_01-4.png","width":1200,"height":1200},{"@type":"BreadcrumbList","@id":"https:\/\/plastika-mares.hr\/sl\/izdelek\/vaza-orhideja\/#breadcrumb","itemListElement":[{"@type":"ListItem","position":1,"name":"Po\u010detna stranica","item":"https:\/\/plastika-mares.hr\/sl\/"},{"@type":"ListItem","position":2,"name":"Veleprodaja","item":"https:\/\/plastika-mares.hr\/sl\/veleprodaja\/"},{"@type":"ListItem","position":3,"name":"Cvetli\u010dni program","item":"https:\/\/plastika-mares.hr\/sl\/kategorijo-izdelkov\/cvetlicni-program\/"},{"@type":"ListItem","position":4,"name":"Vaza Orhideja","item":"https:\/\/plastika-mares.hr\/sl\/kategorijo-izdelkov\/cvetlicni-program\/vaza-orhideja-sl\/"},{"@type":"ListItem","position":5,"name":"Vaza Orhideja"}]},{"@type":"WebSite","@id":"https:\/\/plastika-mares.hr\/#website","url":"https:\/\/plastika-mares.hr\/","name":"Alatnica i Plastika Mare\u0161","description":"Proizvodnja i Veleprodaja plastike","publisher":{"@id":"https:\/\/plastika-mares.hr\/#organization"},"potentialAction":[{"@type":"SearchAction","target":{"@type":"EntryPoint","urlTemplate":"https:\/\/plastika-mares.hr\/?s={search_term_string}"},"query-input":"required name=search_term_string"}],"inLanguage":"sl-SI"},{"@type":"Organization","@id":"https:\/\/plastika-mares.hr\/#organization","name":"Alatnica i Plastika Mare\u0161","url":"https:\/\/plastika-mares.hr\/","logo":{"@type":"ImageObject","inLanguage":"sl-SI","@id":"https:\/\/plastika-mares.hr\/#\/schema\/logo\/image\/","url":"https:\/\/plastika-mares.hr\/wp-content\/uploads\/2023\/02\/logo.svg","contentUrl":"https:\/\/plastika-mares.hr\/wp-content\/uploads\/2023\/02\/logo.svg","caption":"Alatnica i Plastika Mare\u0161"},"image":{"@id":"https:\/\/plastika-mares.hr\/#\/schema\/logo\/image\/"}}]}},"_links":{"self":[{"href":"https:\/\/plastika-mares.hr\/sl\/wp-json\/wp\/v2\/product\/1594","targetHints":{"allow":["GET"]}}],"collection":[{"href":"https:\/\/plastika-mares.hr\/sl\/wp-json\/wp\/v2\/product"}],"about":[{"href":"https:\/\/plastika-mares.hr\/sl\/wp-json\/wp\/v2\/types\/product"}],"wp:featuredmedia":[{"embeddable":true,"href":"https:\/\/plastika-mares.hr\/sl\/wp-json\/wp\/v2\/media\/626"}],"wp:attachment":[{"href":"https:\/\/plastika-mares.hr\/sl\/wp-json\/wp\/v2\/media?parent=1594"}],"wp:term":[{"taxonomy":"product_brand","embeddable":true,"href":"https:\/\/plastika-mares.hr\/sl\/wp-json\/wp\/v2\/product_brand?post=1594"},{"taxonomy":"product_cat","embeddable":true,"href":"https:\/\/plastika-mares.hr\/sl\/wp-json\/wp\/v2\/product_cat?post=1594"},{"taxonomy":"product_tag","embeddable":true,"href":"https:\/\/plastika-mares.hr\/sl\/wp-json\/wp\/v2\/product_tag?post=1594"}],"curies":[{"name":"wp","href":"https:\/\/api.w.org\/{rel}","templated":true}]}}