{"id":1561,"date":"2023-01-22T15:27:34","date_gmt":"2023-01-22T14:27:34","guid":{"rendered":"https:\/\/2023.plastika-mares.hr\/proizvod\/viseci-cvetlicni-lonec-25-cm\/"},"modified":"2023-02-23T16:38:51","modified_gmt":"2023-02-23T15:38:51","slug":"viseci-cvetlicni-lonec-25-cm","status":"publish","type":"product","link":"https:\/\/plastika-mares.hr\/sl\/izdelek\/viseci-cvetlicni-lonec-25-cm\/","title":{"rendered":"Vise\u010di cvetli\u010dni lonec 25 cm"},"content":{"rendered":"","protected":false},"excerpt":{"rendered":"<p>Vise\u010di lonec je izdelan iz visokokakovostne plastike, ki zagotavlja obstojnost. Lonec je klasi\u010dnega dizajna, opremljen z obe\u0161alom in se lahko uporablja na balkonih, terasah in vrtovih. Velika izbira barv omogo\u010da prilagoditev razli\u010dnim prostorom. Na voljo v dimenzijah premerov 20, 25 in 27 cm.<\/p>\n","protected":false},"featured_media":678,"template":"","meta":{"_acf_changed":false},"product_brand":[],"product_cat":[216,228],"product_tag":[],"class_list":{"0":"post-1561","1":"product","2":"type-product","3":"status-publish","4":"has-post-thumbnail","6":"product_cat-cvetlicni-program","7":"product_cat-viseci-cvetlicni-lonci","9":"first","10":"instock","11":"shipping-taxable","12":"purchasable","13":"product-type-variable","14":"has-default-attributes","15":"wvs-archive-product-wrapper"},"acf":[],"yoast_head":"<!-- This site is optimized with the Yoast SEO Premium plugin v22.5 (Yoast SEO v22.5) - https:\/\/yoast.com\/wordpress\/plugins\/seo\/ -->\n<title>Vise\u010di cvetli\u010dni lonec 25 cm - Alatnica i Plastika Mare\u0161<\/title>\n<meta name=\"robots\" content=\"index, follow, max-snippet:-1, max-image-preview:large, max-video-preview:-1\" \/>\n<link rel=\"canonical\" href=\"https:\/\/plastika-mares.hr\/sl\/izdelek\/viseci-cvetlicni-lonec-25-cm\/\" \/>\n<meta property=\"og:locale\" content=\"sl_SI\" \/>\n<meta property=\"og:type\" content=\"article\" \/>\n<meta property=\"og:title\" content=\"Vise\u010di cvetli\u010dni lonec 25 cm\" \/>\n<meta property=\"og:description\" content=\"Vise\u010di lonec je izdelan iz visokokakovostne plastike, ki zagotavlja obstojnost. Lonec je klasi\u010dnega dizajna, opremljen z obe\u0161alom in se lahko uporablja na balkonih, terasah in vrtovih. Velika izbira barv omogo\u010da prilagoditev razli\u010dnim prostorom. Na voljo v dimenzijah premerov 20, 25 in 27 cm.\" \/>\n<meta property=\"og:url\" content=\"https:\/\/plastika-mares.hr\/sl\/izdelek\/viseci-cvetlicni-lonec-25-cm\/\" \/>\n<meta property=\"og:site_name\" content=\"Alatnica i Plastika Mare\u0161\" \/>\n<meta property=\"article:modified_time\" content=\"2023-02-23T15:38:51+00:00\" \/>\n<meta property=\"og:image\" content=\"https:\/\/plastika-mares.hr\/wp-content\/uploads\/2023\/01\/AP-MARES-Tegla-viseca-br-25-bijela-5.png\" \/>\n\t<meta property=\"og:image:width\" content=\"1200\" \/>\n\t<meta property=\"og:image:height\" content=\"1200\" \/>\n\t<meta property=\"og:image:type\" content=\"image\/png\" \/>\n<meta name=\"twitter:card\" content=\"summary_large_image\" \/>\n<script type=\"application\/ld+json\" class=\"yoast-schema-graph\">{\"@context\":\"https:\/\/schema.org\",\"@graph\":[{\"@type\":\"WebPage\",\"@id\":\"https:\/\/plastika-mares.hr\/sl\/izdelek\/viseci-cvetlicni-lonec-25-cm\/\",\"url\":\"https:\/\/plastika-mares.hr\/sl\/izdelek\/viseci-cvetlicni-lonec-25-cm\/\",\"name\":\"Vise\u010di cvetli\u010dni lonec 25 cm - Alatnica i Plastika Mare\u0161\",\"isPartOf\":{\"@id\":\"https:\/\/plastika-mares.hr\/#website\"},\"primaryImageOfPage\":{\"@id\":\"https:\/\/plastika-mares.hr\/sl\/izdelek\/viseci-cvetlicni-lonec-25-cm\/#primaryimage\"},\"image\":{\"@id\":\"https:\/\/plastika-mares.hr\/sl\/izdelek\/viseci-cvetlicni-lonec-25-cm\/#primaryimage\"},\"thumbnailUrl\":\"https:\/\/plastika-mares.hr\/wp-content\/uploads\/2023\/01\/AP-MARES-Tegla-viseca-br-25-bijela-1-4.png\",\"datePublished\":\"2023-01-22T14:27:34+00:00\",\"dateModified\":\"2023-02-23T15:38:51+00:00\",\"breadcrumb\":{\"@id\":\"https:\/\/plastika-mares.hr\/sl\/izdelek\/viseci-cvetlicni-lonec-25-cm\/#breadcrumb\"},\"inLanguage\":\"sl-SI\",\"potentialAction\":[{\"@type\":\"ReadAction\",\"target\":[\"https:\/\/plastika-mares.hr\/sl\/izdelek\/viseci-cvetlicni-lonec-25-cm\/\"]}]},{\"@type\":\"ImageObject\",\"inLanguage\":\"sl-SI\",\"@id\":\"https:\/\/plastika-mares.hr\/sl\/izdelek\/viseci-cvetlicni-lonec-25-cm\/#primaryimage\",\"url\":\"https:\/\/plastika-mares.hr\/wp-content\/uploads\/2023\/01\/AP-MARES-Tegla-viseca-br-25-bijela-1-4.png\",\"contentUrl\":\"https:\/\/plastika-mares.hr\/wp-content\/uploads\/2023\/01\/AP-MARES-Tegla-viseca-br-25-bijela-1-4.png\",\"width\":1200,\"height\":1201},{\"@type\":\"BreadcrumbList\",\"@id\":\"https:\/\/plastika-mares.hr\/sl\/izdelek\/viseci-cvetlicni-lonec-25-cm\/#breadcrumb\",\"itemListElement\":[{\"@type\":\"ListItem\",\"position\":1,\"name\":\"Po\u010detna stranica\",\"item\":\"https:\/\/plastika-mares.hr\/sl\/\"},{\"@type\":\"ListItem\",\"position\":2,\"name\":\"Veleprodaja\",\"item\":\"https:\/\/plastika-mares.hr\/sl\/veleprodaja\/\"},{\"@type\":\"ListItem\",\"position\":3,\"name\":\"Cvetli\u010dni program\",\"item\":\"https:\/\/plastika-mares.hr\/sl\/kategorijo-izdelkov\/cvetlicni-program\/\"},{\"@type\":\"ListItem\",\"position\":4,\"name\":\"Vise\u010di cvetli\u010dni lonci\",\"item\":\"https:\/\/plastika-mares.hr\/sl\/kategorijo-izdelkov\/cvetlicni-program\/viseci-cvetlicni-lonci\/\"},{\"@type\":\"ListItem\",\"position\":5,\"name\":\"Vise\u010di cvetli\u010dni lonec 25 cm\"}]},{\"@type\":\"WebSite\",\"@id\":\"https:\/\/plastika-mares.hr\/#website\",\"url\":\"https:\/\/plastika-mares.hr\/\",\"name\":\"Alatnica i Plastika Mare\u0161\",\"description\":\"Proizvodnja i Veleprodaja plastike\",\"publisher\":{\"@id\":\"https:\/\/plastika-mares.hr\/#organization\"},\"potentialAction\":[{\"@type\":\"SearchAction\",\"target\":{\"@type\":\"EntryPoint\",\"urlTemplate\":\"https:\/\/plastika-mares.hr\/?s={search_term_string}\"},\"query-input\":\"required name=search_term_string\"}],\"inLanguage\":\"sl-SI\"},{\"@type\":\"Organization\",\"@id\":\"https:\/\/plastika-mares.hr\/#organization\",\"name\":\"Alatnica i Plastika Mare\u0161\",\"url\":\"https:\/\/plastika-mares.hr\/\",\"logo\":{\"@type\":\"ImageObject\",\"inLanguage\":\"sl-SI\",\"@id\":\"https:\/\/plastika-mares.hr\/#\/schema\/logo\/image\/\",\"url\":\"https:\/\/plastika-mares.hr\/wp-content\/uploads\/2023\/02\/logo.svg\",\"contentUrl\":\"https:\/\/plastika-mares.hr\/wp-content\/uploads\/2023\/02\/logo.svg\",\"caption\":\"Alatnica i Plastika Mare\u0161\"},\"image\":{\"@id\":\"https:\/\/plastika-mares.hr\/#\/schema\/logo\/image\/\"}}]}<\/script>\n<!-- \/ Yoast SEO Premium plugin. -->","yoast_head_json":{"title":"Vise\u010di cvetli\u010dni lonec 25 cm - Alatnica i Plastika Mare\u0161","robots":{"index":"index","follow":"follow","max-snippet":"max-snippet:-1","max-image-preview":"max-image-preview:large","max-video-preview":"max-video-preview:-1"},"canonical":"https:\/\/plastika-mares.hr\/sl\/izdelek\/viseci-cvetlicni-lonec-25-cm\/","og_locale":"sl_SI","og_type":"article","og_title":"Vise\u010di cvetli\u010dni lonec 25 cm","og_description":"Vise\u010di lonec je izdelan iz visokokakovostne plastike, ki zagotavlja obstojnost. Lonec je klasi\u010dnega dizajna, opremljen z obe\u0161alom in se lahko uporablja na balkonih, terasah in vrtovih. Velika izbira barv omogo\u010da prilagoditev razli\u010dnim prostorom. Na voljo v dimenzijah premerov 20, 25 in 27 cm.","og_url":"https:\/\/plastika-mares.hr\/sl\/izdelek\/viseci-cvetlicni-lonec-25-cm\/","og_site_name":"Alatnica i Plastika Mare\u0161","article_modified_time":"2023-02-23T15:38:51+00:00","og_image":[{"width":1200,"height":1200,"url":"https:\/\/plastika-mares.hr\/wp-content\/uploads\/2023\/01\/AP-MARES-Tegla-viseca-br-25-bijela-5.png","type":"image\/png"}],"twitter_card":"summary_large_image","schema":{"@context":"https:\/\/schema.org","@graph":[{"@type":"WebPage","@id":"https:\/\/plastika-mares.hr\/sl\/izdelek\/viseci-cvetlicni-lonec-25-cm\/","url":"https:\/\/plastika-mares.hr\/sl\/izdelek\/viseci-cvetlicni-lonec-25-cm\/","name":"Vise\u010di cvetli\u010dni lonec 25 cm - Alatnica i Plastika Mare\u0161","isPartOf":{"@id":"https:\/\/plastika-mares.hr\/#website"},"primaryImageOfPage":{"@id":"https:\/\/plastika-mares.hr\/sl\/izdelek\/viseci-cvetlicni-lonec-25-cm\/#primaryimage"},"image":{"@id":"https:\/\/plastika-mares.hr\/sl\/izdelek\/viseci-cvetlicni-lonec-25-cm\/#primaryimage"},"thumbnailUrl":"https:\/\/plastika-mares.hr\/wp-content\/uploads\/2023\/01\/AP-MARES-Tegla-viseca-br-25-bijela-1-4.png","datePublished":"2023-01-22T14:27:34+00:00","dateModified":"2023-02-23T15:38:51+00:00","breadcrumb":{"@id":"https:\/\/plastika-mares.hr\/sl\/izdelek\/viseci-cvetlicni-lonec-25-cm\/#breadcrumb"},"inLanguage":"sl-SI","potentialAction":[{"@type":"ReadAction","target":["https:\/\/plastika-mares.hr\/sl\/izdelek\/viseci-cvetlicni-lonec-25-cm\/"]}]},{"@type":"ImageObject","inLanguage":"sl-SI","@id":"https:\/\/plastika-mares.hr\/sl\/izdelek\/viseci-cvetlicni-lonec-25-cm\/#primaryimage","url":"https:\/\/plastika-mares.hr\/wp-content\/uploads\/2023\/01\/AP-MARES-Tegla-viseca-br-25-bijela-1-4.png","contentUrl":"https:\/\/plastika-mares.hr\/wp-content\/uploads\/2023\/01\/AP-MARES-Tegla-viseca-br-25-bijela-1-4.png","width":1200,"height":1201},{"@type":"BreadcrumbList","@id":"https:\/\/plastika-mares.hr\/sl\/izdelek\/viseci-cvetlicni-lonec-25-cm\/#breadcrumb","itemListElement":[{"@type":"ListItem","position":1,"name":"Po\u010detna stranica","item":"https:\/\/plastika-mares.hr\/sl\/"},{"@type":"ListItem","position":2,"name":"Veleprodaja","item":"https:\/\/plastika-mares.hr\/sl\/veleprodaja\/"},{"@type":"ListItem","position":3,"name":"Cvetli\u010dni program","item":"https:\/\/plastika-mares.hr\/sl\/kategorijo-izdelkov\/cvetlicni-program\/"},{"@type":"ListItem","position":4,"name":"Vise\u010di cvetli\u010dni lonci","item":"https:\/\/plastika-mares.hr\/sl\/kategorijo-izdelkov\/cvetlicni-program\/viseci-cvetlicni-lonci\/"},{"@type":"ListItem","position":5,"name":"Vise\u010di cvetli\u010dni lonec 25 cm"}]},{"@type":"WebSite","@id":"https:\/\/plastika-mares.hr\/#website","url":"https:\/\/plastika-mares.hr\/","name":"Alatnica i Plastika Mare\u0161","description":"Proizvodnja i Veleprodaja plastike","publisher":{"@id":"https:\/\/plastika-mares.hr\/#organization"},"potentialAction":[{"@type":"SearchAction","target":{"@type":"EntryPoint","urlTemplate":"https:\/\/plastika-mares.hr\/?s={search_term_string}"},"query-input":"required name=search_term_string"}],"inLanguage":"sl-SI"},{"@type":"Organization","@id":"https:\/\/plastika-mares.hr\/#organization","name":"Alatnica i Plastika Mare\u0161","url":"https:\/\/plastika-mares.hr\/","logo":{"@type":"ImageObject","inLanguage":"sl-SI","@id":"https:\/\/plastika-mares.hr\/#\/schema\/logo\/image\/","url":"https:\/\/plastika-mares.hr\/wp-content\/uploads\/2023\/02\/logo.svg","contentUrl":"https:\/\/plastika-mares.hr\/wp-content\/uploads\/2023\/02\/logo.svg","caption":"Alatnica i Plastika Mare\u0161"},"image":{"@id":"https:\/\/plastika-mares.hr\/#\/schema\/logo\/image\/"}}]}},"_links":{"self":[{"href":"https:\/\/plastika-mares.hr\/sl\/wp-json\/wp\/v2\/product\/1561","targetHints":{"allow":["GET"]}}],"collection":[{"href":"https:\/\/plastika-mares.hr\/sl\/wp-json\/wp\/v2\/product"}],"about":[{"href":"https:\/\/plastika-mares.hr\/sl\/wp-json\/wp\/v2\/types\/product"}],"wp:featuredmedia":[{"embeddable":true,"href":"https:\/\/plastika-mares.hr\/sl\/wp-json\/wp\/v2\/media\/678"}],"wp:attachment":[{"href":"https:\/\/plastika-mares.hr\/sl\/wp-json\/wp\/v2\/media?parent=1561"}],"wp:term":[{"taxonomy":"product_brand","embeddable":true,"href":"https:\/\/plastika-mares.hr\/sl\/wp-json\/wp\/v2\/product_brand?post=1561"},{"taxonomy":"product_cat","embeddable":true,"href":"https:\/\/plastika-mares.hr\/sl\/wp-json\/wp\/v2\/product_cat?post=1561"},{"taxonomy":"product_tag","embeddable":true,"href":"https:\/\/plastika-mares.hr\/sl\/wp-json\/wp\/v2\/product_tag?post=1561"}],"curies":[{"name":"wp","href":"https:\/\/api.w.org\/{rel}","templated":true}]}}