{"id":1545,"date":"2023-01-22T15:27:54","date_gmt":"2023-01-22T14:27:54","guid":{"rendered":"https:\/\/2023.plastika-mares.hr\/proizvod\/cvetlicni-lonec-st-48-48\/"},"modified":"2023-01-22T15:27:54","modified_gmt":"2023-01-22T14:27:54","slug":"cvetlicni-lonec-st-48","status":"publish","type":"product","link":"https:\/\/plastika-mares.hr\/sl\/izdelek\/cvetlicni-lonec-st-48\/","title":{"rendered":"Cvetli\u010dni lonec \u0161t. 48 48"},"content":{"rendered":"","protected":false},"excerpt":{"rendered":"<p>Velik cvetli\u010dni lonec s premerom 48 cm. Vi\u0161ina 36,5 cm. Primeren za sajenje in vzgajanje rastlin razli\u010dnih velikosti, tudi zelo velikih. Narejen je iz trajne plastike, zaradi \u010desar je lonec la\u017eji za prena\u0161anje, vendar obstojen. Primeren za uporabo v stanovanju ali na prostem.<\/p>\n","protected":false},"featured_media":710,"template":"","meta":{"_acf_changed":false},"product_brand":[],"product_cat":[216,227],"product_tag":[],"class_list":{"0":"post-1545","1":"product","2":"type-product","3":"status-publish","4":"has-post-thumbnail","6":"product_cat-cvetlicni-program","7":"product_cat-stojeci-kozarci-in-kozarec-48","9":"first","10":"instock","11":"shipping-taxable","12":"purchasable","13":"product-type-variable","14":"has-default-attributes","15":"wvs-archive-product-wrapper"},"acf":[],"yoast_head":"<!-- This site is optimized with the Yoast SEO Premium plugin v22.5 (Yoast SEO v22.5) - https:\/\/yoast.com\/wordpress\/plugins\/seo\/ -->\n<title>Cvetli\u010dni lonec \u0161t. 48 48 - Alatnica i Plastika Mare\u0161<\/title>\n<meta name=\"robots\" content=\"index, follow, max-snippet:-1, max-image-preview:large, max-video-preview:-1\" \/>\n<link rel=\"canonical\" href=\"https:\/\/plastika-mares.hr\/sl\/izdelek\/cvetlicni-lonec-st-48\/\" \/>\n<meta property=\"og:locale\" content=\"sl_SI\" \/>\n<meta property=\"og:type\" content=\"article\" \/>\n<meta property=\"og:title\" content=\"Cvetli\u010dni lonec \u0161t. 48 48\" \/>\n<meta property=\"og:description\" content=\"Velik cvetli\u010dni lonec s premerom 48 cm. Vi\u0161ina 36,5 cm. Primeren za sajenje in vzgajanje rastlin razli\u010dnih velikosti, tudi zelo velikih. Narejen je iz trajne plastike, zaradi \u010desar je lonec la\u017eji za prena\u0161anje, vendar obstojen. Primeren za uporabo v stanovanju ali na prostem.\" \/>\n<meta property=\"og:url\" content=\"https:\/\/plastika-mares.hr\/sl\/izdelek\/cvetlicni-lonec-st-48\/\" \/>\n<meta property=\"og:site_name\" content=\"Alatnica i Plastika Mare\u0161\" \/>\n<meta property=\"og:image\" content=\"https:\/\/plastika-mares.hr\/wp-content\/uploads\/2023\/01\/AP-MARES-Tegla-broj-48-terakota-1-4.png\" \/>\n\t<meta property=\"og:image:width\" content=\"1200\" \/>\n\t<meta property=\"og:image:height\" content=\"1200\" \/>\n\t<meta property=\"og:image:type\" content=\"image\/png\" \/>\n<meta name=\"twitter:card\" content=\"summary_large_image\" \/>\n<script type=\"application\/ld+json\" class=\"yoast-schema-graph\">{\"@context\":\"https:\/\/schema.org\",\"@graph\":[{\"@type\":\"WebPage\",\"@id\":\"https:\/\/plastika-mares.hr\/sl\/izdelek\/cvetlicni-lonec-st-48\/\",\"url\":\"https:\/\/plastika-mares.hr\/sl\/izdelek\/cvetlicni-lonec-st-48\/\",\"name\":\"Cvetli\u010dni lonec \u0161t. 48 48 - Alatnica i Plastika Mare\u0161\",\"isPartOf\":{\"@id\":\"https:\/\/plastika-mares.hr\/#website\"},\"primaryImageOfPage\":{\"@id\":\"https:\/\/plastika-mares.hr\/sl\/izdelek\/cvetlicni-lonec-st-48\/#primaryimage\"},\"image\":{\"@id\":\"https:\/\/plastika-mares.hr\/sl\/izdelek\/cvetlicni-lonec-st-48\/#primaryimage\"},\"thumbnailUrl\":\"https:\/\/plastika-mares.hr\/wp-content\/uploads\/2023\/01\/AP-MARES-Tegla-broj-48-terakota-1-4.png\",\"datePublished\":\"2023-01-22T14:27:54+00:00\",\"dateModified\":\"2023-01-22T14:27:54+00:00\",\"breadcrumb\":{\"@id\":\"https:\/\/plastika-mares.hr\/sl\/izdelek\/cvetlicni-lonec-st-48\/#breadcrumb\"},\"inLanguage\":\"sl-SI\",\"potentialAction\":[{\"@type\":\"ReadAction\",\"target\":[\"https:\/\/plastika-mares.hr\/sl\/izdelek\/cvetlicni-lonec-st-48\/\"]}]},{\"@type\":\"ImageObject\",\"inLanguage\":\"sl-SI\",\"@id\":\"https:\/\/plastika-mares.hr\/sl\/izdelek\/cvetlicni-lonec-st-48\/#primaryimage\",\"url\":\"https:\/\/plastika-mares.hr\/wp-content\/uploads\/2023\/01\/AP-MARES-Tegla-broj-48-terakota-1-4.png\",\"contentUrl\":\"https:\/\/plastika-mares.hr\/wp-content\/uploads\/2023\/01\/AP-MARES-Tegla-broj-48-terakota-1-4.png\",\"width\":1200,\"height\":1200},{\"@type\":\"BreadcrumbList\",\"@id\":\"https:\/\/plastika-mares.hr\/sl\/izdelek\/cvetlicni-lonec-st-48\/#breadcrumb\",\"itemListElement\":[{\"@type\":\"ListItem\",\"position\":1,\"name\":\"Po\u010detna stranica\",\"item\":\"https:\/\/plastika-mares.hr\/sl\/\"},{\"@type\":\"ListItem\",\"position\":2,\"name\":\"Veleprodaja\",\"item\":\"https:\/\/plastika-mares.hr\/sl\/veleprodaja\/\"},{\"@type\":\"ListItem\",\"position\":3,\"name\":\"Cvetli\u010dni program\",\"item\":\"https:\/\/plastika-mares.hr\/sl\/kategorijo-izdelkov\/cvetlicni-program\/\"},{\"@type\":\"ListItem\",\"position\":4,\"name\":\"Stoje\u010di kozarci in kozarec 48\",\"item\":\"https:\/\/plastika-mares.hr\/sl\/kategorijo-izdelkov\/cvetlicni-program\/stojeci-kozarci-in-kozarec-48\/\"},{\"@type\":\"ListItem\",\"position\":5,\"name\":\"Cvetli\u010dni lonec \u0161t. 48 48\"}]},{\"@type\":\"WebSite\",\"@id\":\"https:\/\/plastika-mares.hr\/#website\",\"url\":\"https:\/\/plastika-mares.hr\/\",\"name\":\"Alatnica i Plastika Mare\u0161\",\"description\":\"Proizvodnja i Veleprodaja plastike\",\"publisher\":{\"@id\":\"https:\/\/plastika-mares.hr\/#organization\"},\"potentialAction\":[{\"@type\":\"SearchAction\",\"target\":{\"@type\":\"EntryPoint\",\"urlTemplate\":\"https:\/\/plastika-mares.hr\/?s={search_term_string}\"},\"query-input\":\"required name=search_term_string\"}],\"inLanguage\":\"sl-SI\"},{\"@type\":\"Organization\",\"@id\":\"https:\/\/plastika-mares.hr\/#organization\",\"name\":\"Alatnica i Plastika Mare\u0161\",\"url\":\"https:\/\/plastika-mares.hr\/\",\"logo\":{\"@type\":\"ImageObject\",\"inLanguage\":\"sl-SI\",\"@id\":\"https:\/\/plastika-mares.hr\/#\/schema\/logo\/image\/\",\"url\":\"https:\/\/plastika-mares.hr\/wp-content\/uploads\/2023\/02\/logo.svg\",\"contentUrl\":\"https:\/\/plastika-mares.hr\/wp-content\/uploads\/2023\/02\/logo.svg\",\"caption\":\"Alatnica i Plastika Mare\u0161\"},\"image\":{\"@id\":\"https:\/\/plastika-mares.hr\/#\/schema\/logo\/image\/\"}}]}<\/script>\n<!-- \/ Yoast SEO Premium plugin. -->","yoast_head_json":{"title":"Cvetli\u010dni lonec \u0161t. 48 48 - Alatnica i Plastika Mare\u0161","robots":{"index":"index","follow":"follow","max-snippet":"max-snippet:-1","max-image-preview":"max-image-preview:large","max-video-preview":"max-video-preview:-1"},"canonical":"https:\/\/plastika-mares.hr\/sl\/izdelek\/cvetlicni-lonec-st-48\/","og_locale":"sl_SI","og_type":"article","og_title":"Cvetli\u010dni lonec \u0161t. 48 48","og_description":"Velik cvetli\u010dni lonec s premerom 48 cm. Vi\u0161ina 36,5 cm. Primeren za sajenje in vzgajanje rastlin razli\u010dnih velikosti, tudi zelo velikih. Narejen je iz trajne plastike, zaradi \u010desar je lonec la\u017eji za prena\u0161anje, vendar obstojen. Primeren za uporabo v stanovanju ali na prostem.","og_url":"https:\/\/plastika-mares.hr\/sl\/izdelek\/cvetlicni-lonec-st-48\/","og_site_name":"Alatnica i Plastika Mare\u0161","og_image":[{"width":1200,"height":1200,"url":"https:\/\/plastika-mares.hr\/wp-content\/uploads\/2023\/01\/AP-MARES-Tegla-broj-48-terakota-1-4.png","type":"image\/png"}],"twitter_card":"summary_large_image","schema":{"@context":"https:\/\/schema.org","@graph":[{"@type":"WebPage","@id":"https:\/\/plastika-mares.hr\/sl\/izdelek\/cvetlicni-lonec-st-48\/","url":"https:\/\/plastika-mares.hr\/sl\/izdelek\/cvetlicni-lonec-st-48\/","name":"Cvetli\u010dni lonec \u0161t. 48 48 - Alatnica i Plastika Mare\u0161","isPartOf":{"@id":"https:\/\/plastika-mares.hr\/#website"},"primaryImageOfPage":{"@id":"https:\/\/plastika-mares.hr\/sl\/izdelek\/cvetlicni-lonec-st-48\/#primaryimage"},"image":{"@id":"https:\/\/plastika-mares.hr\/sl\/izdelek\/cvetlicni-lonec-st-48\/#primaryimage"},"thumbnailUrl":"https:\/\/plastika-mares.hr\/wp-content\/uploads\/2023\/01\/AP-MARES-Tegla-broj-48-terakota-1-4.png","datePublished":"2023-01-22T14:27:54+00:00","dateModified":"2023-01-22T14:27:54+00:00","breadcrumb":{"@id":"https:\/\/plastika-mares.hr\/sl\/izdelek\/cvetlicni-lonec-st-48\/#breadcrumb"},"inLanguage":"sl-SI","potentialAction":[{"@type":"ReadAction","target":["https:\/\/plastika-mares.hr\/sl\/izdelek\/cvetlicni-lonec-st-48\/"]}]},{"@type":"ImageObject","inLanguage":"sl-SI","@id":"https:\/\/plastika-mares.hr\/sl\/izdelek\/cvetlicni-lonec-st-48\/#primaryimage","url":"https:\/\/plastika-mares.hr\/wp-content\/uploads\/2023\/01\/AP-MARES-Tegla-broj-48-terakota-1-4.png","contentUrl":"https:\/\/plastika-mares.hr\/wp-content\/uploads\/2023\/01\/AP-MARES-Tegla-broj-48-terakota-1-4.png","width":1200,"height":1200},{"@type":"BreadcrumbList","@id":"https:\/\/plastika-mares.hr\/sl\/izdelek\/cvetlicni-lonec-st-48\/#breadcrumb","itemListElement":[{"@type":"ListItem","position":1,"name":"Po\u010detna stranica","item":"https:\/\/plastika-mares.hr\/sl\/"},{"@type":"ListItem","position":2,"name":"Veleprodaja","item":"https:\/\/plastika-mares.hr\/sl\/veleprodaja\/"},{"@type":"ListItem","position":3,"name":"Cvetli\u010dni program","item":"https:\/\/plastika-mares.hr\/sl\/kategorijo-izdelkov\/cvetlicni-program\/"},{"@type":"ListItem","position":4,"name":"Stoje\u010di kozarci in kozarec 48","item":"https:\/\/plastika-mares.hr\/sl\/kategorijo-izdelkov\/cvetlicni-program\/stojeci-kozarci-in-kozarec-48\/"},{"@type":"ListItem","position":5,"name":"Cvetli\u010dni lonec \u0161t. 48 48"}]},{"@type":"WebSite","@id":"https:\/\/plastika-mares.hr\/#website","url":"https:\/\/plastika-mares.hr\/","name":"Alatnica i Plastika Mare\u0161","description":"Proizvodnja i Veleprodaja plastike","publisher":{"@id":"https:\/\/plastika-mares.hr\/#organization"},"potentialAction":[{"@type":"SearchAction","target":{"@type":"EntryPoint","urlTemplate":"https:\/\/plastika-mares.hr\/?s={search_term_string}"},"query-input":"required name=search_term_string"}],"inLanguage":"sl-SI"},{"@type":"Organization","@id":"https:\/\/plastika-mares.hr\/#organization","name":"Alatnica i Plastika Mare\u0161","url":"https:\/\/plastika-mares.hr\/","logo":{"@type":"ImageObject","inLanguage":"sl-SI","@id":"https:\/\/plastika-mares.hr\/#\/schema\/logo\/image\/","url":"https:\/\/plastika-mares.hr\/wp-content\/uploads\/2023\/02\/logo.svg","contentUrl":"https:\/\/plastika-mares.hr\/wp-content\/uploads\/2023\/02\/logo.svg","caption":"Alatnica i Plastika Mare\u0161"},"image":{"@id":"https:\/\/plastika-mares.hr\/#\/schema\/logo\/image\/"}}]}},"_links":{"self":[{"href":"https:\/\/plastika-mares.hr\/sl\/wp-json\/wp\/v2\/product\/1545","targetHints":{"allow":["GET"]}}],"collection":[{"href":"https:\/\/plastika-mares.hr\/sl\/wp-json\/wp\/v2\/product"}],"about":[{"href":"https:\/\/plastika-mares.hr\/sl\/wp-json\/wp\/v2\/types\/product"}],"wp:featuredmedia":[{"embeddable":true,"href":"https:\/\/plastika-mares.hr\/sl\/wp-json\/wp\/v2\/media\/710"}],"wp:attachment":[{"href":"https:\/\/plastika-mares.hr\/sl\/wp-json\/wp\/v2\/media?parent=1545"}],"wp:term":[{"taxonomy":"product_brand","embeddable":true,"href":"https:\/\/plastika-mares.hr\/sl\/wp-json\/wp\/v2\/product_brand?post=1545"},{"taxonomy":"product_cat","embeddable":true,"href":"https:\/\/plastika-mares.hr\/sl\/wp-json\/wp\/v2\/product_cat?post=1545"},{"taxonomy":"product_tag","embeddable":true,"href":"https:\/\/plastika-mares.hr\/sl\/wp-json\/wp\/v2\/product_tag?post=1545"}],"curies":[{"name":"wp","href":"https:\/\/api.w.org\/{rel}","templated":true}]}}