{"id":1504,"date":"2023-01-22T15:28:07","date_gmt":"2023-01-22T14:28:07","guid":{"rendered":"https:\/\/2023.plastika-mares.hr\/proizvod\/grablje-za-listje-brez-rocaja-velike\/"},"modified":"2023-01-22T15:28:07","modified_gmt":"2023-01-22T14:28:07","slug":"grablje-za-listje-brez-rocaja-velike","status":"publish","type":"product","link":"https:\/\/plastika-mares.hr\/sl\/izdelek\/grablje-za-listje-brez-rocaja-velike\/","title":{"rendered":"Grablje za listje brez ro\u010daja &#8211; velike"},"content":{"rendered":"","protected":false},"excerpt":{"rendered":"<p>\u0160tevilo zobcev: 21<\/p>\n<p>Pakiranje: brez ro\u010daja 10 kosov<\/p>\n<p>Dimenzije:<\/p>\n<p>\u0160irina: 54 cm<\/p>\n<p>Vi\u0161ina: 44 cm<\/p>\n<p>Na voljo v rde\u010di in zeleni barvi.<\/p>\n","protected":false},"featured_media":5242,"template":"","meta":{"_acf_changed":false},"product_brand":[],"product_cat":[224,218],"product_tag":[],"class_list":{"0":"post-1504","1":"product","2":"type-product","3":"status-publish","4":"has-post-thumbnail","6":"product_cat-grablje-sl","7":"product_cat-kmetijstvo-in-vrt","9":"first","10":"instock","11":"shipping-taxable","12":"purchasable","13":"product-type-simple"},"acf":[],"yoast_head":"<!-- This site is optimized with the Yoast SEO Premium plugin v22.5 (Yoast SEO v22.5) - https:\/\/yoast.com\/wordpress\/plugins\/seo\/ -->\n<title>Grablje za listje brez ro\u010daja - velike - Alatnica i Plastika Mare\u0161<\/title>\n<meta name=\"robots\" content=\"index, follow, max-snippet:-1, max-image-preview:large, max-video-preview:-1\" \/>\n<link rel=\"canonical\" href=\"https:\/\/plastika-mares.hr\/sl\/izdelek\/grablje-za-listje-brez-rocaja-velike\/\" \/>\n<meta property=\"og:locale\" content=\"sl_SI\" \/>\n<meta property=\"og:type\" content=\"article\" \/>\n<meta property=\"og:title\" content=\"Grablje za listje brez ro\u010daja - velike\" \/>\n<meta property=\"og:description\" content=\"\u0160tevilo zobcev: 21 Pakiranje: brez ro\u010daja 10 kosov Dimenzije: \u0160irina: 54 cm Vi\u0161ina: 44 cm  Na voljo v rde\u010di in zeleni barvi.\" \/>\n<meta property=\"og:url\" content=\"https:\/\/plastika-mares.hr\/sl\/izdelek\/grablje-za-listje-brez-rocaja-velike\/\" \/>\n<meta property=\"og:site_name\" content=\"Alatnica i Plastika Mare\u0161\" \/>\n<meta property=\"og:image\" content=\"https:\/\/plastika-mares.hr\/wp-content\/uploads\/2023\/01\/AP_MARES_Grablje_za_lisce_velike_bez_drske.png\" \/>\n\t<meta property=\"og:image:width\" content=\"2500\" \/>\n\t<meta property=\"og:image:height\" content=\"2500\" \/>\n\t<meta property=\"og:image:type\" content=\"image\/png\" \/>\n<meta name=\"twitter:card\" content=\"summary_large_image\" \/>\n<script type=\"application\/ld+json\" class=\"yoast-schema-graph\">{\"@context\":\"https:\/\/schema.org\",\"@graph\":[{\"@type\":\"WebPage\",\"@id\":\"https:\/\/plastika-mares.hr\/sl\/izdelek\/grablje-za-listje-brez-rocaja-velike\/\",\"url\":\"https:\/\/plastika-mares.hr\/sl\/izdelek\/grablje-za-listje-brez-rocaja-velike\/\",\"name\":\"Grablje za listje brez ro\u010daja - velike - Alatnica i Plastika Mare\u0161\",\"isPartOf\":{\"@id\":\"https:\/\/plastika-mares.hr\/#website\"},\"primaryImageOfPage\":{\"@id\":\"https:\/\/plastika-mares.hr\/sl\/izdelek\/grablje-za-listje-brez-rocaja-velike\/#primaryimage\"},\"image\":{\"@id\":\"https:\/\/plastika-mares.hr\/sl\/izdelek\/grablje-za-listje-brez-rocaja-velike\/#primaryimage\"},\"thumbnailUrl\":\"https:\/\/plastika-mares.hr\/wp-content\/uploads\/2023\/01\/AP_MARES_Grablje_za_lisce_velike_bez_drske.png\",\"datePublished\":\"2023-01-22T14:28:07+00:00\",\"dateModified\":\"2023-01-22T14:28:07+00:00\",\"breadcrumb\":{\"@id\":\"https:\/\/plastika-mares.hr\/sl\/izdelek\/grablje-za-listje-brez-rocaja-velike\/#breadcrumb\"},\"inLanguage\":\"sl-SI\",\"potentialAction\":[{\"@type\":\"ReadAction\",\"target\":[\"https:\/\/plastika-mares.hr\/sl\/izdelek\/grablje-za-listje-brez-rocaja-velike\/\"]}]},{\"@type\":\"ImageObject\",\"inLanguage\":\"sl-SI\",\"@id\":\"https:\/\/plastika-mares.hr\/sl\/izdelek\/grablje-za-listje-brez-rocaja-velike\/#primaryimage\",\"url\":\"https:\/\/plastika-mares.hr\/wp-content\/uploads\/2023\/01\/AP_MARES_Grablje_za_lisce_velike_bez_drske.png\",\"contentUrl\":\"https:\/\/plastika-mares.hr\/wp-content\/uploads\/2023\/01\/AP_MARES_Grablje_za_lisce_velike_bez_drske.png\",\"width\":2500,\"height\":2500},{\"@type\":\"BreadcrumbList\",\"@id\":\"https:\/\/plastika-mares.hr\/sl\/izdelek\/grablje-za-listje-brez-rocaja-velike\/#breadcrumb\",\"itemListElement\":[{\"@type\":\"ListItem\",\"position\":1,\"name\":\"Po\u010detna stranica\",\"item\":\"https:\/\/plastika-mares.hr\/sl\/\"},{\"@type\":\"ListItem\",\"position\":2,\"name\":\"Veleprodaja\",\"item\":\"https:\/\/plastika-mares.hr\/sl\/veleprodaja\/\"},{\"@type\":\"ListItem\",\"position\":3,\"name\":\"Kmetijstvo in vrt\",\"item\":\"https:\/\/plastika-mares.hr\/sl\/kategorijo-izdelkov\/kmetijstvo-in-vrt\/\"},{\"@type\":\"ListItem\",\"position\":4,\"name\":\"Grablje\",\"item\":\"https:\/\/plastika-mares.hr\/sl\/kategorijo-izdelkov\/kmetijstvo-in-vrt\/grablje-sl\/\"},{\"@type\":\"ListItem\",\"position\":5,\"name\":\"Grablje za listje brez ro\u010daja &#8211; velike\"}]},{\"@type\":\"WebSite\",\"@id\":\"https:\/\/plastika-mares.hr\/#website\",\"url\":\"https:\/\/plastika-mares.hr\/\",\"name\":\"Alatnica i Plastika Mare\u0161\",\"description\":\"Proizvodnja i Veleprodaja plastike\",\"publisher\":{\"@id\":\"https:\/\/plastika-mares.hr\/#organization\"},\"potentialAction\":[{\"@type\":\"SearchAction\",\"target\":{\"@type\":\"EntryPoint\",\"urlTemplate\":\"https:\/\/plastika-mares.hr\/?s={search_term_string}\"},\"query-input\":\"required name=search_term_string\"}],\"inLanguage\":\"sl-SI\"},{\"@type\":\"Organization\",\"@id\":\"https:\/\/plastika-mares.hr\/#organization\",\"name\":\"Alatnica i Plastika Mare\u0161\",\"url\":\"https:\/\/plastika-mares.hr\/\",\"logo\":{\"@type\":\"ImageObject\",\"inLanguage\":\"sl-SI\",\"@id\":\"https:\/\/plastika-mares.hr\/#\/schema\/logo\/image\/\",\"url\":\"https:\/\/plastika-mares.hr\/wp-content\/uploads\/2023\/02\/logo.svg\",\"contentUrl\":\"https:\/\/plastika-mares.hr\/wp-content\/uploads\/2023\/02\/logo.svg\",\"caption\":\"Alatnica i Plastika Mare\u0161\"},\"image\":{\"@id\":\"https:\/\/plastika-mares.hr\/#\/schema\/logo\/image\/\"}}]}<\/script>\n<!-- \/ Yoast SEO Premium plugin. -->","yoast_head_json":{"title":"Grablje za listje brez ro\u010daja - velike - Alatnica i Plastika Mare\u0161","robots":{"index":"index","follow":"follow","max-snippet":"max-snippet:-1","max-image-preview":"max-image-preview:large","max-video-preview":"max-video-preview:-1"},"canonical":"https:\/\/plastika-mares.hr\/sl\/izdelek\/grablje-za-listje-brez-rocaja-velike\/","og_locale":"sl_SI","og_type":"article","og_title":"Grablje za listje brez ro\u010daja - velike","og_description":"\u0160tevilo zobcev: 21 Pakiranje: brez ro\u010daja 10 kosov Dimenzije: \u0160irina: 54 cm Vi\u0161ina: 44 cm  Na voljo v rde\u010di in zeleni barvi.","og_url":"https:\/\/plastika-mares.hr\/sl\/izdelek\/grablje-za-listje-brez-rocaja-velike\/","og_site_name":"Alatnica i Plastika Mare\u0161","og_image":[{"width":2500,"height":2500,"url":"https:\/\/plastika-mares.hr\/wp-content\/uploads\/2023\/01\/AP_MARES_Grablje_za_lisce_velike_bez_drske.png","type":"image\/png"}],"twitter_card":"summary_large_image","schema":{"@context":"https:\/\/schema.org","@graph":[{"@type":"WebPage","@id":"https:\/\/plastika-mares.hr\/sl\/izdelek\/grablje-za-listje-brez-rocaja-velike\/","url":"https:\/\/plastika-mares.hr\/sl\/izdelek\/grablje-za-listje-brez-rocaja-velike\/","name":"Grablje za listje brez ro\u010daja - velike - Alatnica i Plastika Mare\u0161","isPartOf":{"@id":"https:\/\/plastika-mares.hr\/#website"},"primaryImageOfPage":{"@id":"https:\/\/plastika-mares.hr\/sl\/izdelek\/grablje-za-listje-brez-rocaja-velike\/#primaryimage"},"image":{"@id":"https:\/\/plastika-mares.hr\/sl\/izdelek\/grablje-za-listje-brez-rocaja-velike\/#primaryimage"},"thumbnailUrl":"https:\/\/plastika-mares.hr\/wp-content\/uploads\/2023\/01\/AP_MARES_Grablje_za_lisce_velike_bez_drske.png","datePublished":"2023-01-22T14:28:07+00:00","dateModified":"2023-01-22T14:28:07+00:00","breadcrumb":{"@id":"https:\/\/plastika-mares.hr\/sl\/izdelek\/grablje-za-listje-brez-rocaja-velike\/#breadcrumb"},"inLanguage":"sl-SI","potentialAction":[{"@type":"ReadAction","target":["https:\/\/plastika-mares.hr\/sl\/izdelek\/grablje-za-listje-brez-rocaja-velike\/"]}]},{"@type":"ImageObject","inLanguage":"sl-SI","@id":"https:\/\/plastika-mares.hr\/sl\/izdelek\/grablje-za-listje-brez-rocaja-velike\/#primaryimage","url":"https:\/\/plastika-mares.hr\/wp-content\/uploads\/2023\/01\/AP_MARES_Grablje_za_lisce_velike_bez_drske.png","contentUrl":"https:\/\/plastika-mares.hr\/wp-content\/uploads\/2023\/01\/AP_MARES_Grablje_za_lisce_velike_bez_drske.png","width":2500,"height":2500},{"@type":"BreadcrumbList","@id":"https:\/\/plastika-mares.hr\/sl\/izdelek\/grablje-za-listje-brez-rocaja-velike\/#breadcrumb","itemListElement":[{"@type":"ListItem","position":1,"name":"Po\u010detna stranica","item":"https:\/\/plastika-mares.hr\/sl\/"},{"@type":"ListItem","position":2,"name":"Veleprodaja","item":"https:\/\/plastika-mares.hr\/sl\/veleprodaja\/"},{"@type":"ListItem","position":3,"name":"Kmetijstvo in vrt","item":"https:\/\/plastika-mares.hr\/sl\/kategorijo-izdelkov\/kmetijstvo-in-vrt\/"},{"@type":"ListItem","position":4,"name":"Grablje","item":"https:\/\/plastika-mares.hr\/sl\/kategorijo-izdelkov\/kmetijstvo-in-vrt\/grablje-sl\/"},{"@type":"ListItem","position":5,"name":"Grablje za listje brez ro\u010daja &#8211; velike"}]},{"@type":"WebSite","@id":"https:\/\/plastika-mares.hr\/#website","url":"https:\/\/plastika-mares.hr\/","name":"Alatnica i Plastika Mare\u0161","description":"Proizvodnja i Veleprodaja plastike","publisher":{"@id":"https:\/\/plastika-mares.hr\/#organization"},"potentialAction":[{"@type":"SearchAction","target":{"@type":"EntryPoint","urlTemplate":"https:\/\/plastika-mares.hr\/?s={search_term_string}"},"query-input":"required name=search_term_string"}],"inLanguage":"sl-SI"},{"@type":"Organization","@id":"https:\/\/plastika-mares.hr\/#organization","name":"Alatnica i Plastika Mare\u0161","url":"https:\/\/plastika-mares.hr\/","logo":{"@type":"ImageObject","inLanguage":"sl-SI","@id":"https:\/\/plastika-mares.hr\/#\/schema\/logo\/image\/","url":"https:\/\/plastika-mares.hr\/wp-content\/uploads\/2023\/02\/logo.svg","contentUrl":"https:\/\/plastika-mares.hr\/wp-content\/uploads\/2023\/02\/logo.svg","caption":"Alatnica i Plastika Mare\u0161"},"image":{"@id":"https:\/\/plastika-mares.hr\/#\/schema\/logo\/image\/"}}]}},"_links":{"self":[{"href":"https:\/\/plastika-mares.hr\/sl\/wp-json\/wp\/v2\/product\/1504","targetHints":{"allow":["GET"]}}],"collection":[{"href":"https:\/\/plastika-mares.hr\/sl\/wp-json\/wp\/v2\/product"}],"about":[{"href":"https:\/\/plastika-mares.hr\/sl\/wp-json\/wp\/v2\/types\/product"}],"wp:featuredmedia":[{"embeddable":true,"href":"https:\/\/plastika-mares.hr\/sl\/wp-json\/wp\/v2\/media\/5242"}],"wp:attachment":[{"href":"https:\/\/plastika-mares.hr\/sl\/wp-json\/wp\/v2\/media?parent=1504"}],"wp:term":[{"taxonomy":"product_brand","embeddable":true,"href":"https:\/\/plastika-mares.hr\/sl\/wp-json\/wp\/v2\/product_brand?post=1504"},{"taxonomy":"product_cat","embeddable":true,"href":"https:\/\/plastika-mares.hr\/sl\/wp-json\/wp\/v2\/product_cat?post=1504"},{"taxonomy":"product_tag","embeddable":true,"href":"https:\/\/plastika-mares.hr\/sl\/wp-json\/wp\/v2\/product_tag?post=1504"}],"curies":[{"name":"wp","href":"https:\/\/api.w.org\/{rel}","templated":true}]}}