{"id":1444,"date":"2023-01-22T15:28:43","date_gmt":"2023-01-22T14:28:43","guid":{"rendered":"https:\/\/2023.plastika-mares.hr\/proizvod\/zidarska-posoda-okrogla-25-l-45-l-55-l\/"},"modified":"2023-03-07T02:12:32","modified_gmt":"2023-03-07T01:12:32","slug":"zidarska-posoda-okrogla-25l-45l-55l","status":"publish","type":"product","link":"https:\/\/plastika-mares.hr\/sl\/izdelek\/zidarska-posoda-okrogla-25l-45l-55l\/","title":{"rendered":"Gradbena posoda okrogla 25L 45L 55L"},"content":{"rendered":"","protected":false},"excerpt":{"rendered":"<p>Prostornina:<\/p>\n<p><strong>Zidarska posoda okrogla 25 l<\/strong> &#8211; premer 420 mm, vi\u0161ina 260 mm<br \/>\n<strong>Zidarska posoda okrogla 45 l<\/strong> &#8211; premer 525mm, vi\u0161ina 320mm<br \/>\n<strong>Zidarska posoda okrogla 55 l<\/strong> &#8211; premer 550 mm, vi\u0161ina 350 mm<\/p>\n","protected":false},"featured_media":910,"template":"","meta":{"_acf_changed":false},"product_brand":[],"product_cat":[213],"product_tag":[],"class_list":{"0":"post-1444","1":"product","2":"type-product","3":"status-publish","4":"has-post-thumbnail","6":"product_cat-gradbenistvo","8":"first","9":"instock","10":"shipping-taxable","11":"purchasable","12":"product-type-simple"},"acf":[],"yoast_head":"<!-- This site is optimized with the Yoast SEO Premium plugin v22.5 (Yoast SEO v22.5) - https:\/\/yoast.com\/wordpress\/plugins\/seo\/ -->\n<title>Gradbena posoda okrogla 25L 45L 55L - Alatnica i Plastika Mare\u0161<\/title>\n<meta name=\"robots\" content=\"index, follow, max-snippet:-1, max-image-preview:large, max-video-preview:-1\" \/>\n<link rel=\"canonical\" href=\"https:\/\/plastika-mares.hr\/sl\/izdelek\/zidarska-posoda-okrogla-25l-45l-55l\/\" \/>\n<meta property=\"og:locale\" content=\"sl_SI\" \/>\n<meta property=\"og:type\" content=\"article\" \/>\n<meta property=\"og:title\" content=\"Gradbena posoda okrogla 25L 45L 55L\" \/>\n<meta property=\"og:description\" content=\"Prostornina: Zidarska posoda okrogla 25 l - premer 420 mm, vi\u0161ina 260 mm Zidarska posoda okrogla 45 l - premer 525mm, vi\u0161ina 320mm Zidarska posoda okrogla 55 l - premer 550 mm, vi\u0161ina 350 mm\" \/>\n<meta property=\"og:url\" content=\"https:\/\/plastika-mares.hr\/sl\/izdelek\/zidarska-posoda-okrogla-25l-45l-55l\/\" \/>\n<meta property=\"og:site_name\" content=\"Alatnica i Plastika Mare\u0161\" \/>\n<meta property=\"article:modified_time\" content=\"2023-03-07T01:12:32+00:00\" \/>\n<meta property=\"og:image\" content=\"https:\/\/plastika-mares.hr\/wp-content\/uploads\/2023\/01\/gradevinskaposudaAPMARESokrugla-55-4.png\" \/>\n\t<meta property=\"og:image:width\" content=\"1000\" \/>\n\t<meta property=\"og:image:height\" content=\"1000\" \/>\n\t<meta property=\"og:image:type\" content=\"image\/png\" \/>\n<meta name=\"twitter:card\" content=\"summary_large_image\" \/>\n<script type=\"application\/ld+json\" class=\"yoast-schema-graph\">{\"@context\":\"https:\/\/schema.org\",\"@graph\":[{\"@type\":\"WebPage\",\"@id\":\"https:\/\/plastika-mares.hr\/sl\/izdelek\/zidarska-posoda-okrogla-25l-45l-55l\/\",\"url\":\"https:\/\/plastika-mares.hr\/sl\/izdelek\/zidarska-posoda-okrogla-25l-45l-55l\/\",\"name\":\"Gradbena posoda okrogla 25L 45L 55L - Alatnica i Plastika Mare\u0161\",\"isPartOf\":{\"@id\":\"https:\/\/plastika-mares.hr\/#website\"},\"primaryImageOfPage\":{\"@id\":\"https:\/\/plastika-mares.hr\/sl\/izdelek\/zidarska-posoda-okrogla-25l-45l-55l\/#primaryimage\"},\"image\":{\"@id\":\"https:\/\/plastika-mares.hr\/sl\/izdelek\/zidarska-posoda-okrogla-25l-45l-55l\/#primaryimage\"},\"thumbnailUrl\":\"https:\/\/plastika-mares.hr\/wp-content\/uploads\/2023\/01\/gradevinskaposudaAPMARESokrugla-55-4.png\",\"datePublished\":\"2023-01-22T14:28:43+00:00\",\"dateModified\":\"2023-03-07T01:12:32+00:00\",\"breadcrumb\":{\"@id\":\"https:\/\/plastika-mares.hr\/sl\/izdelek\/zidarska-posoda-okrogla-25l-45l-55l\/#breadcrumb\"},\"inLanguage\":\"sl-SI\",\"potentialAction\":[{\"@type\":\"ReadAction\",\"target\":[\"https:\/\/plastika-mares.hr\/sl\/izdelek\/zidarska-posoda-okrogla-25l-45l-55l\/\"]}]},{\"@type\":\"ImageObject\",\"inLanguage\":\"sl-SI\",\"@id\":\"https:\/\/plastika-mares.hr\/sl\/izdelek\/zidarska-posoda-okrogla-25l-45l-55l\/#primaryimage\",\"url\":\"https:\/\/plastika-mares.hr\/wp-content\/uploads\/2023\/01\/gradevinskaposudaAPMARESokrugla-55-4.png\",\"contentUrl\":\"https:\/\/plastika-mares.hr\/wp-content\/uploads\/2023\/01\/gradevinskaposudaAPMARESokrugla-55-4.png\",\"width\":1000,\"height\":1000},{\"@type\":\"BreadcrumbList\",\"@id\":\"https:\/\/plastika-mares.hr\/sl\/izdelek\/zidarska-posoda-okrogla-25l-45l-55l\/#breadcrumb\",\"itemListElement\":[{\"@type\":\"ListItem\",\"position\":1,\"name\":\"Po\u010detna stranica\",\"item\":\"https:\/\/plastika-mares.hr\/sl\/\"},{\"@type\":\"ListItem\",\"position\":2,\"name\":\"Veleprodaja\",\"item\":\"https:\/\/plastika-mares.hr\/sl\/veleprodaja\/\"},{\"@type\":\"ListItem\",\"position\":3,\"name\":\"Gradbeni\u0161tvo\",\"item\":\"https:\/\/plastika-mares.hr\/sl\/kategorijo-izdelkov\/gradbenistvo\/\"},{\"@type\":\"ListItem\",\"position\":4,\"name\":\"Gradbena posoda okrogla 25L 45L 55L\"}]},{\"@type\":\"WebSite\",\"@id\":\"https:\/\/plastika-mares.hr\/#website\",\"url\":\"https:\/\/plastika-mares.hr\/\",\"name\":\"Alatnica i Plastika Mare\u0161\",\"description\":\"Proizvodnja i Veleprodaja plastike\",\"publisher\":{\"@id\":\"https:\/\/plastika-mares.hr\/#organization\"},\"potentialAction\":[{\"@type\":\"SearchAction\",\"target\":{\"@type\":\"EntryPoint\",\"urlTemplate\":\"https:\/\/plastika-mares.hr\/?s={search_term_string}\"},\"query-input\":\"required name=search_term_string\"}],\"inLanguage\":\"sl-SI\"},{\"@type\":\"Organization\",\"@id\":\"https:\/\/plastika-mares.hr\/#organization\",\"name\":\"Alatnica i Plastika Mare\u0161\",\"url\":\"https:\/\/plastika-mares.hr\/\",\"logo\":{\"@type\":\"ImageObject\",\"inLanguage\":\"sl-SI\",\"@id\":\"https:\/\/plastika-mares.hr\/#\/schema\/logo\/image\/\",\"url\":\"https:\/\/plastika-mares.hr\/wp-content\/uploads\/2023\/02\/logo.svg\",\"contentUrl\":\"https:\/\/plastika-mares.hr\/wp-content\/uploads\/2023\/02\/logo.svg\",\"caption\":\"Alatnica i Plastika Mare\u0161\"},\"image\":{\"@id\":\"https:\/\/plastika-mares.hr\/#\/schema\/logo\/image\/\"}}]}<\/script>\n<!-- \/ Yoast SEO Premium plugin. -->","yoast_head_json":{"title":"Gradbena posoda okrogla 25L 45L 55L - Alatnica i Plastika Mare\u0161","robots":{"index":"index","follow":"follow","max-snippet":"max-snippet:-1","max-image-preview":"max-image-preview:large","max-video-preview":"max-video-preview:-1"},"canonical":"https:\/\/plastika-mares.hr\/sl\/izdelek\/zidarska-posoda-okrogla-25l-45l-55l\/","og_locale":"sl_SI","og_type":"article","og_title":"Gradbena posoda okrogla 25L 45L 55L","og_description":"Prostornina: Zidarska posoda okrogla 25 l - premer 420 mm, vi\u0161ina 260 mm Zidarska posoda okrogla 45 l - premer 525mm, vi\u0161ina 320mm Zidarska posoda okrogla 55 l - premer 550 mm, vi\u0161ina 350 mm","og_url":"https:\/\/plastika-mares.hr\/sl\/izdelek\/zidarska-posoda-okrogla-25l-45l-55l\/","og_site_name":"Alatnica i Plastika Mare\u0161","article_modified_time":"2023-03-07T01:12:32+00:00","og_image":[{"width":1000,"height":1000,"url":"https:\/\/plastika-mares.hr\/wp-content\/uploads\/2023\/01\/gradevinskaposudaAPMARESokrugla-55-4.png","type":"image\/png"}],"twitter_card":"summary_large_image","schema":{"@context":"https:\/\/schema.org","@graph":[{"@type":"WebPage","@id":"https:\/\/plastika-mares.hr\/sl\/izdelek\/zidarska-posoda-okrogla-25l-45l-55l\/","url":"https:\/\/plastika-mares.hr\/sl\/izdelek\/zidarska-posoda-okrogla-25l-45l-55l\/","name":"Gradbena posoda okrogla 25L 45L 55L - Alatnica i Plastika Mare\u0161","isPartOf":{"@id":"https:\/\/plastika-mares.hr\/#website"},"primaryImageOfPage":{"@id":"https:\/\/plastika-mares.hr\/sl\/izdelek\/zidarska-posoda-okrogla-25l-45l-55l\/#primaryimage"},"image":{"@id":"https:\/\/plastika-mares.hr\/sl\/izdelek\/zidarska-posoda-okrogla-25l-45l-55l\/#primaryimage"},"thumbnailUrl":"https:\/\/plastika-mares.hr\/wp-content\/uploads\/2023\/01\/gradevinskaposudaAPMARESokrugla-55-4.png","datePublished":"2023-01-22T14:28:43+00:00","dateModified":"2023-03-07T01:12:32+00:00","breadcrumb":{"@id":"https:\/\/plastika-mares.hr\/sl\/izdelek\/zidarska-posoda-okrogla-25l-45l-55l\/#breadcrumb"},"inLanguage":"sl-SI","potentialAction":[{"@type":"ReadAction","target":["https:\/\/plastika-mares.hr\/sl\/izdelek\/zidarska-posoda-okrogla-25l-45l-55l\/"]}]},{"@type":"ImageObject","inLanguage":"sl-SI","@id":"https:\/\/plastika-mares.hr\/sl\/izdelek\/zidarska-posoda-okrogla-25l-45l-55l\/#primaryimage","url":"https:\/\/plastika-mares.hr\/wp-content\/uploads\/2023\/01\/gradevinskaposudaAPMARESokrugla-55-4.png","contentUrl":"https:\/\/plastika-mares.hr\/wp-content\/uploads\/2023\/01\/gradevinskaposudaAPMARESokrugla-55-4.png","width":1000,"height":1000},{"@type":"BreadcrumbList","@id":"https:\/\/plastika-mares.hr\/sl\/izdelek\/zidarska-posoda-okrogla-25l-45l-55l\/#breadcrumb","itemListElement":[{"@type":"ListItem","position":1,"name":"Po\u010detna stranica","item":"https:\/\/plastika-mares.hr\/sl\/"},{"@type":"ListItem","position":2,"name":"Veleprodaja","item":"https:\/\/plastika-mares.hr\/sl\/veleprodaja\/"},{"@type":"ListItem","position":3,"name":"Gradbeni\u0161tvo","item":"https:\/\/plastika-mares.hr\/sl\/kategorijo-izdelkov\/gradbenistvo\/"},{"@type":"ListItem","position":4,"name":"Gradbena posoda okrogla 25L 45L 55L"}]},{"@type":"WebSite","@id":"https:\/\/plastika-mares.hr\/#website","url":"https:\/\/plastika-mares.hr\/","name":"Alatnica i Plastika Mare\u0161","description":"Proizvodnja i Veleprodaja plastike","publisher":{"@id":"https:\/\/plastika-mares.hr\/#organization"},"potentialAction":[{"@type":"SearchAction","target":{"@type":"EntryPoint","urlTemplate":"https:\/\/plastika-mares.hr\/?s={search_term_string}"},"query-input":"required name=search_term_string"}],"inLanguage":"sl-SI"},{"@type":"Organization","@id":"https:\/\/plastika-mares.hr\/#organization","name":"Alatnica i Plastika Mare\u0161","url":"https:\/\/plastika-mares.hr\/","logo":{"@type":"ImageObject","inLanguage":"sl-SI","@id":"https:\/\/plastika-mares.hr\/#\/schema\/logo\/image\/","url":"https:\/\/plastika-mares.hr\/wp-content\/uploads\/2023\/02\/logo.svg","contentUrl":"https:\/\/plastika-mares.hr\/wp-content\/uploads\/2023\/02\/logo.svg","caption":"Alatnica i Plastika Mare\u0161"},"image":{"@id":"https:\/\/plastika-mares.hr\/#\/schema\/logo\/image\/"}}]}},"_links":{"self":[{"href":"https:\/\/plastika-mares.hr\/sl\/wp-json\/wp\/v2\/product\/1444","targetHints":{"allow":["GET"]}}],"collection":[{"href":"https:\/\/plastika-mares.hr\/sl\/wp-json\/wp\/v2\/product"}],"about":[{"href":"https:\/\/plastika-mares.hr\/sl\/wp-json\/wp\/v2\/types\/product"}],"wp:featuredmedia":[{"embeddable":true,"href":"https:\/\/plastika-mares.hr\/sl\/wp-json\/wp\/v2\/media\/910"}],"wp:attachment":[{"href":"https:\/\/plastika-mares.hr\/sl\/wp-json\/wp\/v2\/media?parent=1444"}],"wp:term":[{"taxonomy":"product_brand","embeddable":true,"href":"https:\/\/plastika-mares.hr\/sl\/wp-json\/wp\/v2\/product_brand?post=1444"},{"taxonomy":"product_cat","embeddable":true,"href":"https:\/\/plastika-mares.hr\/sl\/wp-json\/wp\/v2\/product_cat?post=1444"},{"taxonomy":"product_tag","embeddable":true,"href":"https:\/\/plastika-mares.hr\/sl\/wp-json\/wp\/v2\/product_tag?post=1444"}],"curies":[{"name":"wp","href":"https:\/\/api.w.org\/{rel}","templated":true}]}}