{"id":3383,"date":"2023-02-26T13:34:37","date_gmt":"2023-02-26T12:34:37","guid":{"rendered":"https:\/\/2023.plastika-mares.hr\/katalog\/"},"modified":"2026-01-08T10:03:04","modified_gmt":"2026-01-08T09:03:04","slug":"katalog","status":"publish","type":"page","link":"https:\/\/plastika-mares.hr\/sl\/katalog\/","title":{"rendered":"Katalog"},"content":{"rendered":"\t\t<div data-elementor-type=\"wp-page\" data-elementor-id=\"3383\" class=\"elementor elementor-3383 elementor-1902\" data-elementor-post-type=\"page\">\n\t\t\t\t\t\t<section class=\"elementor-section elementor-top-section elementor-element elementor-element-66b5cac elementor-section-boxed elementor-section-height-default elementor-section-height-default\" data-id=\"66b5cac\" data-element_type=\"section\" data-settings=\"{&quot;jet_parallax_layout_list&quot;:[],&quot;background_background&quot;:&quot;classic&quot;}\">\n\t\t\t\t\t\t<div class=\"elementor-container elementor-column-gap-no\">\n\t\t\t\t\t<div class=\"elementor-column elementor-col-100 elementor-top-column elementor-element elementor-element-18d5f1a\" data-id=\"18d5f1a\" data-element_type=\"column\" data-settings=\"{&quot;background_background&quot;:&quot;classic&quot;}\">\n\t\t\t<div class=\"elementor-widget-wrap elementor-element-populated\">\n\t\t\t\t\t\t<section class=\"elementor-section elementor-inner-section elementor-element elementor-element-8e03ec0 elementor-section-boxed elementor-section-height-default elementor-section-height-default\" data-id=\"8e03ec0\" data-element_type=\"section\" data-settings=\"{&quot;jet_parallax_layout_list&quot;:[]}\">\n\t\t\t\t\t\t<div class=\"elementor-container elementor-column-gap-default\">\n\t\t\t\t\t<div class=\"elementor-column elementor-col-100 elementor-inner-column elementor-element elementor-element-e0e5e01\" data-id=\"e0e5e01\" data-element_type=\"column\">\n\t\t\t<div class=\"elementor-widget-wrap elementor-element-populated\">\n\t\t\t\t\t\t<div class=\"elementor-element elementor-element-275bfbe elementor-widget__width-auto elementor-widget elementor-widget-heading\" data-id=\"275bfbe\" data-element_type=\"widget\" data-widget_type=\"heading.default\">\n\t\t\t\t<div class=\"elementor-widget-container\">\n\t\t\t<h2 class=\"elementor-heading-title elementor-size-default\">Katalog izdelkov - 2026<\/h2>\t\t<\/div>\n\t\t\t\t<\/div>\n\t\t\t\t<div class=\"elementor-element elementor-element-df590b3 elementor-align-left elementor-widget__width-auto elementor-widget elementor-widget-jet-download-button\" data-id=\"df590b3\" data-element_type=\"widget\" data-widget_type=\"jet-download-button.default\">\n\t\t\t\t<div class=\"elementor-widget-container\">\n\t\t\t<div class=\"elementor-jet-download-button jet-elements\"><a class=\"elementor-button elementor-size-md jet-download jet-download-icon-position-left\" data-e-disable-page-transition=\"true\" href=\"https:\/\/plastika-mares.hr\/sl\/?jet_download=774848bba71b1f7704816e6cc30bd6db51646d35\"  rel=\"nofollow\"><span class=\"jet-download__icon jet-download-icon-left jet-elements-icon\"><i aria-hidden=\"true\" class=\"far fa-file-pdf\"><\/i><\/span><span class=\"jet-download__text\"><span class=\"jet-download__label\">Prenesite PDF katalog 2026<\/span><span class=\"jet-download__file-name\"><\/span><small class=\"jet-download__sub-label\">9 MB<\/small><\/span><\/a>\n<\/div>\t\t<\/div>\n\t\t\t\t<\/div>\n\t\t\t\t<div class=\"elementor-element elementor-element-e876739 elementor-widget__width-auto elementor-hidden-desktop elementor-hidden-tablet elementor-hidden-mobile elementor-widget elementor-widget-heading\" data-id=\"e876739\" data-element_type=\"widget\" data-widget_type=\"heading.default\">\n\t\t\t\t<div class=\"elementor-widget-container\">\n\t\t\t<h2 class=\"elementor-heading-title elementor-size-default\">Katalog gra\u0111evinarstvo - 2026<\/h2>\t\t<\/div>\n\t\t\t\t<\/div>\n\t\t\t\t<div class=\"elementor-element elementor-element-f480775 elementor-align-left elementor-widget__width-auto elementor-hidden-desktop elementor-hidden-tablet elementor-hidden-mobile elementor-widget elementor-widget-jet-download-button\" data-id=\"f480775\" data-element_type=\"widget\" data-widget_type=\"jet-download-button.default\">\n\t\t\t\t<div class=\"elementor-widget-container\">\n\t\t\t<div class=\"elementor-jet-download-button jet-elements\"><a class=\"elementor-button elementor-size-md jet-download jet-download-icon-position-left\" data-e-disable-page-transition=\"true\" href=\"https:\/\/plastika-mares.hr\/sl\/?jet_download=a643082db97d0277d28533e86f6f59cf6b5d9d2d\"  rel=\"nofollow\"><span class=\"jet-download__icon jet-download-icon-left jet-elements-icon\"><i aria-hidden=\"true\" class=\"far fa-file-pdf\"><\/i><\/span><span class=\"jet-download__text\"><span class=\"jet-download__label\">Katalog Gra\u0111evinarstvo<\/span><span class=\"jet-download__file-name\"><\/span><small class=\"jet-download__sub-label\">2 MB<\/small><\/span><\/a>\n<\/div>\t\t<\/div>\n\t\t\t\t<\/div>\n\t\t\t\t<div class=\"elementor-element elementor-element-52e1a78 elementor-widget elementor-widget-text-editor\" data-id=\"52e1a78\" data-element_type=\"widget\" data-widget_type=\"text-editor.default\">\n\t\t\t\t<div class=\"elementor-widget-container\">\n\t\t\t\t\t\t\t<p>Na\u0161o \u0161iroko paleto izdelkov si lahko ogledate v digitalnem katalogu.<\/p>\n\t\t\t\t\t\t<\/div>\n\t\t\t\t<\/div>\n\t\t\t\t<div class=\"elementor-element elementor-element-92a8a6c elementor-widget elementor-widget-shortcode\" data-id=\"92a8a6c\" data-element_type=\"widget\" data-widget_type=\"shortcode.default\">\n\t\t\t\t<div class=\"elementor-widget-container\">\n\t\t\t\t\t<div class=\"elementor-shortcode\"><div class=\"_df_book df-lite\" id=\"df_4759\"  _slug=\"4759\" data-title=\"ap-mares-katalog\" wpoptions=\"true\" thumb=\"https:\/\/plastika-mares.hr\/wp-content\/uploads\/2023\/02\/logo.svg\" thumbtype=\"\" ><\/div><script class=\"df-shortcode-script\" nowprocket type=\"application\/javascript\">window.option_df_4759 = {\"outline\":[],\"backgroundColor\":\"false\",\"height\":\"1024\",\"autoEnableOutline\":\"false\",\"autoEnableThumbnail\":\"false\",\"overwritePDFOutline\":\"false\",\"enableDownload\":\"false\",\"direction\":\"1\",\"pageSize\":\"0\",\"pageMode\":\"2\",\"soundEnable\":\"false\",\"source\":\"https:\\\/\\\/plastika-mares.hr\\\/wp-content\\\/uploads\\\/2026\\\/01\\\/AP_MARES_katalog_proizvoda_2026_verzija_1.pdf\",\"wpOptions\":\"true\"}; if(window.DFLIP && window.DFLIP.parseBooks){window.DFLIP.parseBooks();}<\/script><\/div>\n\t\t\t\t<\/div>\n\t\t\t\t<\/div>\n\t\t\t\t<div class=\"elementor-element elementor-element-a55c5b2 elementor-hidden-desktop elementor-hidden-tablet elementor-hidden-mobile elementor-widget elementor-widget-shortcode\" data-id=\"a55c5b2\" data-element_type=\"widget\" data-widget_type=\"shortcode.default\">\n\t\t\t\t<div class=\"elementor-widget-container\">\n\t\t\t\t\t<div class=\"elementor-shortcode\"><div class=\"_df_book df-lite\" id=\"df_4853\"  _slug=\"4853\" data-title=\"katalog-gradjevinarstvo\" wpoptions=\"true\" thumbtype=\"\" ><\/div><script class=\"df-shortcode-script\" nowprocket type=\"application\/javascript\">window.option_df_4853 = {\"outline\":[],\"autoEnableOutline\":\"false\",\"autoEnableThumbnail\":\"false\",\"overwritePDFOutline\":\"false\",\"direction\":\"1\",\"pageSize\":\"0\",\"source\":\"https:\\\/\\\/plastika-mares.hr\\\/wp-content\\\/uploads\\\/2024\\\/12\\\/AP-MARES_katalog-gradjevinarstvo-2025_v1-web.pdf\",\"wpOptions\":\"true\"}; if(window.DFLIP && window.DFLIP.parseBooks){window.DFLIP.parseBooks();}<\/script><\/div>\n\t\t\t\t<\/div>\n\t\t\t\t<\/div>\n\t\t\t\t\t<\/div>\n\t\t<\/div>\n\t\t\t\t\t<\/div>\n\t\t<\/section>\n\t\t\t\t\t<\/div>\n\t\t<\/div>\n\t\t\t\t\t<\/div>\n\t\t<\/section>\n\t\t\t\t<\/div>\n\t\t","protected":false},"excerpt":{"rendered":"<p>Katalog izdelkov &#8211; 2026 Prenesite PDF katalog 20269 MB Katalog gra\u0111evinarstvo &#8211; 2026 Katalog Gra\u0111evinarstvo2 MB Na\u0161o \u0161iroko paleto izdelkov si lahko ogledate v digitalnem katalogu.<\/p>\n","protected":false},"author":1,"featured_media":0,"parent":0,"menu_order":0,"comment_status":"closed","ping_status":"closed","template":"","meta":{"_acf_changed":false,"footnotes":""},"class_list":["post-3383","page","type-page","status-publish","hentry"],"acf":[],"yoast_head":"<!-- This site is optimized with the Yoast SEO Premium plugin v22.5 (Yoast SEO v22.5) - https:\/\/yoast.com\/wordpress\/plugins\/seo\/ -->\n<title>Katalog - Alatnica i Plastika Mare\u0161<\/title>\n<meta name=\"robots\" content=\"index, follow, max-snippet:-1, max-image-preview:large, max-video-preview:-1\" \/>\n<link rel=\"canonical\" href=\"https:\/\/plastika-mares.hr\/katalog\/\" \/>\n<meta property=\"og:locale\" content=\"sl_SI\" \/>\n<meta property=\"og:type\" content=\"article\" \/>\n<meta property=\"og:title\" content=\"Katalog\" \/>\n<meta property=\"og:description\" content=\"Katalog izdelkov &#8211; 2026 Prenesite PDF katalog 20269 MB Katalog gra\u0111evinarstvo &#8211; 2026 Katalog Gra\u0111evinarstvo2 MB Na\u0161o \u0161iroko paleto izdelkov si lahko ogledate v digitalnem katalogu.\" \/>\n<meta property=\"og:url\" content=\"https:\/\/plastika-mares.hr\/katalog\/\" \/>\n<meta property=\"og:site_name\" content=\"Alatnica i Plastika Mare\u0161\" \/>\n<meta property=\"article:modified_time\" content=\"2026-01-08T09:03:04+00:00\" \/>\n<meta name=\"twitter:card\" content=\"summary_large_image\" \/>\n<meta name=\"twitter:label1\" content=\"Est. reading time\" \/>\n\t<meta name=\"twitter:data1\" content=\"1 minuta\" \/>\n<script type=\"application\/ld+json\" class=\"yoast-schema-graph\">{\"@context\":\"https:\/\/schema.org\",\"@graph\":[{\"@type\":\"WebPage\",\"@id\":\"https:\/\/plastika-mares.hr\/katalog\/\",\"url\":\"https:\/\/plastika-mares.hr\/katalog\/\",\"name\":\"Katalog - Alatnica i Plastika Mare\u0161\",\"isPartOf\":{\"@id\":\"https:\/\/plastika-mares.hr\/#website\"},\"datePublished\":\"2023-02-26T12:34:37+00:00\",\"dateModified\":\"2026-01-08T09:03:04+00:00\",\"breadcrumb\":{\"@id\":\"https:\/\/plastika-mares.hr\/katalog\/#breadcrumb\"},\"inLanguage\":\"sl-SI\",\"potentialAction\":[{\"@type\":\"ReadAction\",\"target\":[\"https:\/\/plastika-mares.hr\/katalog\/\"]}]},{\"@type\":\"BreadcrumbList\",\"@id\":\"https:\/\/plastika-mares.hr\/katalog\/#breadcrumb\",\"itemListElement\":[{\"@type\":\"ListItem\",\"position\":1,\"name\":\"Po\u010detna stranica\",\"item\":\"https:\/\/plastika-mares.hr\/sl\/\"},{\"@type\":\"ListItem\",\"position\":2,\"name\":\"Katalog\"}]},{\"@type\":\"WebSite\",\"@id\":\"https:\/\/plastika-mares.hr\/#website\",\"url\":\"https:\/\/plastika-mares.hr\/\",\"name\":\"Alatnica i Plastika Mare\u0161\",\"description\":\"Proizvodnja i Veleprodaja plastike\",\"publisher\":{\"@id\":\"https:\/\/plastika-mares.hr\/#organization\"},\"potentialAction\":[{\"@type\":\"SearchAction\",\"target\":{\"@type\":\"EntryPoint\",\"urlTemplate\":\"https:\/\/plastika-mares.hr\/?s={search_term_string}\"},\"query-input\":\"required name=search_term_string\"}],\"inLanguage\":\"sl-SI\"},{\"@type\":\"Organization\",\"@id\":\"https:\/\/plastika-mares.hr\/#organization\",\"name\":\"Alatnica i Plastika Mare\u0161\",\"url\":\"https:\/\/plastika-mares.hr\/\",\"logo\":{\"@type\":\"ImageObject\",\"inLanguage\":\"sl-SI\",\"@id\":\"https:\/\/plastika-mares.hr\/#\/schema\/logo\/image\/\",\"url\":\"https:\/\/plastika-mares.hr\/wp-content\/uploads\/2023\/02\/logo.svg\",\"contentUrl\":\"https:\/\/plastika-mares.hr\/wp-content\/uploads\/2023\/02\/logo.svg\",\"caption\":\"Alatnica i Plastika Mare\u0161\"},\"image\":{\"@id\":\"https:\/\/plastika-mares.hr\/#\/schema\/logo\/image\/\"}}]}<\/script>\n<!-- \/ Yoast SEO Premium plugin. -->","yoast_head_json":{"title":"Katalog - Alatnica i Plastika Mare\u0161","robots":{"index":"index","follow":"follow","max-snippet":"max-snippet:-1","max-image-preview":"max-image-preview:large","max-video-preview":"max-video-preview:-1"},"canonical":"https:\/\/plastika-mares.hr\/katalog\/","og_locale":"sl_SI","og_type":"article","og_title":"Katalog","og_description":"Katalog izdelkov &#8211; 2026 Prenesite PDF katalog 20269 MB Katalog gra\u0111evinarstvo &#8211; 2026 Katalog Gra\u0111evinarstvo2 MB Na\u0161o \u0161iroko paleto izdelkov si lahko ogledate v digitalnem katalogu.","og_url":"https:\/\/plastika-mares.hr\/katalog\/","og_site_name":"Alatnica i Plastika Mare\u0161","article_modified_time":"2026-01-08T09:03:04+00:00","twitter_card":"summary_large_image","twitter_misc":{"Est. reading time":"1 minuta"},"schema":{"@context":"https:\/\/schema.org","@graph":[{"@type":"WebPage","@id":"https:\/\/plastika-mares.hr\/katalog\/","url":"https:\/\/plastika-mares.hr\/katalog\/","name":"Katalog - Alatnica i Plastika Mare\u0161","isPartOf":{"@id":"https:\/\/plastika-mares.hr\/#website"},"datePublished":"2023-02-26T12:34:37+00:00","dateModified":"2026-01-08T09:03:04+00:00","breadcrumb":{"@id":"https:\/\/plastika-mares.hr\/katalog\/#breadcrumb"},"inLanguage":"sl-SI","potentialAction":[{"@type":"ReadAction","target":["https:\/\/plastika-mares.hr\/katalog\/"]}]},{"@type":"BreadcrumbList","@id":"https:\/\/plastika-mares.hr\/katalog\/#breadcrumb","itemListElement":[{"@type":"ListItem","position":1,"name":"Po\u010detna stranica","item":"https:\/\/plastika-mares.hr\/sl\/"},{"@type":"ListItem","position":2,"name":"Katalog"}]},{"@type":"WebSite","@id":"https:\/\/plastika-mares.hr\/#website","url":"https:\/\/plastika-mares.hr\/","name":"Alatnica i Plastika Mare\u0161","description":"Proizvodnja i Veleprodaja plastike","publisher":{"@id":"https:\/\/plastika-mares.hr\/#organization"},"potentialAction":[{"@type":"SearchAction","target":{"@type":"EntryPoint","urlTemplate":"https:\/\/plastika-mares.hr\/?s={search_term_string}"},"query-input":"required name=search_term_string"}],"inLanguage":"sl-SI"},{"@type":"Organization","@id":"https:\/\/plastika-mares.hr\/#organization","name":"Alatnica i Plastika Mare\u0161","url":"https:\/\/plastika-mares.hr\/","logo":{"@type":"ImageObject","inLanguage":"sl-SI","@id":"https:\/\/plastika-mares.hr\/#\/schema\/logo\/image\/","url":"https:\/\/plastika-mares.hr\/wp-content\/uploads\/2023\/02\/logo.svg","contentUrl":"https:\/\/plastika-mares.hr\/wp-content\/uploads\/2023\/02\/logo.svg","caption":"Alatnica i Plastika Mare\u0161"},"image":{"@id":"https:\/\/plastika-mares.hr\/#\/schema\/logo\/image\/"}}]}},"_links":{"self":[{"href":"https:\/\/plastika-mares.hr\/sl\/wp-json\/wp\/v2\/pages\/3383","targetHints":{"allow":["GET"]}}],"collection":[{"href":"https:\/\/plastika-mares.hr\/sl\/wp-json\/wp\/v2\/pages"}],"about":[{"href":"https:\/\/plastika-mares.hr\/sl\/wp-json\/wp\/v2\/types\/page"}],"author":[{"embeddable":true,"href":"https:\/\/plastika-mares.hr\/sl\/wp-json\/wp\/v2\/users\/1"}],"replies":[{"embeddable":true,"href":"https:\/\/plastika-mares.hr\/sl\/wp-json\/wp\/v2\/comments?post=3383"}],"version-history":[{"count":4,"href":"https:\/\/plastika-mares.hr\/sl\/wp-json\/wp\/v2\/pages\/3383\/revisions"}],"predecessor-version":[{"id":5371,"href":"https:\/\/plastika-mares.hr\/sl\/wp-json\/wp\/v2\/pages\/3383\/revisions\/5371"}],"wp:attachment":[{"href":"https:\/\/plastika-mares.hr\/sl\/wp-json\/wp\/v2\/media?parent=3383"}],"curies":[{"name":"wp","href":"https:\/\/api.w.org\/{rel}","templated":true}]}}