{"id":2046,"date":"2023-02-25T14:23:50","date_gmt":"2023-02-25T13:23:50","guid":{"rendered":"https:\/\/2023.plastika-mares.hr\/kontakt\/"},"modified":"2026-04-11T18:26:02","modified_gmt":"2026-04-11T16:26:02","slug":"kontakt","status":"publish","type":"page","link":"https:\/\/plastika-mares.hr\/sl\/kontakt\/","title":{"rendered":"Kontakt"},"content":{"rendered":"\t\t<div data-elementor-type=\"wp-page\" data-elementor-id=\"2046\" class=\"elementor elementor-2046 elementor-1810\" data-elementor-post-type=\"page\">\n\t\t\t\t\t\t<section class=\"elementor-section elementor-top-section elementor-element elementor-element-30d53b7 animated-slow elementor-section-boxed elementor-section-height-default elementor-section-height-default elementor-invisible\" data-id=\"30d53b7\" data-element_type=\"section\" data-settings=\"{&quot;jet_parallax_layout_list&quot;:[],&quot;animation&quot;:&quot;headShake&quot;}\">\n\t\t\t\t\t\t<div class=\"elementor-container elementor-column-gap-default\">\n\t\t\t\t\t<div class=\"elementor-column elementor-col-50 elementor-top-column elementor-element elementor-element-6877ad2\" data-id=\"6877ad2\" data-element_type=\"column\">\n\t\t\t<div class=\"elementor-widget-wrap elementor-element-populated\">\n\t\t\t\t\t\t<div class=\"elementor-element elementor-element-91790d3 elementor-widget elementor-widget-heading\" data-id=\"91790d3\" data-element_type=\"widget\" data-widget_type=\"heading.default\">\n\t\t\t\t<div class=\"elementor-widget-container\">\n\t\t\t<h2 class=\"elementor-heading-title elementor-size-default\">Po\u0161ljite nam povpra\u0161evanje - Veleprodaja<\/h2>\t\t<\/div>\n\t\t\t\t<\/div>\n\t\t\t\t<div class=\"elementor-element elementor-element-8d93319 elementor-button-align-end elementor-widget elementor-widget-form\" data-id=\"8d93319\" data-element_type=\"widget\" data-settings=\"{&quot;step_next_label&quot;:&quot;Slijede\\u0107e&quot;,&quot;step_previous_label&quot;:&quot;Prethodno&quot;,&quot;button_width&quot;:&quot;100&quot;,&quot;step_type&quot;:&quot;number_text&quot;,&quot;step_icon_shape&quot;:&quot;circle&quot;}\" data-widget_type=\"form.default\">\n\t\t\t\t<div class=\"elementor-widget-container\">\n\t\t\t\t\t<form class=\"elementor-form\" method=\"post\" name=\"Kontakt Forma\">\n\t\t\t<input type=\"hidden\" name=\"post_id\" value=\"2046\"\/>\n\t\t\t<input type=\"hidden\" name=\"form_id\" value=\"8d93319\"\/>\n\t\t\t<input type=\"hidden\" name=\"referer_title\" value=\"Alatnica i Plastika Mare\u0161\" \/>\n\n\t\t\t\n\t\t\t<div class=\"elementor-form-fields-wrapper elementor-labels-above\">\n\t\t\t\t\t\t\t\t<div class=\"elementor-field-type-text elementor-field-group elementor-column elementor-field-group-name elementor-col-100 elementor-field-required elementor-mark-required\">\n\t\t\t\t\t\t\t\t\t\t\t\t<label for=\"form-field-name\" class=\"elementor-field-label\">\n\t\t\t\t\t\t\t\tIme podjetja\t\t\t\t\t\t\t<\/label>\n\t\t\t\t\t\t\t\t\t\t\t\t\t\t<input size=\"1\" type=\"text\" name=\"form_fields[name]\" id=\"form-field-name\" class=\"elementor-field elementor-size-sm  elementor-field-textual\" required=\"required\" aria-required=\"true\">\n\t\t\t\t\t\t\t\t\t\t\t<\/div>\n\t\t\t\t\t\t\t\t<div class=\"elementor-field-type-text elementor-field-group elementor-column elementor-field-group-field_3fb0c8c elementor-col-100 elementor-field-required elementor-mark-required\">\n\t\t\t\t\t\t\t\t\t\t\t\t<label for=\"form-field-field_3fb0c8c\" class=\"elementor-field-label\">\n\t\t\t\t\t\t\t\tNaslov podjetja\t\t\t\t\t\t\t<\/label>\n\t\t\t\t\t\t\t\t\t\t\t\t\t\t<input size=\"1\" type=\"text\" name=\"form_fields[field_3fb0c8c]\" id=\"form-field-field_3fb0c8c\" class=\"elementor-field elementor-size-sm  elementor-field-textual\" required=\"required\" aria-required=\"true\">\n\t\t\t\t\t\t\t\t\t\t\t<\/div>\n\t\t\t\t\t\t\t\t<div class=\"elementor-field-type-text elementor-field-group elementor-column elementor-field-group-field_1edf884 elementor-col-100 elementor-field-required elementor-mark-required\">\n\t\t\t\t\t\t\t\t\t\t\t\t<label for=\"form-field-field_1edf884\" class=\"elementor-field-label\">\n\t\t\t\t\t\t\t\tKontaktna oseba\t\t\t\t\t\t\t<\/label>\n\t\t\t\t\t\t\t\t\t\t\t\t\t\t<input size=\"1\" type=\"text\" name=\"form_fields[field_1edf884]\" id=\"form-field-field_1edf884\" class=\"elementor-field elementor-size-sm  elementor-field-textual\" required=\"required\" aria-required=\"true\">\n\t\t\t\t\t\t\t\t\t\t\t<\/div>\n\t\t\t\t\t\t\t\t<div class=\"elementor-field-type-text elementor-field-group elementor-column elementor-field-group-field_333d862 elementor-col-100 elementor-field-required elementor-mark-required\">\n\t\t\t\t\t\t\t\t\t\t\t\t<label for=\"form-field-field_333d862\" class=\"elementor-field-label\">\n\t\t\t\t\t\t\t\tTelefon\t\t\t\t\t\t\t<\/label>\n\t\t\t\t\t\t\t\t\t\t\t\t\t\t<input size=\"1\" type=\"text\" name=\"form_fields[field_333d862]\" id=\"form-field-field_333d862\" class=\"elementor-field elementor-size-sm  elementor-field-textual\" required=\"required\" aria-required=\"true\">\n\t\t\t\t\t\t\t\t\t\t\t<\/div>\n\t\t\t\t\t\t\t\t<div class=\"elementor-field-type-email elementor-field-group elementor-column elementor-field-group-email elementor-col-100 elementor-field-required elementor-mark-required\">\n\t\t\t\t\t\t\t\t\t\t\t\t<label for=\"form-field-email\" class=\"elementor-field-label\">\n\t\t\t\t\t\t\t\tE-mail\t\t\t\t\t\t\t<\/label>\n\t\t\t\t\t\t\t\t\t\t\t\t\t\t<input size=\"1\" type=\"email\" name=\"form_fields[email]\" id=\"form-field-email\" class=\"elementor-field elementor-size-sm  elementor-field-textual\" required=\"required\" aria-required=\"true\">\n\t\t\t\t\t\t\t\t\t\t\t<\/div>\n\t\t\t\t\t\t\t\t<div class=\"elementor-field-type-textarea elementor-field-group elementor-column elementor-field-group-field_553a02e elementor-col-100\">\n\t\t\t\t\t\t\t\t\t\t\t\t<label for=\"form-field-field_553a02e\" class=\"elementor-field-label\">\n\t\t\t\t\t\t\t\tVa\u0161e sporo\u010dilo\t\t\t\t\t\t\t<\/label>\n\t\t\t\t\t\t<textarea class=\"elementor-field-textual elementor-field  elementor-size-sm\" name=\"form_fields[field_553a02e]\" id=\"form-field-field_553a02e\" rows=\"4\"><\/textarea>\t\t\t\t<\/div>\n\t\t\t\t\t\t\t\t<div class=\"elementor-field-type-recaptcha elementor-field-group elementor-column elementor-field-group-field_8bdd41b elementor-col-100\">\n\t\t\t\t\t<div class=\"elementor-field\" id=\"form-field-field_8bdd41b\"><div class=\"elementor-g-recaptcha\" data-sitekey=\"6Ld-1Q4mAAAAAFihK9ZJPSezwmYUTih3l62FVzJH\" data-type=\"v2_checkbox\" data-theme=\"light\" data-size=\"normal\"><\/div><\/div>\t\t\t\t<\/div>\n\t\t\t\t\t\t\t\t<div class=\"elementor-field-group elementor-column elementor-field-type-submit elementor-col-100 e-form__buttons\">\n\t\t\t\t\t<button class=\"elementor-button elementor-size-md\" type=\"submit\">\n\t\t\t\t\t\t<span class=\"elementor-button-content-wrapper\">\n\t\t\t\t\t\t\t\t\t\t\t\t\t\t\t\t\t\t\t\t\t\t<span class=\"elementor-button-text\">Po\u0161alji<\/span>\n\t\t\t\t\t\t\t\t\t\t\t\t\t<\/span>\n\t\t\t\t\t<\/button>\n\t\t\t\t<\/div>\n\t\t\t<\/div>\n\t\t<\/form>\n\t\t\t\t<\/div>\n\t\t\t\t<\/div>\n\t\t\t\t\t<\/div>\n\t\t<\/div>\n\t\t\t\t<div class=\"elementor-column elementor-col-50 elementor-top-column elementor-element elementor-element-a3b45e3\" data-id=\"a3b45e3\" data-element_type=\"column\">\n\t\t\t<div class=\"elementor-widget-wrap elementor-element-populated\">\n\t\t\t\t\t\t<div class=\"elementor-element elementor-element-61bddb1 elementor-widget elementor-widget-google_maps\" data-id=\"61bddb1\" data-element_type=\"widget\" data-widget_type=\"google_maps.default\">\n\t\t\t\t<div class=\"elementor-widget-container\">\n\t\t\t\t\t<div class=\"elementor-custom-embed\">\n\t\t\t<iframe loading=\"lazy\"\n\t\t\t\t\tsrc=\"https:\/\/maps.google.com\/maps?q=%C5%A0tefanovi%C4%87eva%20ul.%207%2010370%2C%20Dugo%20Selo&#038;t=m&#038;z=13&#038;output=embed&#038;iwloc=near\"\n\t\t\t\t\ttitle=\"\u0160tefanovi\u0107eva ul. 7 10370, Dugo Selo\"\n\t\t\t\t\taria-label=\"\u0160tefanovi\u0107eva ul. 7 10370, Dugo Selo\"\n\t\t\t><\/iframe>\n\t\t<\/div>\n\t\t\t\t<\/div>\n\t\t\t\t<\/div>\n\t\t\t\t\t<\/div>\n\t\t<\/div>\n\t\t\t\t\t<\/div>\n\t\t<\/section>\n\t\t\t\t<section class=\"elementor-section elementor-top-section elementor-element elementor-element-2dd325e elementor-section-boxed elementor-section-height-default elementor-section-height-default\" data-id=\"2dd325e\" data-element_type=\"section\" data-settings=\"{&quot;jet_parallax_layout_list&quot;:[]}\">\n\t\t\t\t\t\t<div class=\"elementor-container elementor-column-gap-default\">\n\t\t\t\t\t<div class=\"elementor-column elementor-col-33 elementor-top-column elementor-element elementor-element-e32f364\" data-id=\"e32f364\" data-element_type=\"column\">\n\t\t\t<div class=\"elementor-widget-wrap\">\n\t\t\t\t\t\t\t<\/div>\n\t\t<\/div>\n\t\t\t\t<div class=\"elementor-column elementor-col-33 elementor-top-column elementor-element elementor-element-b21f06a\" data-id=\"b21f06a\" data-element_type=\"column\">\n\t\t\t<div class=\"elementor-widget-wrap elementor-element-populated\">\n\t\t\t\t\t\t<section class=\"elementor-section elementor-inner-section elementor-element elementor-element-40fc075 elementor-section-boxed elementor-section-height-default elementor-section-height-default\" data-id=\"40fc075\" data-element_type=\"section\" data-settings=\"{&quot;jet_parallax_layout_list&quot;:[]}\">\n\t\t\t\t\t\t<div class=\"elementor-container elementor-column-gap-default\">\n\t\t\t\t\t<div class=\"elementor-column elementor-col-50 elementor-inner-column elementor-element elementor-element-2af0e00\" data-id=\"2af0e00\" data-element_type=\"column\">\n\t\t\t<div class=\"elementor-widget-wrap elementor-element-populated\">\n\t\t\t\t\t\t<div class=\"elementor-element elementor-element-80183db elementor-widget elementor-widget-text-editor\" data-id=\"80183db\" data-element_type=\"widget\" data-widget_type=\"text-editor.default\">\n\t\t\t\t<div class=\"elementor-widget-container\">\n\t\t\t\t\t\t\t<p>\u0160tefanovi\u0107eva 7<br \/>10370 Dugo Selo<br \/>Tel: <a href=\"tel:+38512755341\" data-mce-href=\"tel:+38512755341\">+385 1 2755 341<\/a><br \/>E-mail: <a href=\"mailto:info@plastika-mares.hr\" data-mce-href=\"mailto:info@plastika-mares.hr\">info@plastika-mares.hr<\/a><\/p>\n\t\t\t\t\t\t<\/div>\n\t\t\t\t<\/div>\n\t\t\t\t<div class=\"elementor-element elementor-element-cd25803 elementor-widget elementor-widget-text-editor\" data-id=\"cd25803\" data-element_type=\"widget\" data-widget_type=\"text-editor.default\">\n\t\t\t\t<div class=\"elementor-widget-container\">\n\t\t\t\t\t\t\t<p><span class=\"as-h4\">Veleprodaja<\/span><\/p>\n<p>Zvonimir Bukvi\u0107, vodja prodaje<br \/>Mob: <a href=\"tel:+385992755344\" data-mce-href=\"tel:+385992755344\">+385 99 2755 344<\/a><br \/>E-mail:&nbsp;<a href=\"mailto:info@plastika-mares.hr\" data-mce-href=\"mailto:info@plastika-mares.hr\">info@plastika-mares.hr<\/a><\/p>\n\t\t\t\t\t\t<\/div>\n\t\t\t\t<\/div>\n\t\t\t\t<div class=\"elementor-element elementor-element-4d6ad2c elementor-widget elementor-widget-text-editor\" data-id=\"4d6ad2c\" data-element_type=\"widget\" data-widget_type=\"text-editor.default\">\n\t\t\t\t<div class=\"elementor-widget-container\">\n\t\t\t\t\t\t\t<p><span class=\"as-h4\">Ra\u010dunovodstvo<\/span><\/p>\n<p>Melita Prgomet<br \/>Mob: <a href=\"tel:+385981932394\" data-mce-href=\"tel:+385981932394\">+385 98 1932 394<\/a><br \/>E-mail: <a href=\"mailto:melita@plastika-mares.hr\" data-mce-href=\"mailto:melita@plastika-mares.hr\">melita@plastika-mares.hr<\/a><\/p>\n<p>Ivana Mare\u0161<br \/>Mob: <a href=\"tel:+385992755343\" data-mce-href=\"tel:+385992755343\">+385 99 2755 343<\/a><br \/>E-mail: <a href=\"mailto:ivana@plastika-mares.hr\" data-mce-href=\"mailto:ivana@plastika-mares.hr\">ivana@plastika-mares.hr<\/a><\/p>\n\t\t\t\t\t\t<\/div>\n\t\t\t\t<\/div>\n\t\t\t\t\t<\/div>\n\t\t<\/div>\n\t\t\t\t<div class=\"elementor-column elementor-col-50 elementor-inner-column elementor-element elementor-element-a60871e\" data-id=\"a60871e\" data-element_type=\"column\">\n\t\t\t<div class=\"elementor-widget-wrap elementor-element-populated\">\n\t\t\t\t\t\t<div class=\"elementor-element elementor-element-f4762a6 elementor-widget elementor-widget-text-editor\" data-id=\"f4762a6\" data-element_type=\"widget\" data-widget_type=\"text-editor.default\">\n\t\t\t\t<div class=\"elementor-widget-container\">\n\t\t\t\t\t\t\t<p>IBAN: HR4523600001100766715<br \/>SWIFT: ZABAHR2X<br \/>PDV ID: HR20013699305<br \/>OIB: 20013699305<\/p>\n\t\t\t\t\t\t<\/div>\n\t\t\t\t<\/div>\n\t\t\t\t<div class=\"elementor-element elementor-element-11887dc elementor-widget elementor-widget-text-editor\" data-id=\"11887dc\" data-element_type=\"widget\" data-widget_type=\"text-editor.default\">\n\t\t\t\t<div class=\"elementor-widget-container\">\n\t\t\t\t\t\t\t<p><span class=\"as-h4\">Vodja klju\u010dnih strank<\/span><\/p><p>Mihovil Matai\u0107<br>Mob: <a href=\"tel:+385992755340\" data-mce-href=\"tel:+385992755340\">+385 99 2755 340<\/a><br>E-mail: <a href=\"mailto:prodaja@plastika-mares.hr\" data-mce-href=\"mailto:prodaja@plastika-mares.hr\">prodaja@plastika-mares.hr<\/a><\/p>\t\t\t\t\t\t<\/div>\n\t\t\t\t<\/div>\n\t\t\t\t<div class=\"elementor-element elementor-element-7e2af4a elementor-widget elementor-widget-text-editor\" data-id=\"7e2af4a\" data-element_type=\"widget\" data-widget_type=\"text-editor.default\">\n\t\t\t\t<div class=\"elementor-widget-container\">\n\t\t\t\t\t\t\t<p><span class=\"as-h4\">Proizvodnja<\/span><\/p>\n<p>Dubravko Mare\u0161, direktor<br \/>Mob: <a href=\"tel:+385992132555\" data-mce-href=\"tel:+385992132555\">+385 99 2132 555<\/a><br \/>E-mail: <a href=\"mailto:dudo@plastika-mares.hr\" data-mce-href=\"mailto:dudo@plastika-mares.hr\">dudo@plastika-mares.hr<\/a><\/p>\n\t\t\t\t\t\t<\/div>\n\t\t\t\t<\/div>\n\t\t\t\t\t<\/div>\n\t\t<\/div>\n\t\t\t\t\t<\/div>\n\t\t<\/section>\n\t\t\t\t\t<\/div>\n\t\t<\/div>\n\t\t\t\t<div class=\"elementor-column elementor-col-33 elementor-top-column elementor-element elementor-element-78aef49\" data-id=\"78aef49\" data-element_type=\"column\">\n\t\t\t<div class=\"elementor-widget-wrap\">\n\t\t\t\t\t\t\t<\/div>\n\t\t<\/div>\n\t\t\t\t\t<\/div>\n\t\t<\/section>\n\t\t\t\t<section class=\"elementor-section elementor-top-section elementor-element elementor-element-4c234e7 elementor-section-boxed elementor-section-height-default elementor-section-height-default\" data-id=\"4c234e7\" data-element_type=\"section\" data-settings=\"{&quot;jet_parallax_layout_list&quot;:[]}\">\n\t\t\t\t\t\t<div class=\"elementor-container elementor-column-gap-default\">\n\t\t\t\t\t<div class=\"elementor-column elementor-col-100 elementor-top-column elementor-element elementor-element-f588198\" data-id=\"f588198\" data-element_type=\"column\">\n\t\t\t<div class=\"elementor-widget-wrap\">\n\t\t\t\t\t\t\t<\/div>\n\t\t<\/div>\n\t\t\t\t\t<\/div>\n\t\t<\/section>\n\t\t\t\t<\/div>\n\t\t","protected":false},"excerpt":{"rendered":"<p>Po\u0161ljite nam povpra\u0161evanje &#8211; Veleprodaja \u0160tefanovi\u0107eva 710370 Dugo SeloTel: +385 1 2755 341E-mail: info@plastika-mares.hr Veleprodaja Zvonimir Bukvi\u0107, vodja prodajeMob: +385 99 2755 344E-mail:&nbsp;info@plastika-mares.hr Ra\u010dunovodstvo Melita PrgometMob: +385 98 1932 394E-mail: melita@plastika-mares.hr Ivana Mare\u0161Mob: +385 99 2755 343E-mail: ivana@plastika-mares.hr IBAN: HR4523600001100766715SWIFT: ZABAHR2XPDV ID: HR20013699305OIB: 20013699305 Vodja klju\u010dnih strank Mihovil Matai\u0107Mob: +385 99 2755 340E-mail: prodaja@plastika-mares.hr Proizvodnja [&hellip;]<\/p>\n","protected":false},"author":1,"featured_media":0,"parent":0,"menu_order":0,"comment_status":"closed","ping_status":"closed","template":"","meta":{"_acf_changed":false,"footnotes":""},"class_list":["post-2046","page","type-page","status-publish","hentry"],"acf":[],"yoast_head":"<!-- This site is optimized with the Yoast SEO Premium plugin v22.5 (Yoast SEO v22.5) - https:\/\/yoast.com\/wordpress\/plugins\/seo\/ -->\n<title>Kontakt - Alatnica i Plastika Mare\u0161<\/title>\n<meta name=\"robots\" content=\"index, follow, max-snippet:-1, max-image-preview:large, max-video-preview:-1\" \/>\n<link rel=\"canonical\" href=\"https:\/\/plastika-mares.hr\/kontakt\/\" \/>\n<meta property=\"og:locale\" content=\"sl_SI\" \/>\n<meta property=\"og:type\" content=\"article\" \/>\n<meta property=\"og:title\" content=\"Kontakt\" \/>\n<meta property=\"og:description\" content=\"Po\u0161ljite nam povpra\u0161evanje &#8211; Veleprodaja \u0160tefanovi\u0107eva 710370 Dugo SeloTel: +385 1 2755 341E-mail: info@plastika-mares.hr Veleprodaja Zvonimir Bukvi\u0107, vodja prodajeMob: +385 99 2755 344E-mail:&nbsp;info@plastika-mares.hr Ra\u010dunovodstvo Melita PrgometMob: +385 98 1932 394E-mail: melita@plastika-mares.hr Ivana Mare\u0161Mob: +385 99 2755 343E-mail: ivana@plastika-mares.hr IBAN: HR4523600001100766715SWIFT: ZABAHR2XPDV ID: HR20013699305OIB: 20013699305 Vodja klju\u010dnih strank Mihovil Matai\u0107Mob: +385 99 2755 340E-mail: prodaja@plastika-mares.hr Proizvodnja [&hellip;]\" \/>\n<meta property=\"og:url\" content=\"https:\/\/plastika-mares.hr\/kontakt\/\" \/>\n<meta property=\"og:site_name\" content=\"Alatnica i Plastika Mare\u0161\" \/>\n<meta property=\"article:modified_time\" content=\"2026-04-11T16:26:02+00:00\" \/>\n<meta name=\"twitter:card\" content=\"summary_large_image\" \/>\n<meta name=\"twitter:label1\" content=\"Est. reading time\" \/>\n\t<meta name=\"twitter:data1\" content=\"1 minuta\" \/>\n<script type=\"application\/ld+json\" class=\"yoast-schema-graph\">{\"@context\":\"https:\/\/schema.org\",\"@graph\":[{\"@type\":\"WebPage\",\"@id\":\"https:\/\/plastika-mares.hr\/kontakt\/\",\"url\":\"https:\/\/plastika-mares.hr\/kontakt\/\",\"name\":\"Kontakt - Alatnica i Plastika Mare\u0161\",\"isPartOf\":{\"@id\":\"https:\/\/plastika-mares.hr\/#website\"},\"datePublished\":\"2023-02-25T13:23:50+00:00\",\"dateModified\":\"2026-04-11T16:26:02+00:00\",\"breadcrumb\":{\"@id\":\"https:\/\/plastika-mares.hr\/kontakt\/#breadcrumb\"},\"inLanguage\":\"sl-SI\",\"potentialAction\":[{\"@type\":\"ReadAction\",\"target\":[\"https:\/\/plastika-mares.hr\/kontakt\/\"]}]},{\"@type\":\"BreadcrumbList\",\"@id\":\"https:\/\/plastika-mares.hr\/kontakt\/#breadcrumb\",\"itemListElement\":[{\"@type\":\"ListItem\",\"position\":1,\"name\":\"Po\u010detna stranica\",\"item\":\"https:\/\/plastika-mares.hr\/sl\/\"},{\"@type\":\"ListItem\",\"position\":2,\"name\":\"Kontakt\"}]},{\"@type\":\"WebSite\",\"@id\":\"https:\/\/plastika-mares.hr\/#website\",\"url\":\"https:\/\/plastika-mares.hr\/\",\"name\":\"Alatnica i Plastika Mare\u0161\",\"description\":\"Proizvodnja i Veleprodaja plastike\",\"publisher\":{\"@id\":\"https:\/\/plastika-mares.hr\/#organization\"},\"potentialAction\":[{\"@type\":\"SearchAction\",\"target\":{\"@type\":\"EntryPoint\",\"urlTemplate\":\"https:\/\/plastika-mares.hr\/?s={search_term_string}\"},\"query-input\":\"required name=search_term_string\"}],\"inLanguage\":\"sl-SI\"},{\"@type\":\"Organization\",\"@id\":\"https:\/\/plastika-mares.hr\/#organization\",\"name\":\"Alatnica i Plastika Mare\u0161\",\"url\":\"https:\/\/plastika-mares.hr\/\",\"logo\":{\"@type\":\"ImageObject\",\"inLanguage\":\"sl-SI\",\"@id\":\"https:\/\/plastika-mares.hr\/#\/schema\/logo\/image\/\",\"url\":\"https:\/\/plastika-mares.hr\/wp-content\/uploads\/2023\/02\/logo.svg\",\"contentUrl\":\"https:\/\/plastika-mares.hr\/wp-content\/uploads\/2023\/02\/logo.svg\",\"caption\":\"Alatnica i Plastika Mare\u0161\"},\"image\":{\"@id\":\"https:\/\/plastika-mares.hr\/#\/schema\/logo\/image\/\"}}]}<\/script>\n<!-- \/ Yoast SEO Premium plugin. -->","yoast_head_json":{"title":"Kontakt - Alatnica i Plastika Mare\u0161","robots":{"index":"index","follow":"follow","max-snippet":"max-snippet:-1","max-image-preview":"max-image-preview:large","max-video-preview":"max-video-preview:-1"},"canonical":"https:\/\/plastika-mares.hr\/kontakt\/","og_locale":"sl_SI","og_type":"article","og_title":"Kontakt","og_description":"Po\u0161ljite nam povpra\u0161evanje &#8211; Veleprodaja \u0160tefanovi\u0107eva 710370 Dugo SeloTel: +385 1 2755 341E-mail: info@plastika-mares.hr Veleprodaja Zvonimir Bukvi\u0107, vodja prodajeMob: +385 99 2755 344E-mail:&nbsp;info@plastika-mares.hr Ra\u010dunovodstvo Melita PrgometMob: +385 98 1932 394E-mail: melita@plastika-mares.hr Ivana Mare\u0161Mob: +385 99 2755 343E-mail: ivana@plastika-mares.hr IBAN: HR4523600001100766715SWIFT: ZABAHR2XPDV ID: HR20013699305OIB: 20013699305 Vodja klju\u010dnih strank Mihovil Matai\u0107Mob: +385 99 2755 340E-mail: prodaja@plastika-mares.hr Proizvodnja [&hellip;]","og_url":"https:\/\/plastika-mares.hr\/kontakt\/","og_site_name":"Alatnica i Plastika Mare\u0161","article_modified_time":"2026-04-11T16:26:02+00:00","twitter_card":"summary_large_image","twitter_misc":{"Est. reading time":"1 minuta"},"schema":{"@context":"https:\/\/schema.org","@graph":[{"@type":"WebPage","@id":"https:\/\/plastika-mares.hr\/kontakt\/","url":"https:\/\/plastika-mares.hr\/kontakt\/","name":"Kontakt - Alatnica i Plastika Mare\u0161","isPartOf":{"@id":"https:\/\/plastika-mares.hr\/#website"},"datePublished":"2023-02-25T13:23:50+00:00","dateModified":"2026-04-11T16:26:02+00:00","breadcrumb":{"@id":"https:\/\/plastika-mares.hr\/kontakt\/#breadcrumb"},"inLanguage":"sl-SI","potentialAction":[{"@type":"ReadAction","target":["https:\/\/plastika-mares.hr\/kontakt\/"]}]},{"@type":"BreadcrumbList","@id":"https:\/\/plastika-mares.hr\/kontakt\/#breadcrumb","itemListElement":[{"@type":"ListItem","position":1,"name":"Po\u010detna stranica","item":"https:\/\/plastika-mares.hr\/sl\/"},{"@type":"ListItem","position":2,"name":"Kontakt"}]},{"@type":"WebSite","@id":"https:\/\/plastika-mares.hr\/#website","url":"https:\/\/plastika-mares.hr\/","name":"Alatnica i Plastika Mare\u0161","description":"Proizvodnja i Veleprodaja plastike","publisher":{"@id":"https:\/\/plastika-mares.hr\/#organization"},"potentialAction":[{"@type":"SearchAction","target":{"@type":"EntryPoint","urlTemplate":"https:\/\/plastika-mares.hr\/?s={search_term_string}"},"query-input":"required name=search_term_string"}],"inLanguage":"sl-SI"},{"@type":"Organization","@id":"https:\/\/plastika-mares.hr\/#organization","name":"Alatnica i Plastika Mare\u0161","url":"https:\/\/plastika-mares.hr\/","logo":{"@type":"ImageObject","inLanguage":"sl-SI","@id":"https:\/\/plastika-mares.hr\/#\/schema\/logo\/image\/","url":"https:\/\/plastika-mares.hr\/wp-content\/uploads\/2023\/02\/logo.svg","contentUrl":"https:\/\/plastika-mares.hr\/wp-content\/uploads\/2023\/02\/logo.svg","caption":"Alatnica i Plastika Mare\u0161"},"image":{"@id":"https:\/\/plastika-mares.hr\/#\/schema\/logo\/image\/"}}]}},"_links":{"self":[{"href":"https:\/\/plastika-mares.hr\/sl\/wp-json\/wp\/v2\/pages\/2046","targetHints":{"allow":["GET"]}}],"collection":[{"href":"https:\/\/plastika-mares.hr\/sl\/wp-json\/wp\/v2\/pages"}],"about":[{"href":"https:\/\/plastika-mares.hr\/sl\/wp-json\/wp\/v2\/types\/page"}],"author":[{"embeddable":true,"href":"https:\/\/plastika-mares.hr\/sl\/wp-json\/wp\/v2\/users\/1"}],"replies":[{"embeddable":true,"href":"https:\/\/plastika-mares.hr\/sl\/wp-json\/wp\/v2\/comments?post=2046"}],"version-history":[{"count":11,"href":"https:\/\/plastika-mares.hr\/sl\/wp-json\/wp\/v2\/pages\/2046\/revisions"}],"predecessor-version":[{"id":5415,"href":"https:\/\/plastika-mares.hr\/sl\/wp-json\/wp\/v2\/pages\/2046\/revisions\/5415"}],"wp:attachment":[{"href":"https:\/\/plastika-mares.hr\/sl\/wp-json\/wp\/v2\/media?parent=2046"}],"curies":[{"name":"wp","href":"https:\/\/api.w.org\/{rel}","templated":true}]}}