{"id":4879,"date":"2025-01-07T14:38:15","date_gmt":"2025-01-07T13:38:15","guid":{"rendered":"https:\/\/plastika-mares.hr\/?post_type=product&#038;p=4879"},"modified":"2025-12-15T18:37:32","modified_gmt":"2025-12-15T17:37:32","slug":"zardinjera-za-balkon-lucija","status":"publish","type":"product","link":"https:\/\/plastika-mares.hr\/en\/product\/zardinjera-za-balkon-lucija\/","title":{"rendered":"\u017dardinjera za balkon LUCIJA"},"content":{"rendered":"","protected":false},"excerpt":{"rendered":"<p>\u017dardinjera za balkon Lucija svojim dizajnom i bojama prati moderne trendove u arhitekturi i oblikovanju doma. Promi\u0161ljenim dizajnom osigurana je stabilnost \u017eardinjere a oja\u010danim rubom onemogu\u0107ena je deformacija \u010dak i pod maksimalnim optere\u0107enjem te\u017eine zemlje. <\/p>\n<div class=\"divTable whiteTable\">\n<div class=\"divTableBody\">\n<div class=\"divTableRow\">\n<div class=\"divTableCell\"><strong>Naziv<\/strong><\/div>\n<div class=\"divTableCell\"><strong>Du\u017eina<\/strong><\/div>\n<div class=\"divTableCell\"><strong>\u0160irina<\/strong><\/div>\n<div class=\"divTableCell\"><strong>Visina<\/strong><\/div>\n<\/div>\n<div class=\"divTableRow\">\n<div class=\"divTableCell\"><strong>\u017dardinjera za balkon LUCIJA<\/strong><\/div>\n<div class=\"divTableCell\">60 cm<\/div>\n<div class=\"divTableCell\">29 cm<\/div>\n<div class=\"divTableCell\">24 cm<\/div>\n<\/div>\n<\/div>\n<\/div>\n","protected":false},"featured_media":4935,"template":"","meta":{"_acf_changed":false},"product_brand":[],"product_cat":[16,279],"product_tag":[],"class_list":{"0":"post-4879","1":"product","2":"type-product","3":"status-publish","4":"has-post-thumbnail","6":"product_cat-cvjetni-program","7":"product_cat-zardinjera-za-balkon-lucija","9":"first","10":"instock","11":"shipping-taxable","12":"purchasable","13":"product-type-variable","14":"wvs-archive-product-wrapper"},"acf":[],"yoast_head":"<!-- This site is optimized with the Yoast SEO Premium plugin v22.5 (Yoast SEO v22.5) - https:\/\/yoast.com\/wordpress\/plugins\/seo\/ -->\n<title>\u017dardinjera za balkon LUCIJA - Alatnica i Plastika Mare\u0161<\/title>\n<meta name=\"robots\" content=\"index, follow, max-snippet:-1, max-image-preview:large, max-video-preview:-1\" \/>\n<link rel=\"canonical\" href=\"https:\/\/plastika-mares.hr\/proizvod\/zardinjera-za-balkon-lucija\/\" \/>\n<meta property=\"og:locale\" content=\"en_US\" \/>\n<meta property=\"og:type\" content=\"article\" \/>\n<meta property=\"og:title\" content=\"\u017dardinjera za balkon LUCIJA\" \/>\n<meta property=\"og:description\" content=\"\u017dardinjera za balkon Lucija svojim dizajnom i bojama prati moderne trendove u arhitekturi i oblikovanju doma. Promi\u0161ljenim dizajnom osigurana je stabilnost \u017eardinjere a oja\u010danim rubom onemogu\u0107ena je deformacija \u010dak i pod maksimalnim optere\u0107enjem te\u017eine zemlje.      Naziv Du\u017eina \u0160irina Visina   \u017dardinjera za balkon LUCIJA 60 cm 29 cm 24 cm\" \/>\n<meta property=\"og:url\" content=\"https:\/\/plastika-mares.hr\/proizvod\/zardinjera-za-balkon-lucija\/\" \/>\n<meta property=\"og:site_name\" content=\"Alatnica i Plastika Mare\u0161\" \/>\n<meta property=\"article:modified_time\" content=\"2025-12-15T17:37:32+00:00\" \/>\n<meta property=\"og:image\" content=\"https:\/\/plastika-mares.hr\/wp-content\/uploads\/2025\/01\/zardinjera-balkon-lucija-sedef-crna.png\" \/>\n\t<meta property=\"og:image:width\" content=\"1200\" \/>\n\t<meta property=\"og:image:height\" content=\"1200\" \/>\n\t<meta property=\"og:image:type\" content=\"image\/png\" \/>\n<meta name=\"twitter:card\" content=\"summary_large_image\" \/>\n<meta name=\"twitter:label1\" content=\"Est. reading time\" \/>\n\t<meta name=\"twitter:data1\" content=\"1 minute\" \/>\n<script type=\"application\/ld+json\" class=\"yoast-schema-graph\">{\"@context\":\"https:\/\/schema.org\",\"@graph\":[{\"@type\":\"WebPage\",\"@id\":\"https:\/\/plastika-mares.hr\/proizvod\/zardinjera-za-balkon-lucija\/\",\"url\":\"https:\/\/plastika-mares.hr\/proizvod\/zardinjera-za-balkon-lucija\/\",\"name\":\"\u017dardinjera za balkon LUCIJA - Alatnica i Plastika Mare\u0161\",\"isPartOf\":{\"@id\":\"https:\/\/plastika-mares.hr\/#website\"},\"primaryImageOfPage\":{\"@id\":\"https:\/\/plastika-mares.hr\/proizvod\/zardinjera-za-balkon-lucija\/#primaryimage\"},\"image\":{\"@id\":\"https:\/\/plastika-mares.hr\/proizvod\/zardinjera-za-balkon-lucija\/#primaryimage\"},\"thumbnailUrl\":\"https:\/\/plastika-mares.hr\/wp-content\/uploads\/2025\/01\/zardinjera-balkon-lucija-sedef-crna.png\",\"datePublished\":\"2025-01-07T13:38:15+00:00\",\"dateModified\":\"2025-12-15T17:37:32+00:00\",\"breadcrumb\":{\"@id\":\"https:\/\/plastika-mares.hr\/proizvod\/zardinjera-za-balkon-lucija\/#breadcrumb\"},\"inLanguage\":\"en-US\",\"potentialAction\":[{\"@type\":\"ReadAction\",\"target\":[\"https:\/\/plastika-mares.hr\/proizvod\/zardinjera-za-balkon-lucija\/\"]}]},{\"@type\":\"ImageObject\",\"inLanguage\":\"en-US\",\"@id\":\"https:\/\/plastika-mares.hr\/proizvod\/zardinjera-za-balkon-lucija\/#primaryimage\",\"url\":\"https:\/\/plastika-mares.hr\/wp-content\/uploads\/2025\/01\/zardinjera-balkon-lucija-sedef-crna.png\",\"contentUrl\":\"https:\/\/plastika-mares.hr\/wp-content\/uploads\/2025\/01\/zardinjera-balkon-lucija-sedef-crna.png\",\"width\":1200,\"height\":1200},{\"@type\":\"BreadcrumbList\",\"@id\":\"https:\/\/plastika-mares.hr\/proizvod\/zardinjera-za-balkon-lucija\/#breadcrumb\",\"itemListElement\":[{\"@type\":\"ListItem\",\"position\":1,\"name\":\"Po\u010detna stranica\",\"item\":\"https:\/\/plastika-mares.hr\/en\/home\/\"},{\"@type\":\"ListItem\",\"position\":2,\"name\":\"Wholesale\",\"item\":\"https:\/\/plastika-mares.hr\/en\/wholesale\/\"},{\"@type\":\"ListItem\",\"position\":3,\"name\":\"Cvjetni program\",\"item\":\"https:\/\/plastika-mares.hr\/kategorija-proizvoda\/cvjetni-program\/\"},{\"@type\":\"ListItem\",\"position\":4,\"name\":\"\u017dardinjera za balkon LUCIJA\"}]},{\"@type\":\"WebSite\",\"@id\":\"https:\/\/plastika-mares.hr\/#website\",\"url\":\"https:\/\/plastika-mares.hr\/\",\"name\":\"Alatnica i Plastika Mare\u0161\",\"description\":\"Proizvodnja i Veleprodaja plastike\",\"publisher\":{\"@id\":\"https:\/\/plastika-mares.hr\/#organization\"},\"potentialAction\":[{\"@type\":\"SearchAction\",\"target\":{\"@type\":\"EntryPoint\",\"urlTemplate\":\"https:\/\/plastika-mares.hr\/?s={search_term_string}\"},\"query-input\":\"required name=search_term_string\"}],\"inLanguage\":\"en-US\"},{\"@type\":\"Organization\",\"@id\":\"https:\/\/plastika-mares.hr\/#organization\",\"name\":\"Alatnica i Plastika Mare\u0161\",\"url\":\"https:\/\/plastika-mares.hr\/\",\"logo\":{\"@type\":\"ImageObject\",\"inLanguage\":\"en-US\",\"@id\":\"https:\/\/plastika-mares.hr\/#\/schema\/logo\/image\/\",\"url\":\"https:\/\/plastika-mares.hr\/wp-content\/uploads\/2023\/02\/logo.svg\",\"contentUrl\":\"https:\/\/plastika-mares.hr\/wp-content\/uploads\/2023\/02\/logo.svg\",\"caption\":\"Alatnica i Plastika Mare\u0161\"},\"image\":{\"@id\":\"https:\/\/plastika-mares.hr\/#\/schema\/logo\/image\/\"}}]}<\/script>\n<!-- \/ Yoast SEO Premium plugin. -->","yoast_head_json":{"title":"\u017dardinjera za balkon LUCIJA - Alatnica i Plastika Mare\u0161","robots":{"index":"index","follow":"follow","max-snippet":"max-snippet:-1","max-image-preview":"max-image-preview:large","max-video-preview":"max-video-preview:-1"},"canonical":"https:\/\/plastika-mares.hr\/proizvod\/zardinjera-za-balkon-lucija\/","og_locale":"en_US","og_type":"article","og_title":"\u017dardinjera za balkon LUCIJA","og_description":"\u017dardinjera za balkon Lucija svojim dizajnom i bojama prati moderne trendove u arhitekturi i oblikovanju doma. Promi\u0161ljenim dizajnom osigurana je stabilnost \u017eardinjere a oja\u010danim rubom onemogu\u0107ena je deformacija \u010dak i pod maksimalnim optere\u0107enjem te\u017eine zemlje.      Naziv Du\u017eina \u0160irina Visina   \u017dardinjera za balkon LUCIJA 60 cm 29 cm 24 cm","og_url":"https:\/\/plastika-mares.hr\/proizvod\/zardinjera-za-balkon-lucija\/","og_site_name":"Alatnica i Plastika Mare\u0161","article_modified_time":"2025-12-15T17:37:32+00:00","og_image":[{"width":1200,"height":1200,"url":"https:\/\/plastika-mares.hr\/wp-content\/uploads\/2025\/01\/zardinjera-balkon-lucija-sedef-crna.png","type":"image\/png"}],"twitter_card":"summary_large_image","twitter_misc":{"Est. reading time":"1 minute"},"schema":{"@context":"https:\/\/schema.org","@graph":[{"@type":"WebPage","@id":"https:\/\/plastika-mares.hr\/proizvod\/zardinjera-za-balkon-lucija\/","url":"https:\/\/plastika-mares.hr\/proizvod\/zardinjera-za-balkon-lucija\/","name":"\u017dardinjera za balkon LUCIJA - Alatnica i Plastika Mare\u0161","isPartOf":{"@id":"https:\/\/plastika-mares.hr\/#website"},"primaryImageOfPage":{"@id":"https:\/\/plastika-mares.hr\/proizvod\/zardinjera-za-balkon-lucija\/#primaryimage"},"image":{"@id":"https:\/\/plastika-mares.hr\/proizvod\/zardinjera-za-balkon-lucija\/#primaryimage"},"thumbnailUrl":"https:\/\/plastika-mares.hr\/wp-content\/uploads\/2025\/01\/zardinjera-balkon-lucija-sedef-crna.png","datePublished":"2025-01-07T13:38:15+00:00","dateModified":"2025-12-15T17:37:32+00:00","breadcrumb":{"@id":"https:\/\/plastika-mares.hr\/proizvod\/zardinjera-za-balkon-lucija\/#breadcrumb"},"inLanguage":"en-US","potentialAction":[{"@type":"ReadAction","target":["https:\/\/plastika-mares.hr\/proizvod\/zardinjera-za-balkon-lucija\/"]}]},{"@type":"ImageObject","inLanguage":"en-US","@id":"https:\/\/plastika-mares.hr\/proizvod\/zardinjera-za-balkon-lucija\/#primaryimage","url":"https:\/\/plastika-mares.hr\/wp-content\/uploads\/2025\/01\/zardinjera-balkon-lucija-sedef-crna.png","contentUrl":"https:\/\/plastika-mares.hr\/wp-content\/uploads\/2025\/01\/zardinjera-balkon-lucija-sedef-crna.png","width":1200,"height":1200},{"@type":"BreadcrumbList","@id":"https:\/\/plastika-mares.hr\/proizvod\/zardinjera-za-balkon-lucija\/#breadcrumb","itemListElement":[{"@type":"ListItem","position":1,"name":"Po\u010detna stranica","item":"https:\/\/plastika-mares.hr\/en\/home\/"},{"@type":"ListItem","position":2,"name":"Wholesale","item":"https:\/\/plastika-mares.hr\/en\/wholesale\/"},{"@type":"ListItem","position":3,"name":"Cvjetni program","item":"https:\/\/plastika-mares.hr\/kategorija-proizvoda\/cvjetni-program\/"},{"@type":"ListItem","position":4,"name":"\u017dardinjera za balkon LUCIJA"}]},{"@type":"WebSite","@id":"https:\/\/plastika-mares.hr\/#website","url":"https:\/\/plastika-mares.hr\/","name":"Alatnica i Plastika Mare\u0161","description":"Proizvodnja i Veleprodaja plastike","publisher":{"@id":"https:\/\/plastika-mares.hr\/#organization"},"potentialAction":[{"@type":"SearchAction","target":{"@type":"EntryPoint","urlTemplate":"https:\/\/plastika-mares.hr\/?s={search_term_string}"},"query-input":"required name=search_term_string"}],"inLanguage":"en-US"},{"@type":"Organization","@id":"https:\/\/plastika-mares.hr\/#organization","name":"Alatnica i Plastika Mare\u0161","url":"https:\/\/plastika-mares.hr\/","logo":{"@type":"ImageObject","inLanguage":"en-US","@id":"https:\/\/plastika-mares.hr\/#\/schema\/logo\/image\/","url":"https:\/\/plastika-mares.hr\/wp-content\/uploads\/2023\/02\/logo.svg","contentUrl":"https:\/\/plastika-mares.hr\/wp-content\/uploads\/2023\/02\/logo.svg","caption":"Alatnica i Plastika Mare\u0161"},"image":{"@id":"https:\/\/plastika-mares.hr\/#\/schema\/logo\/image\/"}}]}},"_links":{"self":[{"href":"https:\/\/plastika-mares.hr\/en\/wp-json\/wp\/v2\/product\/4879","targetHints":{"allow":["GET"]}}],"collection":[{"href":"https:\/\/plastika-mares.hr\/en\/wp-json\/wp\/v2\/product"}],"about":[{"href":"https:\/\/plastika-mares.hr\/en\/wp-json\/wp\/v2\/types\/product"}],"wp:featuredmedia":[{"embeddable":true,"href":"https:\/\/plastika-mares.hr\/en\/wp-json\/wp\/v2\/media\/4935"}],"wp:attachment":[{"href":"https:\/\/plastika-mares.hr\/en\/wp-json\/wp\/v2\/media?parent=4879"}],"wp:term":[{"taxonomy":"product_brand","embeddable":true,"href":"https:\/\/plastika-mares.hr\/en\/wp-json\/wp\/v2\/product_brand?post=4879"},{"taxonomy":"product_cat","embeddable":true,"href":"https:\/\/plastika-mares.hr\/en\/wp-json\/wp\/v2\/product_cat?post=4879"},{"taxonomy":"product_tag","embeddable":true,"href":"https:\/\/plastika-mares.hr\/en\/wp-json\/wp\/v2\/product_tag?post=4879"}],"curies":[{"name":"wp","href":"https:\/\/api.w.org\/{rel}","templated":true}]}}