{"id":4285,"date":"2023-08-31T14:12:14","date_gmt":"2023-08-31T12:12:14","guid":{"rendered":"https:\/\/plastika-mares.hr\/?post_type=product&#038;p=4285"},"modified":"2025-12-15T18:36:24","modified_gmt":"2025-12-15T17:36:24","slug":"kanta-s-bazdarom-12l","status":"publish","type":"product","link":"https:\/\/plastika-mares.hr\/en\/product\/kanta-s-bazdarom-12l\/","title":{"rendered":"Kanta s ba\u017edarom 12L"},"content":{"rendered":"","protected":false},"excerpt":{"rendered":"<p><a href=\"https:\/\/strojopromet-webshop.com\/proizvod\/o-ring-9x1-5\">Kanta s ba\u017edarom 12L &#8211; jednostavna, prakti\u010dna i fleksibilna kanta tradicionalnog dizajna. Ba\u017edar omogu\u0107uje mjerenje koli\u010dine teku\u0107ine u kanti.<\/a><\/p>\n","protected":false},"featured_media":5283,"template":"","meta":{"_acf_changed":false},"product_brand":[],"product_cat":[55],"product_tag":[],"class_list":{"0":"post-4285","1":"product","2":"type-product","3":"status-publish","4":"has-post-thumbnail","6":"product_cat-gradevinarstvo","8":"first","9":"instock","10":"shipping-taxable","11":"purchasable","12":"product-type-simple"},"acf":[],"yoast_head":"<!-- This site is optimized with the Yoast SEO Premium plugin v22.5 (Yoast SEO v22.5) - https:\/\/yoast.com\/wordpress\/plugins\/seo\/ -->\n<title>Kanta s ba\u017edarom 12L - Alatnica i Plastika Mare\u0161<\/title>\n<meta name=\"description\" content=\"Kanta s ba\u017edarom 12L - jednostavna, prakti\u010dna i fleksibilna kanta tradicionalnog dizajna. Ba\u017edar omogu\u0107uje mjerenje koli\u010dine teku\u0107ine u kanti.\" \/>\n<meta name=\"robots\" content=\"index, follow, max-snippet:-1, max-image-preview:large, max-video-preview:-1\" \/>\n<link rel=\"canonical\" href=\"https:\/\/plastika-mares.hr\/proizvod\/kanta-s-bazdarom-12l\/\" \/>\n<meta property=\"og:locale\" content=\"en_US\" \/>\n<meta property=\"og:type\" content=\"article\" \/>\n<meta property=\"og:title\" content=\"Kanta s ba\u017edarom 12L\" \/>\n<meta property=\"og:description\" content=\"Kanta s ba\u017edarom 12L - jednostavna, prakti\u010dna i fleksibilna kanta tradicionalnog dizajna. Ba\u017edar omogu\u0107uje mjerenje koli\u010dine teku\u0107ine u kanti.\" \/>\n<meta property=\"og:url\" content=\"https:\/\/plastika-mares.hr\/proizvod\/kanta-s-bazdarom-12l\/\" \/>\n<meta property=\"og:site_name\" content=\"Alatnica i Plastika Mare\u0161\" \/>\n<meta property=\"article:modified_time\" content=\"2025-12-15T17:36:24+00:00\" \/>\n<meta name=\"twitter:card\" content=\"summary_large_image\" \/>\n<meta name=\"twitter:title\" content=\"Kanta s ba\u017edarom 12L\" \/>\n<meta name=\"twitter:image\" content=\"https:\/\/plastika-mares.hr\/wp-content\/uploads\/2023\/08\/Kanta-12-L-s-bazdarom-crna.png\" \/>\n<script type=\"application\/ld+json\" class=\"yoast-schema-graph\">{\"@context\":\"https:\/\/schema.org\",\"@graph\":[{\"@type\":\"WebPage\",\"@id\":\"https:\/\/plastika-mares.hr\/proizvod\/kanta-s-bazdarom-12l\/\",\"url\":\"https:\/\/plastika-mares.hr\/proizvod\/kanta-s-bazdarom-12l\/\",\"name\":\"Kanta s ba\u017edarom 12L - Alatnica i Plastika Mare\u0161\",\"isPartOf\":{\"@id\":\"https:\/\/plastika-mares.hr\/#website\"},\"primaryImageOfPage\":{\"@id\":\"https:\/\/plastika-mares.hr\/proizvod\/kanta-s-bazdarom-12l\/#primaryimage\"},\"image\":{\"@id\":\"https:\/\/plastika-mares.hr\/proizvod\/kanta-s-bazdarom-12l\/#primaryimage\"},\"thumbnailUrl\":\"https:\/\/plastika-mares.hr\/wp-content\/uploads\/2023\/08\/Kanta-12-L-s-bazdarom-crna.png\",\"datePublished\":\"2023-08-31T12:12:14+00:00\",\"dateModified\":\"2025-12-15T17:36:24+00:00\",\"description\":\"Kanta s ba\u017edarom 12L - jednostavna, prakti\u010dna i fleksibilna kanta tradicionalnog dizajna. Ba\u017edar omogu\u0107uje mjerenje koli\u010dine teku\u0107ine u kanti.\",\"breadcrumb\":{\"@id\":\"https:\/\/plastika-mares.hr\/proizvod\/kanta-s-bazdarom-12l\/#breadcrumb\"},\"inLanguage\":\"en-US\",\"potentialAction\":[{\"@type\":\"ReadAction\",\"target\":[\"https:\/\/plastika-mares.hr\/proizvod\/kanta-s-bazdarom-12l\/\"]}]},{\"@type\":\"ImageObject\",\"inLanguage\":\"en-US\",\"@id\":\"https:\/\/plastika-mares.hr\/proizvod\/kanta-s-bazdarom-12l\/#primaryimage\",\"url\":\"https:\/\/plastika-mares.hr\/wp-content\/uploads\/2023\/08\/Kanta-12-L-s-bazdarom-crna.png\",\"contentUrl\":\"https:\/\/plastika-mares.hr\/wp-content\/uploads\/2023\/08\/Kanta-12-L-s-bazdarom-crna.png\",\"width\":1200,\"height\":1200},{\"@type\":\"BreadcrumbList\",\"@id\":\"https:\/\/plastika-mares.hr\/proizvod\/kanta-s-bazdarom-12l\/#breadcrumb\",\"itemListElement\":[{\"@type\":\"ListItem\",\"position\":1,\"name\":\"Po\u010detna stranica\",\"item\":\"https:\/\/plastika-mares.hr\/en\/home\/\"},{\"@type\":\"ListItem\",\"position\":2,\"name\":\"Wholesale\",\"item\":\"https:\/\/plastika-mares.hr\/en\/wholesale\/\"},{\"@type\":\"ListItem\",\"position\":3,\"name\":\"Gra\u0111evinarstvo\",\"item\":\"https:\/\/plastika-mares.hr\/kategorija-proizvoda\/gradevinarstvo\/\"},{\"@type\":\"ListItem\",\"position\":4,\"name\":\"Kanta s ba\u017edarom 12L\"}]},{\"@type\":\"WebSite\",\"@id\":\"https:\/\/plastika-mares.hr\/#website\",\"url\":\"https:\/\/plastika-mares.hr\/\",\"name\":\"Alatnica i Plastika Mare\u0161\",\"description\":\"Proizvodnja i Veleprodaja plastike\",\"publisher\":{\"@id\":\"https:\/\/plastika-mares.hr\/#organization\"},\"potentialAction\":[{\"@type\":\"SearchAction\",\"target\":{\"@type\":\"EntryPoint\",\"urlTemplate\":\"https:\/\/plastika-mares.hr\/?s={search_term_string}\"},\"query-input\":\"required name=search_term_string\"}],\"inLanguage\":\"en-US\"},{\"@type\":\"Organization\",\"@id\":\"https:\/\/plastika-mares.hr\/#organization\",\"name\":\"Alatnica i Plastika Mare\u0161\",\"url\":\"https:\/\/plastika-mares.hr\/\",\"logo\":{\"@type\":\"ImageObject\",\"inLanguage\":\"en-US\",\"@id\":\"https:\/\/plastika-mares.hr\/#\/schema\/logo\/image\/\",\"url\":\"https:\/\/plastika-mares.hr\/wp-content\/uploads\/2023\/02\/logo.svg\",\"contentUrl\":\"https:\/\/plastika-mares.hr\/wp-content\/uploads\/2023\/02\/logo.svg\",\"caption\":\"Alatnica i Plastika Mare\u0161\"},\"image\":{\"@id\":\"https:\/\/plastika-mares.hr\/#\/schema\/logo\/image\/\"}}]}<\/script>\n<!-- \/ Yoast SEO Premium plugin. -->","yoast_head_json":{"title":"Kanta s ba\u017edarom 12L - Alatnica i Plastika Mare\u0161","description":"Kanta s ba\u017edarom 12L - jednostavna, prakti\u010dna i fleksibilna kanta tradicionalnog dizajna. Ba\u017edar omogu\u0107uje mjerenje koli\u010dine teku\u0107ine u kanti.","robots":{"index":"index","follow":"follow","max-snippet":"max-snippet:-1","max-image-preview":"max-image-preview:large","max-video-preview":"max-video-preview:-1"},"canonical":"https:\/\/plastika-mares.hr\/proizvod\/kanta-s-bazdarom-12l\/","og_locale":"en_US","og_type":"article","og_title":"Kanta s ba\u017edarom 12L","og_description":"Kanta s ba\u017edarom 12L - jednostavna, prakti\u010dna i fleksibilna kanta tradicionalnog dizajna. Ba\u017edar omogu\u0107uje mjerenje koli\u010dine teku\u0107ine u kanti.","og_url":"https:\/\/plastika-mares.hr\/proizvod\/kanta-s-bazdarom-12l\/","og_site_name":"Alatnica i Plastika Mare\u0161","article_modified_time":"2025-12-15T17:36:24+00:00","twitter_card":"summary_large_image","twitter_title":"Kanta s ba\u017edarom 12L","twitter_image":"https:\/\/plastika-mares.hr\/wp-content\/uploads\/2023\/08\/Kanta-12-L-s-bazdarom-crna.png","schema":{"@context":"https:\/\/schema.org","@graph":[{"@type":"WebPage","@id":"https:\/\/plastika-mares.hr\/proizvod\/kanta-s-bazdarom-12l\/","url":"https:\/\/plastika-mares.hr\/proizvod\/kanta-s-bazdarom-12l\/","name":"Kanta s ba\u017edarom 12L - Alatnica i Plastika Mare\u0161","isPartOf":{"@id":"https:\/\/plastika-mares.hr\/#website"},"primaryImageOfPage":{"@id":"https:\/\/plastika-mares.hr\/proizvod\/kanta-s-bazdarom-12l\/#primaryimage"},"image":{"@id":"https:\/\/plastika-mares.hr\/proizvod\/kanta-s-bazdarom-12l\/#primaryimage"},"thumbnailUrl":"https:\/\/plastika-mares.hr\/wp-content\/uploads\/2023\/08\/Kanta-12-L-s-bazdarom-crna.png","datePublished":"2023-08-31T12:12:14+00:00","dateModified":"2025-12-15T17:36:24+00:00","description":"Kanta s ba\u017edarom 12L - jednostavna, prakti\u010dna i fleksibilna kanta tradicionalnog dizajna. Ba\u017edar omogu\u0107uje mjerenje koli\u010dine teku\u0107ine u kanti.","breadcrumb":{"@id":"https:\/\/plastika-mares.hr\/proizvod\/kanta-s-bazdarom-12l\/#breadcrumb"},"inLanguage":"en-US","potentialAction":[{"@type":"ReadAction","target":["https:\/\/plastika-mares.hr\/proizvod\/kanta-s-bazdarom-12l\/"]}]},{"@type":"ImageObject","inLanguage":"en-US","@id":"https:\/\/plastika-mares.hr\/proizvod\/kanta-s-bazdarom-12l\/#primaryimage","url":"https:\/\/plastika-mares.hr\/wp-content\/uploads\/2023\/08\/Kanta-12-L-s-bazdarom-crna.png","contentUrl":"https:\/\/plastika-mares.hr\/wp-content\/uploads\/2023\/08\/Kanta-12-L-s-bazdarom-crna.png","width":1200,"height":1200},{"@type":"BreadcrumbList","@id":"https:\/\/plastika-mares.hr\/proizvod\/kanta-s-bazdarom-12l\/#breadcrumb","itemListElement":[{"@type":"ListItem","position":1,"name":"Po\u010detna stranica","item":"https:\/\/plastika-mares.hr\/en\/home\/"},{"@type":"ListItem","position":2,"name":"Wholesale","item":"https:\/\/plastika-mares.hr\/en\/wholesale\/"},{"@type":"ListItem","position":3,"name":"Gra\u0111evinarstvo","item":"https:\/\/plastika-mares.hr\/kategorija-proizvoda\/gradevinarstvo\/"},{"@type":"ListItem","position":4,"name":"Kanta s ba\u017edarom 12L"}]},{"@type":"WebSite","@id":"https:\/\/plastika-mares.hr\/#website","url":"https:\/\/plastika-mares.hr\/","name":"Alatnica i Plastika Mare\u0161","description":"Proizvodnja i Veleprodaja plastike","publisher":{"@id":"https:\/\/plastika-mares.hr\/#organization"},"potentialAction":[{"@type":"SearchAction","target":{"@type":"EntryPoint","urlTemplate":"https:\/\/plastika-mares.hr\/?s={search_term_string}"},"query-input":"required name=search_term_string"}],"inLanguage":"en-US"},{"@type":"Organization","@id":"https:\/\/plastika-mares.hr\/#organization","name":"Alatnica i Plastika Mare\u0161","url":"https:\/\/plastika-mares.hr\/","logo":{"@type":"ImageObject","inLanguage":"en-US","@id":"https:\/\/plastika-mares.hr\/#\/schema\/logo\/image\/","url":"https:\/\/plastika-mares.hr\/wp-content\/uploads\/2023\/02\/logo.svg","contentUrl":"https:\/\/plastika-mares.hr\/wp-content\/uploads\/2023\/02\/logo.svg","caption":"Alatnica i Plastika Mare\u0161"},"image":{"@id":"https:\/\/plastika-mares.hr\/#\/schema\/logo\/image\/"}}]}},"_links":{"self":[{"href":"https:\/\/plastika-mares.hr\/en\/wp-json\/wp\/v2\/product\/4285","targetHints":{"allow":["GET"]}}],"collection":[{"href":"https:\/\/plastika-mares.hr\/en\/wp-json\/wp\/v2\/product"}],"about":[{"href":"https:\/\/plastika-mares.hr\/en\/wp-json\/wp\/v2\/types\/product"}],"wp:featuredmedia":[{"embeddable":true,"href":"https:\/\/plastika-mares.hr\/en\/wp-json\/wp\/v2\/media\/5283"}],"wp:attachment":[{"href":"https:\/\/plastika-mares.hr\/en\/wp-json\/wp\/v2\/media?parent=4285"}],"wp:term":[{"taxonomy":"product_brand","embeddable":true,"href":"https:\/\/plastika-mares.hr\/en\/wp-json\/wp\/v2\/product_brand?post=4285"},{"taxonomy":"product_cat","embeddable":true,"href":"https:\/\/plastika-mares.hr\/en\/wp-json\/wp\/v2\/product_cat?post=4285"},{"taxonomy":"product_tag","embeddable":true,"href":"https:\/\/plastika-mares.hr\/en\/wp-json\/wp\/v2\/product_tag?post=4285"}],"curies":[{"name":"wp","href":"https:\/\/api.w.org\/{rel}","templated":true}]}}